{"id":12459,"date":"2025-02-27T16:12:05","date_gmt":"2025-02-27T15:12:05","guid":{"rendered":"https:\/\/saate.es\/tabique-pluvial-con-placa-ultraflex-saate\/"},"modified":"2025-03-20T11:44:02","modified_gmt":"2025-03-20T10:44:02","slug":"tabique-pluvial-con-placa-ultraflex-saate","status":"publish","type":"page","link":"https:\/\/saate.es\/ca\/sistemes\/enva-pluvial\/placa-ultraflex-saate\/","title":{"rendered":"Env\u00e0 Pluvial amb Placa UltraFlex-SAATE"},"content":{"rendered":"<p>[et_pb_section fb_built=&#8221;1&#8243; _builder_version=&#8221;4.16&#8243; global_colors_info=&#8221;{}&#8221;][et_pb_row column_structure=&#8221;1_2,1_2&#8243; _builder_version=&#8221;4.16&#8243; background_size=&#8221;initial&#8221; background_position=&#8221;top_left&#8221; background_repeat=&#8221;repeat&#8221; global_colors_info=&#8221;{}&#8221;][et_pb_column type=&#8221;1_2&#8243; _builder_version=&#8221;4.16&#8243; custom_padding=&#8221;|||&#8221; global_colors_info=&#8221;{}&#8221; custom_padding__hover=&#8221;|||&#8221;][et_pb_image src=&#8221;https:\/\/saate.es\/wp-content\/uploads\/2025\/03\/ultraflex-1.jpg&#8221; title_text=&#8221;ultraflex&#8221; align_tablet=&#8221;center&#8221; align_phone=&#8221;center&#8221; align_last_edited=&#8221;on|desktop&#8221; disabled_on=&#8221;on|off|off&#8221; module_class=&#8221;imatgesColumnaEsquerra&#8221; _builder_version=&#8221;4.27.4&#8243; global_colors_info=&#8221;{}&#8221;][\/et_pb_image][et_pb_image src=&#8221;https:\/\/saate.es\/wp-content\/uploads\/2025\/03\/UltraFlex-SAATE.jpg&#8221; title_text=&#8221;UltraFlex SAATE&#8221; align_tablet=&#8221;center&#8221; align_phone=&#8221;center&#8221; align_last_edited=&#8221;on|desktop&#8221; disabled_on=&#8221;off|off|off&#8221; module_class=&#8221;imatgesColumnaEsquerra&#8221; _builder_version=&#8221;4.27.4&#8243; global_colors_info=&#8221;{}&#8221;][\/et_pb_image][et_pb_image src=&#8221;https:\/\/saate.es\/wp-content\/uploads\/2025\/03\/UltraFlex.jpg&#8221; title_text=&#8221;UltraFlex&#8221; align_tablet=&#8221;center&#8221; align_phone=&#8221;center&#8221; align_last_edited=&#8221;on|desktop&#8221; _builder_version=&#8221;4.27.4&#8243; global_colors_info=&#8221;{}&#8221;][\/et_pb_image][\/et_pb_column][et_pb_column type=&#8221;1_2&#8243; _builder_version=&#8221;4.16&#8243; custom_padding=&#8221;|||&#8221; global_colors_info=&#8221;{}&#8221; custom_padding__hover=&#8221;|||&#8221;][et_pb_text _builder_version=&#8221;4.27.4&#8243; global_colors_info=&#8221;{}&#8221;]<\/p>\n<h2 style=\"text-align: justify;\">Descripci\u00f3 de l&#8217;Env\u00e0 Pluvial amb Placa UltraFlex-SAATE<\/h2>\n<p>&nbsp;<\/p>\n<p style=\"text-align: justify;\">El sistema d&#8217;Env\u00e0 Pluvial amb Placa UltraFlex-SAATE ofereix una soluci\u00f3 innovadora i vers\u00e0til per a la protecci\u00f3 i disseny de fa\u00e7anes exteriors. Est\u00e0 compost per una estructura resistent, un a\u00efllament t\u00e8rmic eficient i un revestiment exterior de fibrociment que garanteix una est\u00e8tica atractiva i durabilitat superior. A m\u00e9s, aquest sistema permet la creaci\u00f3 d&#8217;una c\u00e0mera d&#8217;aire ventilada, cosa que millora el comportament t\u00e8rmic i evita l&#8217;acumulaci\u00f3 d&#8217;humitat a la fa\u00e7ana.<\/p>\n<p>&nbsp;<\/p>\n<h2 style=\"text-align: justify;\">Qu\u00e8 \u00e9s la Placa UltraFlex-SAATE?<\/h2>\n<p>&nbsp;<\/p>\n<p style=\"text-align: justify;\">La Placa UltraFlex-SAATE \u00e9s un panell de fibrociment de 6 mm de gruix, un material compost per una barreja de ciment, fibres cel\u00b7lul\u00f2siques i additius minerals que li confereixen una resist\u00e8ncia excepcional i una gran estabilitat dimensional. \u00c9s un producte 100% lliure d&#8217;amiant, assegurant la m\u00e0xima seguretat per utilitzar-lo en edificacions modernes.<\/p>\n<p style=\"text-align: justify;\">Aquest producte ha estat dissenyat a Espanya per nosaltres i fabricat a \u00c0sia, seguint un model de producci\u00f3 optimitzat similar al de marques tecnol\u00f2giques l\u00edders al mercat. D&#8217;aquesta manera, garantim un producte amb els est\u00e0ndards de qualitat m\u00e9s alts ia un preu competitiu.<\/p>\n<p style=\"text-align: justify;\">El seu principal avantatge \u00e9s la seva capacitat per ser utilitzada tant en envans pluvials com en fa\u00e7anes, aportant protecci\u00f3 i est\u00e8tica als projectes arquitect\u00f2nics.<\/p>\n<p>&nbsp;<\/p>\n<h2 style=\"text-align: justify;\">Aquest material destaca per:<\/h2>\n<p>&nbsp;<\/p>\n<p style=\"text-align: justify;\">&#8211; Alta resist\u00e8ncia mec\u00e0nica: No es deforma amb els canvis de temperatura ni amb la humitat.<\/p>\n<p style=\"text-align: justify;\">&#8211; Versatilitat est\u00e8tica: Es pot pintar en qualsevol color triat pel client o deixar al natural, ja que el seu acabat t\u00e9 una aparen\u00e7a elegant i moderna.<\/p>\n<p style=\"text-align: justify;\">&#8211; Durabilitat i baix manteniment: \u00c9s resistent a l&#8217;aigua, a la floridura i als agents atmosf\u00e8rics, cosa que el fa ideal per a aplicacions en exteriors.<\/p>\n<p style=\"text-align: justify;\">&#8211; Sostenibilitat: La seva fabricaci\u00f3 minimitza l&#8217;impacte ambiental i no cont\u00e9 materials t\u00f2xics.<\/p>\n<p style=\"text-align: justify;\">&#8211; Cambra d&#8217;aire ventilada: En instal\u00b7lar-se amb una separaci\u00f3 respecte a l&#8217;estructura base, es genera una circulaci\u00f3 d&#8217;aire que ajuda a regular la temperatura de la fa\u00e7ana ia evitar l&#8217;acumulaci\u00f3 d&#8217;humitat, perllongant la vida \u00fatil del sistema.<\/p>\n<p>&nbsp;<\/p>\n<div class=\"gold_box\"><a href=\"\/detalles-tecnicos\/ficha-tecnica-ultraflex-saate.pdf\" target=\"_new\">Veure fitxa t\u00e8cnica<\/a><\/div>\n<p>[\/et_pb_text][\/et_pb_column][\/et_pb_row][et_pb_row column_structure=&#8221;1_2,1_2&#8243; disabled_on=&#8221;off|off|off&#8221; _builder_version=&#8221;4.16&#8243; background_size=&#8221;initial&#8221; background_position=&#8221;top_left&#8221; background_repeat=&#8221;repeat&#8221; global_colors_info=&#8221;{}&#8221;][et_pb_column type=&#8221;1_2&#8243; _builder_version=&#8221;4.16&#8243; custom_padding=&#8221;|||&#8221; global_colors_info=&#8221;{}&#8221; custom_padding__hover=&#8221;|||&#8221;][et_pb_image src=&#8221;https:\/\/saate.es\/wp-content\/uploads\/2025\/01\/lisa_fibrocemento3.jpg&#8221; title_text=&#8221;Lisa Fibrocemento3&#8243; align_tablet=&#8221;center&#8221; align_phone=&#8221;center&#8221; align_last_edited=&#8221;on|desktop&#8221; disabled_on=&#8221;off|off|off&#8221; module_class=&#8221;imatgesColumnaEsquerra&#8221; _builder_version=&#8221;4.27.4&#8243; global_colors_info=&#8221;{}&#8221;][\/et_pb_image][\/et_pb_column][et_pb_column type=&#8221;1_2&#8243; _builder_version=&#8221;4.16&#8243; custom_padding=&#8221;|||&#8221; global_colors_info=&#8221;{}&#8221; custom_padding__hover=&#8221;|||&#8221;][et_pb_image src=&#8221;https:\/\/saate.es\/wp-content\/uploads\/2025\/01\/pl-fri-43.jpg&#8221; title_text=&#8221;Pl Fri 43&#8243; _builder_version=&#8221;4.27.4&#8243; _module_preset=&#8221;default&#8221; global_colors_info=&#8221;{}&#8221;][\/et_pb_image][\/et_pb_column][\/et_pb_row][et_pb_row column_structure=&#8221;1_2,1_2&#8243; disabled_on=&#8221;off|off|off&#8221; _builder_version=&#8221;4.16&#8243; background_size=&#8221;initial&#8221; background_position=&#8221;top_left&#8221; background_repeat=&#8221;repeat&#8221; global_colors_info=&#8221;{}&#8221;][et_pb_column type=&#8221;1_2&#8243; _builder_version=&#8221;4.16&#8243; custom_padding=&#8221;|||&#8221; global_colors_info=&#8221;{}&#8221; custom_padding__hover=&#8221;|||&#8221;][et_pb_text _builder_version=&#8221;4.27.4&#8243; global_colors_info=&#8221;{}&#8221;]<\/p>\n<h2>Components del sistema<\/h2>\n<p>&nbsp;<\/p>\n<ul>\n<li><span style=\"font-size: 18px;\">Estructura de suport<\/span><\/li>\n<\/ul>\n<p style=\"padding-left: 30px;\"><span style=\"font-size: 18px;\">Perfils d&#8217;acer galvanitzat que garanteixen estabilitat estructural i resist\u00e8ncia a la corrosi\u00f3.<\/span><\/p>\n<ul>\n<li><span style=\"font-size: 18px;\">A\u00efllament t\u00e8rmic<\/span><\/li>\n<\/ul>\n<p style=\"padding-left: 30px;\"><span style=\"font-size: 18px;\">Panels de llana de roca o poliestir\u00e8 extru\u00eft (XPS) amb gruixos des de 40 mm fins a 200 mm, optimitzant l&#8217;efici\u00e8ncia t\u00e8rmica de l&#8217;edifici.<\/span><\/p>\n<ul>\n<li><span style=\"font-size: 18px;\">Revestiment exterior<\/span><\/li>\n<\/ul>\n<p style=\"padding-left: 30px;\"><span style=\"font-size: 18px;\">Placa UltraFlex-SAATE de fibrociment de 6 mm, adaptable a qualsevol projecte i personalitzable en color i acabat.<\/span><\/p>\n<ul>\n<li><span style=\"font-size: 18px;\">Sistema de fixaci\u00f3<\/span><\/li>\n<\/ul>\n<p style=\"padding-left: 30px;\"><span style=\"font-size: 18px;\">Ancoratges i cargols d&#8217;alta precisi\u00f3 per a una instal\u00b7laci\u00f3 segura i duradora.<\/span><\/p>\n<p>&nbsp;<\/p>\n<div class=\"gold_box\"><a href=\"\/projectes\/enva-pluvial\/\">Veure projectes realitzats<\/a><\/div>\n<p>[\/et_pb_text][\/et_pb_column][et_pb_column type=&#8221;1_2&#8243; _builder_version=&#8221;4.16&#8243; custom_padding=&#8221;|||&#8221; global_colors_info=&#8221;{}&#8221; custom_padding__hover=&#8221;|||&#8221;][et_pb_text _builder_version=&#8221;4.27.4&#8243; global_colors_info=&#8221;{}&#8221;]<\/p>\n<h2>Caracter\u00edstiques i avantatges<\/h2>\n<p>&nbsp;<\/p>\n<ul>\n<li><span style=\"font-size: 18px;\">Material de gran resist\u00e8ncia i estabilitat: No s&#8217;esquerda ni es deforma amb el pas del temps.<\/span><\/li>\n<li><span style=\"font-size: 18px;\">Ideal per a m\u00faltiples aplicacions: Es pot utilitzar tant en envans pluvials com en fa\u00e7anes exteriors.<\/span><\/li>\n<li><span style=\"font-size: 18px;\">Est\u00e8tica flexible: Es pot deixar sense pintar per ressaltar el seu acabat natural o personalitzar amb qualsevol color.<\/span><\/li>\n<li><span style=\"font-size: 18px;\">Excel\u00b7lent comportament davant de la humitat i el foc: No pateix alteracions en condicions extremes.<\/span><\/li>\n<li><span style=\"font-size: 18px;\">A\u00efllament t\u00e8rmic i ac\u00fastic: Millora l&#8217;efici\u00e8ncia energ\u00e8tica i el confort de l&#8217;edifici.<\/span><\/li>\n<li><span style=\"font-size: 18px;\">F\u00e0cil manteniment: No requereix tractaments especials ni repintats freq\u00fcents.<\/span><\/li>\n<li><span style=\"font-size: 18px;\">Benefici addicional de la c\u00e0mera d&#8217;aire ventilada: Permet una major efici\u00e8ncia energ\u00e8tica i protecci\u00f3 contra la humitat, allargant la vida \u00fatil del sistema i millorant el confort t\u00e8rmic.<\/span><\/li>\n<li><span style=\"font-size: 18px;\">Lliure d&#8217;amiant: Compleix totes les normatives de seguretat i salut, garantint un entorn segur.<\/span><\/li>\n<li><span style=\"font-size: 18px;\">Dissenyat a Espanya i fabricat a \u00c0sia: Un model de producci\u00f3 que combina innovaci\u00f3 i efici\u00e8ncia, assegurant la millor relaci\u00f3 qualitat-preu.<\/span><\/li>\n<\/ul>\n<p>&nbsp;<\/p>\n<h2>Aplicacions<\/h2>\n<p>&nbsp;<\/p>\n<ul>\n<li><span style=\"font-size: 18px;\">Obra nova: Perfecte per a fa\u00e7anes modernes i sistemes d&#8217;envans pluvials que busquen est\u00e8tica i funcionalitat.<\/span><\/li>\n<li><span style=\"font-size: 18px;\">Rehabilitaci\u00f3: Excel\u00b7lent opci\u00f3 per renovar edificis sense necessitat de grans reformes, millorant el seu a\u00efllament i aparen\u00e7a.<\/span><\/li>\n<\/ul>\n<p>[\/et_pb_text][\/et_pb_column][\/et_pb_row][et_pb_row disabled_on=&#8221;off|off|off&#8221; _builder_version=&#8221;4.16&#8243; background_size=&#8221;initial&#8221; background_position=&#8221;top_left&#8221; background_repeat=&#8221;repeat&#8221; global_colors_info=&#8221;{}&#8221;][et_pb_column type=&#8221;4_4&#8243; _builder_version=&#8221;4.16&#8243; custom_padding=&#8221;|||&#8221; global_colors_info=&#8221;{}&#8221; custom_padding__hover=&#8221;|||&#8221;][et_pb_text _builder_version=&#8221;4.27.4&#8243; global_colors_info=&#8221;{}&#8221;]<\/p>\n<h2>Conclusi\u00f3<\/h2>\n<p>&nbsp;<\/p>\n<p style=\"text-align: justify;\">El sistema de Env\u00e0 Pluvial amb Placa UltraFlex-SAATE \u00e9s una soluci\u00f3 eficient i est\u00e8tica per a fa\u00e7anes i envans pluvials. Gr\u00e0cies a la seva composici\u00f3 en fibrociment, ofereix una resist\u00e8ncia superior, una est\u00e8tica adaptable i una llarga durabilitat amb m\u00ednim manteniment. La seva versatilitat i capacitat de personalitzaci\u00f3 el converteixen en una opci\u00f3 ideal per a qualsevol tipus de projecte arquitect\u00f2nic, ja sigui en obra nova o en rehabilitaci\u00f3. A m\u00e9s, la incorporaci\u00f3 d&#8217;una cambra d&#8217;aire ventilada aporta beneficis addicionals en termes d&#8217;efici\u00e8ncia energ\u00e8tica i protecci\u00f3 estructural i en refor\u00e7a el valor com una soluci\u00f3 innovadora i sostenible.<\/p>\n<p style=\"text-align: justify;\">Aquest producte, dissenyat a Espanya i fabricat a \u00c0sia sota estrictes controls de qualitat, segueix el model de producci\u00f3 de les grans marques tecnol\u00f2giques, combinant innovaci\u00f3 i competitivitat per oferir la millor soluci\u00f3 del mercat.<\/p>\n<p>[\/et_pb_text][\/et_pb_column][\/et_pb_row][et_pb_row column_structure=&#8221;1_3,1_3,1_3&#8243; disabled_on=&#8221;on|on|on&#8221; _builder_version=&#8221;4.27.4&#8243; _module_preset=&#8221;default&#8221; disabled=&#8221;on&#8221; saved_tabs=&#8221;all&#8221; global_colors_info=&#8221;{}&#8221;][et_pb_column type=&#8221;1_3&#8243; _builder_version=&#8221;4.27.4&#8243; _module_preset=&#8221;default&#8221; global_colors_info=&#8221;{}&#8221;][et_pb_image src=&#8221;https:\/\/saate.es\/wp-content\/uploads\/2025\/02\/catalogo-fachada-ventilada-unifamiliares.jpg&#8221; alt=&#8221;Descargue el cat\u00e1logo de Casas Unifamiliares&#8221; title_text=&#8221;Catalogo Fachada Ventilada Unifamiliares&#8221; url=&#8221;https:\/\/saate.es\/detalles-tecnicos\/catalogo-fachada-ventilada-unifamiliares.pdf&#8221; use_overlay=&#8221;on&#8221; overlay_icon_color=&#8221;#6B6B6B&#8221; hover_overlay_color=&#8221;#D6D6D6&#8243; hover_icon=&#8221;&#xf063;||fa||900&#8243; _builder_version=&#8221;4.27.4&#8243; _module_preset=&#8221;default&#8221; background_enable_image=&#8221;off&#8221; background_size=&#8221;contain&#8221; border_color_all=&#8221;#8F8F8F&#8221; box_shadow_style=&#8221;preset1&#8243; global_colors_info=&#8221;{}&#8221;][\/et_pb_image][\/et_pb_column][et_pb_column type=&#8221;1_3&#8243; _builder_version=&#8221;4.27.4&#8243; _module_preset=&#8221;default&#8221; global_colors_info=&#8221;{}&#8221;][et_pb_image src=&#8221;https:\/\/saate.es\/wp-content\/uploads\/2025\/02\/catalogo-fachada-ventilada-residenciales.jpg&#8221; alt=&#8221;Descargue el cat\u00e1logo de Edificios Residenciales&#8221; title_text=&#8221;Catalogo Fachada Ventilada Residenciales&#8221; url=&#8221;https:\/\/saate.es\/detalles-tecnicos\/catalogo-fachada-ventilada-residenciales.pdf&#8221; use_overlay=&#8221;on&#8221; overlay_icon_color=&#8221;#6B6B6B&#8221; hover_overlay_color=&#8221;#D6D6D6&#8243; hover_icon=&#8221;&#xf063;||fa||900&#8243; _builder_version=&#8221;4.27.4&#8243; _module_preset=&#8221;default&#8221; background_enable_image=&#8221;off&#8221; background_size=&#8221;contain&#8221; box_shadow_style=&#8221;preset1&#8243; global_colors_info=&#8221;{}&#8221;][\/et_pb_image][\/et_pb_column][et_pb_column type=&#8221;1_3&#8243; _builder_version=&#8221;4.27.4&#8243; _module_preset=&#8221;default&#8221; global_colors_info=&#8221;{}&#8221;][et_pb_image src=&#8221;https:\/\/saate.es\/wp-content\/uploads\/2025\/02\/catalogo-fachada-ventilada-no-residenciales.jpg&#8221; alt=&#8221;Descargue el cat\u00e1logo de Edificios No Residenciales&#8221; title_text=&#8221;Catalogo Fachada Ventilada No Residenciales&#8221; url=&#8221;https:\/\/saate.es\/detalles-tecnicos\/catalogo-fachada-ventilada-no-residenciales.pdf&#8221; use_overlay=&#8221;on&#8221; overlay_icon_color=&#8221;#6B6B6B&#8221; hover_overlay_color=&#8221;#D6D6D6&#8243; hover_icon=&#8221;&#xf063;||fa||900&#8243; _builder_version=&#8221;4.27.4&#8243; _module_preset=&#8221;default&#8221; background_enable_image=&#8221;off&#8221; background_size=&#8221;contain&#8221; box_shadow_style=&#8221;preset1&#8243; global_colors_info=&#8221;{}&#8221;][\/et_pb_image][\/et_pb_column][\/et_pb_row][\/et_pb_section]<\/p>\n","protected":false},"excerpt":{"rendered":"<a href='https:\/\/saate.es\/ca\/sistemes\/enva-pluvial\/placa-ultraflex-saate\/'>Descripci\u00f3 de l&#8217;Env\u00e0 Pluvial amb Placa UltraFlex-SAATE &nbsp; El sistema d&#8217;Env\u00e0 Pluvial amb Placa UltraFlex-SAATE ofereix una soluci\u00f3 innovadora i vers\u00e0til per a la protecci\u00f3 i disseny de fa\u00e7anes exteriors. Est\u00e0 compost per una estructura resistent, un a\u00efllament t\u00e8rmic eficient i un revestiment exterior de fibrociment que garanteix una est\u00e8tica atractiva i durabilitat superior. A\n<\/a>... <a href='https:\/\/saate.es\/ca\/sistemes\/enva-pluvial\/placa-ultraflex-saate\/'>Llegir m&eacute;s<\/a>.","protected":false},"author":1,"featured_media":0,"parent":0,"menu_order":0,"comment_status":"closed","ping_status":"closed","template":"","meta":{"_et_pb_use_builder":"on","_et_pb_old_content":"","_et_gb_content_width":"","footnotes":""},"class_list":["post-12459","page","type-page","status-publish"],"_links":{"self":[{"href":"https:\/\/saate.es\/ca\/wp-json\/wp\/v2\/pages\/12459","targetHints":{"allow":["GET"]}}],"collection":[{"href":"https:\/\/saate.es\/ca\/wp-json\/wp\/v2\/pages"}],"about":[{"href":"https:\/\/saate.es\/ca\/wp-json\/wp\/v2\/types\/page"}],"author":[{"embeddable":true,"href":"https:\/\/saate.es\/ca\/wp-json\/wp\/v2\/users\/1"}],"replies":[{"embeddable":true,"href":"https:\/\/saate.es\/ca\/wp-json\/wp\/v2\/comments?post=12459"}],"version-history":[{"count":10,"href":"https:\/\/saate.es\/ca\/wp-json\/wp\/v2\/pages\/12459\/revisions"}],"predecessor-version":[{"id":13254,"href":"https:\/\/saate.es\/ca\/wp-json\/wp\/v2\/pages\/12459\/revisions\/13254"}],"wp:attachment":[{"href":"https:\/\/saate.es\/ca\/wp-json\/wp\/v2\/media?parent=12459"}],"curies":[{"name":"wp","href":"https:\/\/api.w.org\/{rel}","templated":true}]}}