{"id":12469,"date":"2025-03-04T14:16:49","date_gmt":"2025-03-04T13:16:49","guid":{"rendered":"https:\/\/saate.es\/tabique-pluvial-con-placa-p12-saate\/"},"modified":"2025-03-20T12:34:05","modified_gmt":"2025-03-20T11:34:05","slug":"tabique-pluvial-con-placa-p12-saate","status":"publish","type":"page","link":"https:\/\/saate.es\/ca\/sistemes\/enva-pluvial\/placa-p12-saate\/","title":{"rendered":"Env\u00e0 Pluvial amb Placa P12-SAATE"},"content":{"rendered":"<p>[et_pb_section fb_built=&#8221;1&#8243; _builder_version=&#8221;4.16&#8243; global_colors_info=&#8221;{}&#8221;][et_pb_row column_structure=&#8221;1_2,1_2&#8243; _builder_version=&#8221;4.16&#8243; background_size=&#8221;initial&#8221; background_position=&#8221;top_left&#8221; background_repeat=&#8221;repeat&#8221; global_colors_info=&#8221;{}&#8221;][et_pb_column type=&#8221;1_2&#8243; _builder_version=&#8221;4.27.4&#8243; _module_preset=&#8221;default&#8221; global_colors_info=&#8221;{}&#8221;][et_pb_image src=&#8221;https:\/\/saate.es\/wp-content\/uploads\/2025\/03\/P12-Bobina-materia-prima-1.jpg&#8221; title_text=&#8221;P12-Bobina materia prima&#8221; align_tablet=&#8221;center&#8221; align_phone=&#8221;center&#8221; align_last_edited=&#8221;on|desktop&#8221; disabled_on=&#8221;on|off|off&#8221; module_class=&#8221;imatgesColumnaEsquerra&#8221; _builder_version=&#8221;4.27.4&#8243; global_colors_info=&#8221;{}&#8221;][\/et_pb_image][et_pb_image src=&#8221;https:\/\/saate.es\/wp-content\/uploads\/2025\/03\/P12-SAATE.jpg&#8221; title_text=&#8221;P12 &#8211; SAATE&#8221; align_tablet=&#8221;center&#8221; align_phone=&#8221;center&#8221; align_last_edited=&#8221;on|desktop&#8221; disabled_on=&#8221;off|off|off&#8221; module_class=&#8221;imatgesColumnaEsquerra&#8221; _builder_version=&#8221;4.27.4&#8243; global_colors_info=&#8221;{}&#8221;][\/et_pb_image][et_pb_image src=&#8221;https:\/\/saate.es\/wp-content\/uploads\/2025\/03\/P12.jpg&#8221; title_text=&#8221;P12&#8243; align_tablet=&#8221;center&#8221; align_phone=&#8221;center&#8221; align_last_edited=&#8221;on|desktop&#8221; disabled_on=&#8221;off|off|off&#8221; module_class=&#8221;imatgesColumnaEsquerra&#8221; _builder_version=&#8221;4.27.4&#8243; global_colors_info=&#8221;{}&#8221;][\/et_pb_image][\/et_pb_column][et_pb_column type=&#8221;1_2&#8243; _builder_version=&#8221;4.16&#8243; custom_padding=&#8221;|||&#8221; global_colors_info=&#8221;{}&#8221; custom_padding__hover=&#8221;|||&#8221;][et_pb_text _builder_version=&#8221;4.27.4&#8243; global_colors_info=&#8221;{}&#8221;]<\/p>\n<h2 style=\"text-align: justify;\">Descripci\u00f3 de l&#8217;Env\u00e0 Pluvial amb Placa P12-SAATE<\/h2>\n<p>&nbsp;<\/p>\n<p style=\"text-align: justify;\">El sistema d&#8217;Env\u00e0 Pluvial amb Placa P12-SAATE est\u00e0 dissenyat per oferir una soluci\u00f3 resistent i eficient en el tancament de fa\u00e7anes exteriors. Es tracta d&#8217;una placa de xapa prelacada d&#8217;acer galvanitzat, cosa que li confereix una gran durabilitat i una alta resist\u00e8ncia davant dels agents clim\u00e0tics i la corrosi\u00f3. Aquest producte, dissenyat i fabricat a Espanya, compleix els est\u00e0ndards de qualitat m\u00e9s alts i s&#8217;adapta a les necessitats espec\u00edfiques de cada projecte.<\/p>\n<p style=\"text-align: justify;\">A difer\u00e8ncia d&#8217;altres solucions, la Placa P12-SAATE no genera una c\u00e0mera d&#8217;aire ventilada, cosa que la converteix en una opci\u00f3 \u00f2ptima per a aplicacions on es requereix un tancament continu amb una instal\u00b7laci\u00f3 senzilla i eficient.<\/p>\n<p>&nbsp;<\/p>\n<h2 style=\"text-align: justify;\">Qu\u00e8 \u00e9s la Placa P12-SAATE?<\/h2>\n<p>&nbsp;<\/p>\n<p style=\"text-align: justify;\">La Placa P12-SAATE \u00e9s una xapa d&#8217;acer galvanitzat prelacada de 0,6 mm de gruix, dissenyada espec\u00edficament per al seu \u00fas en envans pluvials. La seva composici\u00f3 li atorga una resist\u00e8ncia mec\u00e0nica excel\u00b7lent i una gran estabilitat dimensional, assegurant un rendiment \u00f2ptim al llarg del temps.<\/p>\n<p style=\"text-align: justify;\">Aquest material destaca per:<\/p>\n<ul>\n<li style=\"list-style-type: none;\">\n<ul>\n<li><span style=\"font-size: 18px;\">Fabricaci\u00f3 nacional: Dissenyada i produ\u00efda \u00edntegrament a Espanya amb estrictes controls de qualitat.<\/span><\/li>\n<li><span style=\"font-size: 18px;\">Alta resist\u00e8ncia a la corrosi\u00f3: Gr\u00e0cies al seu tractament de galvanitzaci\u00f3 i lacat protector.<\/span><\/li>\n<li><span style=\"font-size: 18px;\">Versatilitat de colors: Disponible en blanc, gris, sorra i vermell salm\u00f3 com a opcions est\u00e0ndard. Es poden sol\u00b7licitar altres colors sota comanda amb un cost addicional.<\/span><\/li>\n<li><span style=\"font-size: 18px;\">F\u00e0cil instal\u00b7laci\u00f3 i baix manteniment: El vostre sistema de fixaci\u00f3 optimitzat permet una instal\u00b7laci\u00f3 r\u00e0pida i precisa, reduint els temps d&#8217;execuci\u00f3.<\/span><\/li>\n<li><span style=\"font-size: 18px;\">Estabilitat i robustesa: No es deforma davant de canvis de temperatura i mant\u00e9 la seva integritat estructural durant tota la seva vida \u00fatil.<\/span><\/li>\n<\/ul>\n<\/li>\n<\/ul>\n<p>&nbsp;<\/p>\n<div class=\"gold_box\"><a href=\"\/detalles-tecnicos\/ficha-tecnica-tabique-pluvial-p12-saate.pdf\" target=\"_new\">Veure fitxa t\u00e8cnica<\/a><\/div>\n<p>[\/et_pb_text][\/et_pb_column][\/et_pb_row][et_pb_row column_structure=&#8221;1_2,1_2&#8243; disabled_on=&#8221;off|off|off&#8221; _builder_version=&#8221;4.16&#8243; background_size=&#8221;initial&#8221; background_position=&#8221;top_left&#8221; background_repeat=&#8221;repeat&#8221; global_colors_info=&#8221;{}&#8221;][et_pb_column type=&#8221;1_2&#8243; _builder_version=&#8221;4.16&#8243; custom_padding=&#8221;|||&#8221; global_colors_info=&#8221;{}&#8221; custom_padding__hover=&#8221;|||&#8221;][et_pb_image src=&#8221;https:\/\/saate.es\/wp-content\/uploads\/2025\/01\/grecada6.jpg&#8221; title_text=&#8221;Grecada6&#8243; align_tablet=&#8221;center&#8221; align_phone=&#8221;center&#8221; align_last_edited=&#8221;on|desktop&#8221; disabled_on=&#8221;off|off|off&#8221; module_class=&#8221;imatgesColumnaEsquerra&#8221; _builder_version=&#8221;4.27.4&#8243; global_colors_info=&#8221;{}&#8221;][\/et_pb_image][\/et_pb_column][et_pb_column type=&#8221;1_2&#8243; _builder_version=&#8221;4.16&#8243; custom_padding=&#8221;|||&#8221; global_colors_info=&#8221;{}&#8221; custom_padding__hover=&#8221;|||&#8221;][et_pb_image src=&#8221;https:\/\/saate.es\/wp-content\/uploads\/2025\/01\/grecada7.jpg&#8221; title_text=&#8221;Grecada7&#8243; align_tablet=&#8221;center&#8221; align_phone=&#8221;center&#8221; align_last_edited=&#8221;on|desktop&#8221; _builder_version=&#8221;4.27.4&#8243; global_colors_info=&#8221;{}&#8221;][\/et_pb_image][\/et_pb_column][\/et_pb_row][et_pb_row column_structure=&#8221;1_2,1_2&#8243; disabled_on=&#8221;off|off|off&#8221; _builder_version=&#8221;4.16&#8243; background_size=&#8221;initial&#8221; background_position=&#8221;top_left&#8221; background_repeat=&#8221;repeat&#8221; global_colors_info=&#8221;{}&#8221;][et_pb_column type=&#8221;1_2&#8243; _builder_version=&#8221;4.16&#8243; custom_padding=&#8221;|||&#8221; global_colors_info=&#8221;{}&#8221; custom_padding__hover=&#8221;|||&#8221;][et_pb_text _builder_version=&#8221;4.27.4&#8243; global_colors_info=&#8221;{}&#8221;]<\/p>\n<h2>Tipus d&#8217;ancoratge<\/h2>\n<p>&nbsp;<\/p>\n<p><span style=\"font-size: 18px;\">Components del sistema:<\/span><\/p>\n<ul>\n<li><span style=\"font-size: 18px;\">Estructura de suport<\/span><\/li>\n<\/ul>\n<p style=\"padding-left: 30px;\"><span style=\"font-size: 18px;\">Perfils d&#8217;acer galvanitzat que garanteixen estabilitat estructural i resist\u00e8ncia a la corrosi\u00f3.<\/span><\/p>\n<ul>\n<li><span style=\"font-size: 18px;\">A\u00efllament t\u00e8rmic<\/span><\/li>\n<\/ul>\n<p style=\"padding-left: 30px;\"><span style=\"font-size: 18px;\">Panels de llana de roca o poliestir\u00e8 extru\u00eft (XPS) amb gruixos des de 40 mm fins a 200 mm, optimitzant l&#8217;efici\u00e8ncia t\u00e8rmica de l&#8217;edifici.<\/span><\/p>\n<ul>\n<li><span style=\"font-size: 18px;\">Revestiment exterior<\/span><\/li>\n<\/ul>\n<p style=\"padding-left: 30px;\"><span style=\"font-size: 18px;\">Placa P12-SAATE d&#8217;acer galvanitzat prelacat de 0,6 mm, resistent i personalitzable en color.<\/span><\/p>\n<ul>\n<li><span style=\"font-size: 18px;\">Sistema de fixaci\u00f3<\/span><\/li>\n<\/ul>\n<p style=\"padding-left: 30px;\"><span style=\"font-size: 18px;\">Ancoratges i cargols d&#8217;alta precisi\u00f3 per a una instal\u00b7laci\u00f3 segura i duradora.<\/span><\/p>\n<p>&nbsp;<\/p>\n<div class=\"gold_box\"><a href=\"\/projectes\/enva-pluvial\/\">Veure projectes realitzats<\/a><\/div>\n<p>[\/et_pb_text][\/et_pb_column][et_pb_column type=&#8221;1_2&#8243; _builder_version=&#8221;4.16&#8243; custom_padding=&#8221;|||&#8221; global_colors_info=&#8221;{}&#8221; custom_padding__hover=&#8221;|||&#8221;][et_pb_text _builder_version=&#8221;4.27.4&#8243; global_colors_info=&#8221;{}&#8221;]<\/p>\n<h2>Caracter\u00edstiques i avantatges<\/h2>\n<p>&nbsp;<\/p>\n<ul>\n<li><span style=\"font-size: 18px;\">Disseny i fabricaci\u00f3 100% espanyola: Producte nacional amb els m\u00e9s alts est\u00e0ndards de qualitat.<\/span><\/li>\n<li><span style=\"font-size: 18px;\">Durabilitat extrema: Resistent a impactes, humitat i corrosi\u00f3, cosa que garanteix una llarga vida \u00fatil.<\/span><\/li>\n<li><span style=\"font-size: 18px;\">Sense c\u00e0mera d&#8217;aire ventilada: Ideal per a solucions de tancament continu sense necessitat de ventilaci\u00f3 posterior.<\/span><\/li>\n<li><span style=\"font-size: 18px;\">Personalitzaci\u00f3 de colors: Disponible en quatre colors est\u00e0ndard i adaptable a qualsevol altre color sota comanda.<\/span><\/li>\n<li><span style=\"font-size: 18px;\">F\u00e0cil manteniment: La seva superf\u00edcie prelacada no requereix tractaments especials i es mant\u00e9 en \u00f2ptimes condicions amb una neteja senzilla.<\/span><\/li>\n<li><span style=\"font-size: 18px;\">A\u00efllament t\u00e8rmic i efici\u00e8ncia energ\u00e8tica: Combinat amb materials a\u00efllants, contribueix a la reducci\u00f3 del consum energ\u00e8tic.<\/span><\/li>\n<\/ul>\n<p>&nbsp;<\/p>\n<h2>Aplicacions<\/h2>\n<p>&nbsp;<\/p>\n<ul>\n<li><span style=\"font-size: 18px;\">Obra nova: Ideal per a projectes que requereixen un tancament exterior resistent i de r\u00e0pida instal\u00b7laci\u00f3.<\/span><\/li>\n<li><span style=\"font-size: 18px;\">Rehabilitaci\u00f3: Perfecta per renovar fa\u00e7anes existents sense necessitat d&#8217;intervencions invasives.<\/span><\/li>\n<\/ul>\n<p>[\/et_pb_text][\/et_pb_column][\/et_pb_row][et_pb_row disabled_on=&#8221;off|off|off&#8221; _builder_version=&#8221;4.16&#8243; background_size=&#8221;initial&#8221; background_position=&#8221;top_left&#8221; background_repeat=&#8221;repeat&#8221; global_colors_info=&#8221;{}&#8221;][et_pb_column type=&#8221;4_4&#8243; _builder_version=&#8221;4.16&#8243; custom_padding=&#8221;|||&#8221; global_colors_info=&#8221;{}&#8221; custom_padding__hover=&#8221;|||&#8221;][et_pb_text _builder_version=&#8221;4.27.4&#8243; global_colors_info=&#8221;{}&#8221;]<\/p>\n<h2>Conclusi\u00f3<\/h2>\n<p>&nbsp;<\/p>\n<p style=\"text-align: justify;\">El sistema d&#8217;Env\u00e0 Pluvial amb Placa P12-SAATE \u00e9s una opci\u00f3 robusta, eficient i vers\u00e0til per a tancaments exteriors. Gr\u00e0cies a la seva fabricaci\u00f3 en acer galvanitzat prelacat, la seva durabilitat i resist\u00e8ncia a la intemp\u00e8rie estan garantides<\/p>\n<p style=\"text-align: justify;\">Dissenyada i fabricada \u00edntegrament a Espanya, aquesta placa ofereix una soluci\u00f3 \u00f2ptima tant per a obra nova com per a rehabilitaci\u00f3, amb l&#8217;avantatge addicional de la seva personalitzaci\u00f3 en color sota comanda. Amb una instal\u00b7laci\u00f3 senzilla i un manteniment m\u00ednim, representa una alternativa fiable i duradora per a qualsevol tipus de projecte arquitect\u00f2nic.<\/p>\n<p>[\/et_pb_text][\/et_pb_column][\/et_pb_row][et_pb_row column_structure=&#8221;1_3,1_3,1_3&#8243; disabled_on=&#8221;on|on|on&#8221; _builder_version=&#8221;4.27.4&#8243; _module_preset=&#8221;default&#8221; disabled=&#8221;on&#8221; saved_tabs=&#8221;all&#8221; global_colors_info=&#8221;{}&#8221;][et_pb_column type=&#8221;1_3&#8243; _builder_version=&#8221;4.27.4&#8243; _module_preset=&#8221;default&#8221; global_colors_info=&#8221;{}&#8221;][et_pb_image src=&#8221;https:\/\/saate.es\/wp-content\/uploads\/2025\/02\/catalogo-fachada-ventilada-unifamiliares.jpg&#8221; alt=&#8221;Descargue el cat\u00e1logo de Casas Unifamiliares&#8221; title_text=&#8221;Catalogo Fachada Ventilada Unifamiliares&#8221; url=&#8221;https:\/\/saate.es\/detalles-tecnicos\/catalogo-fachada-ventilada-unifamiliares.pdf&#8221; use_overlay=&#8221;on&#8221; overlay_icon_color=&#8221;#6B6B6B&#8221; hover_overlay_color=&#8221;#D6D6D6&#8243; hover_icon=&#8221;&#xf063;||fa||900&#8243; _builder_version=&#8221;4.27.4&#8243; _module_preset=&#8221;default&#8221; background_enable_image=&#8221;off&#8221; background_size=&#8221;contain&#8221; border_color_all=&#8221;#8F8F8F&#8221; box_shadow_style=&#8221;preset1&#8243; global_colors_info=&#8221;{}&#8221;][\/et_pb_image][\/et_pb_column][et_pb_column type=&#8221;1_3&#8243; _builder_version=&#8221;4.27.4&#8243; _module_preset=&#8221;default&#8221; global_colors_info=&#8221;{}&#8221;][et_pb_image src=&#8221;https:\/\/saate.es\/wp-content\/uploads\/2025\/02\/catalogo-fachada-ventilada-residenciales.jpg&#8221; alt=&#8221;Descargue el cat\u00e1logo de Edificios Residenciales&#8221; title_text=&#8221;Catalogo Fachada Ventilada Residenciales&#8221; url=&#8221;https:\/\/saate.es\/detalles-tecnicos\/catalogo-fachada-ventilada-residenciales.pdf&#8221; use_overlay=&#8221;on&#8221; overlay_icon_color=&#8221;#6B6B6B&#8221; hover_overlay_color=&#8221;#D6D6D6&#8243; hover_icon=&#8221;&#xf063;||fa||900&#8243; _builder_version=&#8221;4.27.4&#8243; _module_preset=&#8221;default&#8221; background_enable_image=&#8221;off&#8221; background_size=&#8221;contain&#8221; box_shadow_style=&#8221;preset1&#8243; global_colors_info=&#8221;{}&#8221;][\/et_pb_image][\/et_pb_column][et_pb_column type=&#8221;1_3&#8243; _builder_version=&#8221;4.27.4&#8243; _module_preset=&#8221;default&#8221; global_colors_info=&#8221;{}&#8221;][et_pb_image src=&#8221;https:\/\/saate.es\/wp-content\/uploads\/2025\/02\/catalogo-fachada-ventilada-no-residenciales.jpg&#8221; alt=&#8221;Descargue el cat\u00e1logo de Edificios No Residenciales&#8221; title_text=&#8221;Catalogo Fachada Ventilada No Residenciales&#8221; url=&#8221;https:\/\/saate.es\/detalles-tecnicos\/catalogo-fachada-ventilada-no-residenciales.pdf&#8221; use_overlay=&#8221;on&#8221; overlay_icon_color=&#8221;#6B6B6B&#8221; hover_overlay_color=&#8221;#D6D6D6&#8243; hover_icon=&#8221;&#xf063;||fa||900&#8243; _builder_version=&#8221;4.27.4&#8243; _module_preset=&#8221;default&#8221; background_enable_image=&#8221;off&#8221; background_size=&#8221;contain&#8221; box_shadow_style=&#8221;preset1&#8243; global_colors_info=&#8221;{}&#8221;][\/et_pb_image][\/et_pb_column][\/et_pb_row][\/et_pb_section]<\/p>\n","protected":false},"excerpt":{"rendered":"<a href='https:\/\/saate.es\/ca\/sistemes\/enva-pluvial\/placa-p12-saate\/'>Descripci\u00f3 de l&#8217;Env\u00e0 Pluvial amb Placa P12-SAATE &nbsp; El sistema d&#8217;Env\u00e0 Pluvial amb Placa P12-SAATE est\u00e0 dissenyat per oferir una soluci\u00f3 resistent i eficient en el tancament de fa\u00e7anes exteriors. Es tracta d&#8217;una placa de xapa prelacada d&#8217;acer galvanitzat, cosa que li confereix una gran durabilitat i una alta resist\u00e8ncia davant dels agents clim\u00e0tics i\n<\/a>... <a href='https:\/\/saate.es\/ca\/sistemes\/enva-pluvial\/placa-p12-saate\/'>Llegir m&eacute;s<\/a>.","protected":false},"author":1,"featured_media":0,"parent":0,"menu_order":0,"comment_status":"closed","ping_status":"closed","template":"","meta":{"_et_pb_use_builder":"on","_et_pb_old_content":"","_et_gb_content_width":"","footnotes":""},"class_list":["post-12469","page","type-page","status-publish"],"_links":{"self":[{"href":"https:\/\/saate.es\/ca\/wp-json\/wp\/v2\/pages\/12469","targetHints":{"allow":["GET"]}}],"collection":[{"href":"https:\/\/saate.es\/ca\/wp-json\/wp\/v2\/pages"}],"about":[{"href":"https:\/\/saate.es\/ca\/wp-json\/wp\/v2\/types\/page"}],"author":[{"embeddable":true,"href":"https:\/\/saate.es\/ca\/wp-json\/wp\/v2\/users\/1"}],"replies":[{"embeddable":true,"href":"https:\/\/saate.es\/ca\/wp-json\/wp\/v2\/comments?post=12469"}],"version-history":[{"count":9,"href":"https:\/\/saate.es\/ca\/wp-json\/wp\/v2\/pages\/12469\/revisions"}],"predecessor-version":[{"id":13281,"href":"https:\/\/saate.es\/ca\/wp-json\/wp\/v2\/pages\/12469\/revisions\/13281"}],"wp:attachment":[{"href":"https:\/\/saate.es\/ca\/wp-json\/wp\/v2\/media?parent=12469"}],"curies":[{"name":"wp","href":"https:\/\/api.w.org\/{rel}","templated":true}]}}