{"id":13557,"date":"2025-03-24T18:12:16","date_gmt":"2025-03-24T17:12:16","guid":{"rendered":"https:\/\/saate.es\/empresa-excelencia\/"},"modified":"2026-01-19T13:46:09","modified_gmt":"2026-01-19T12:46:09","slug":"empresa-excelencia","status":"publish","type":"page","link":"https:\/\/saate.es\/ca\/empresa\/nostra-historia\/","title":{"rendered":"La nostra hist\u00f2ria"},"content":{"rendered":"<p>[et_pb_section fb_built=&#8221;1&#8243; _builder_version=&#8221;4.16&#8243; global_colors_info=&#8221;{}&#8221;][et_pb_row column_structure=&#8221;1_2,1_2&#8243; _builder_version=&#8221;4.27.4&#8243; _module_preset=&#8221;default&#8221; custom_margin=&#8221;||||false|false&#8221; custom_padding=&#8221;||||false|false&#8221; global_colors_info=&#8221;{}&#8221;][et_pb_column type=&#8221;1_2&#8243; _builder_version=&#8221;4.27.4&#8243; _module_preset=&#8221;default&#8221; global_colors_info=&#8221;{}&#8221;][et_pb_image src=&#8221;https:\/\/static.saate.es\/wp-content\/uploads\/2025\/03\/fachada-sate-vic3-1.jpg&#8221; title_text=&#8221;Fachada Sate Vic3&#8243; _builder_version=&#8221;4.27.4&#8243; _module_preset=&#8221;default&#8221; global_colors_info=&#8221;{}&#8221;][\/et_pb_image][\/et_pb_column][et_pb_column type=&#8221;1_2&#8243; _builder_version=&#8221;4.27.4&#8243; _module_preset=&#8221;default&#8221; global_colors_info=&#8221;{}&#8221;][et_pb_text _builder_version=&#8221;4.27.5&#8243; _module_preset=&#8221;default&#8221; hover_enabled=&#8221;0&#8243; global_colors_info=&#8221;{}&#8221; sticky_enabled=&#8221;0&#8243;]<\/p>\n<h2>La nostra hist\u00f2ria: Tradici\u00f3 experta i capacitat nacional<\/h2>\n<p>A SAATE, ens defineix una traject\u00f2ria s\u00f2lida i una especialitzaci\u00f3 absoluta en la instal\u00b7laci\u00f3 de sistemes d&#8217;a\u00efllament t\u00e8rmic per l&#8217;exterior. M\u00e9s d&#8217;una d\u00e8cada d&#8217;experi\u00e8ncia i un volum superior als 500.000 m\u00b2 instal\u00b7lats en obra nova i rehabilitaci\u00f3 avalen el nostre lideratge t\u00e8cnic i la nostra capacitat d&#8217;execuci\u00f3.<\/p>\n<p>La nostra identitat es forja sobre una base \u00fanica: provenim de Terrassa, ciutat reconeguda hist\u00f2ricament com el bressol dels experts instal\u00b7ladors d&#8217;a\u00efllament t\u00e8rmic per l&#8217;exterior i referent indiscutible del sector durant m\u00e9s de 50 anys. Aquest llegat t\u00e8cnic no \u00e9s nom\u00e9s el nostre origen, sin\u00f3 l&#8217;est\u00e0ndard d&#8217;exig\u00e8ncia que vertebra tota la nostra estructura. Hem pres aquesta tradici\u00f3 d&#8217;excel\u00b7l\u00e8ncia i l&#8217;hem convertit en el motor de la nostra activitat di\u00e0ria, operant amb seus pr\u00f2pies i equips consolidats tant a Madrid com a Barcelona.<\/p>\n<p>Avui, la nostra signatura \u00e9s una realitat nacional amb dos grans centres neur\u00e0lgics. Aquesta doble implantaci\u00f3 ens permet treballar amb la mateixa agilitat, proximitat i recursos en la zona centre i a Catalunya. No importem solucions, les apliquem in situ amb coneixement expert. A SAATE, la visi\u00f3 innovadora s&#8217;uneix a l&#8217;ofici tradicional per a garantir que el resultat compleixi sempre amb els m\u00e9s alts est\u00e0ndards de qualitat i rendiment.<\/p>\n<p>[\/et_pb_text][\/et_pb_column][\/et_pb_row][\/et_pb_section]<\/p>\n","protected":false},"excerpt":{"rendered":"<a href='https:\/\/saate.es\/ca\/empresa\/nostra-historia\/'>La nostra hist\u00f2ria: Tradici\u00f3 experta i capacitat nacional A SAATE, ens defineix una traject\u00f2ria s\u00f2lida i una especialitzaci\u00f3 absoluta en la instal\u00b7laci\u00f3 de sistemes d&#8217;a\u00efllament t\u00e8rmic per l&#8217;exterior. M\u00e9s d&#8217;una d\u00e8cada d&#8217;experi\u00e8ncia i un volum superior als 500.000 m\u00b2 instal\u00b7lats en obra nova i rehabilitaci\u00f3 avalen el nostre lideratge t\u00e8cnic i la nostra capacitat d&#8217;execuci\u00f3.\n<\/a>... <a href='https:\/\/saate.es\/ca\/empresa\/nostra-historia\/'>Llegir m&eacute;s<\/a>.","protected":false},"author":1,"featured_media":0,"parent":0,"menu_order":0,"comment_status":"closed","ping_status":"closed","template":"","meta":{"_et_pb_use_builder":"on","_et_pb_old_content":"","_et_gb_content_width":"","footnotes":""},"class_list":["post-13557","page","type-page","status-publish"],"_links":{"self":[{"href":"https:\/\/saate.es\/ca\/wp-json\/wp\/v2\/pages\/13557","targetHints":{"allow":["GET"]}}],"collection":[{"href":"https:\/\/saate.es\/ca\/wp-json\/wp\/v2\/pages"}],"about":[{"href":"https:\/\/saate.es\/ca\/wp-json\/wp\/v2\/types\/page"}],"author":[{"embeddable":true,"href":"https:\/\/saate.es\/ca\/wp-json\/wp\/v2\/users\/1"}],"replies":[{"embeddable":true,"href":"https:\/\/saate.es\/ca\/wp-json\/wp\/v2\/comments?post=13557"}],"version-history":[{"count":4,"href":"https:\/\/saate.es\/ca\/wp-json\/wp\/v2\/pages\/13557\/revisions"}],"predecessor-version":[{"id":14334,"href":"https:\/\/saate.es\/ca\/wp-json\/wp\/v2\/pages\/13557\/revisions\/14334"}],"wp:attachment":[{"href":"https:\/\/saate.es\/ca\/wp-json\/wp\/v2\/media?parent=13557"}],"curies":[{"name":"wp","href":"https:\/\/api.w.org\/{rel}","templated":true}]}}