{"id":13563,"date":"2025-03-24T18:14:20","date_gmt":"2025-03-24T17:14:20","guid":{"rendered":"https:\/\/saate.es\/empresa-compromiso\/"},"modified":"2025-03-25T10:07:47","modified_gmt":"2025-03-25T09:07:47","slug":"empresa-compromiso","status":"publish","type":"page","link":"https:\/\/saate.es\/ca\/empresa\/compromis\/","title":{"rendered":"Comprom\u00eds"},"content":{"rendered":"<p>[et_pb_section fb_built=&#8221;1&#8243; _builder_version=&#8221;4.16&#8243; global_colors_info=&#8221;{}&#8221;][et_pb_row column_structure=&#8221;1_2,1_2&#8243; _builder_version=&#8221;4.27.4&#8243; _module_preset=&#8221;default&#8221; background_enable_color=&#8221;off&#8221; custom_margin=&#8221;||||false|false&#8221; custom_padding=&#8221;||||false|false&#8221; global_colors_info=&#8221;{}&#8221;][et_pb_column type=&#8221;1_2&#8243; _builder_version=&#8221;4.27.4&#8243; _module_preset=&#8221;default&#8221; global_colors_info=&#8221;{}&#8221;][et_pb_image src=&#8221;https:\/\/saate.es\/wp-content\/uploads\/2018\/03\/calldetenes-detalle-9.jpg&#8221; title_text=&#8221;Calldetenes Detalle 9&#8243; _builder_version=&#8221;4.27.4&#8243; _module_preset=&#8221;default&#8221; global_colors_info=&#8221;{}&#8221;][\/et_pb_image][\/et_pb_column][et_pb_column type=&#8221;1_2&#8243; _builder_version=&#8221;4.27.4&#8243; _module_preset=&#8221;default&#8221; global_colors_info=&#8221;{}&#8221;][et_pb_text _builder_version=&#8221;4.27.4&#8243; _module_preset=&#8221;default&#8221; hover_enabled=&#8221;0&#8243; global_colors_info=&#8221;{}&#8221; sticky_enabled=&#8221;0&#8243;]<\/p>\n<h2>Comprom\u00eds amb la qualitat<\/h2>\n<p>La qualitat no \u00e9s una promesa, \u00e9s un principi innegociable a cada instal\u00b7laci\u00f3 que realitzem. Des de la selecci\u00f3 de materials fins al lliurament final, a SAATE garantim un treball impecable a cada fase del projecte.<\/p>\n<p>Disposem d&#8217;un equip de m\u00e9s de 50 instal\u00b7ladors, experts en l&#8217;execuci\u00f3 de sistemes d&#8217;a\u00efllament t\u00e8rmic per l&#8217;exterior, assegurant una instal\u00b7laci\u00f3 precisa i duradora. El nostre rigor\u00f3s control de qualitat i l&#8217;atenci\u00f3 al detall ens han convertit en l&#8217;elecci\u00f3 de promotors, arquitectes i constructors que busquen fiabilitat i excel\u00b7l\u00e8ncia en els seus projectes.<\/p>\n<p>[\/et_pb_text][\/et_pb_column][\/et_pb_row][\/et_pb_section]<\/p>\n","protected":false},"excerpt":{"rendered":"<a href='https:\/\/saate.es\/ca\/empresa\/compromis\/'>Comprom\u00eds amb la qualitat La qualitat no \u00e9s una promesa, \u00e9s un principi innegociable a cada instal\u00b7laci\u00f3 que realitzem. Des de la selecci\u00f3 de materials fins al lliurament final, a SAATE garantim un treball impecable a cada fase del projecte. Disposem d&#8217;un equip de m\u00e9s de 50 instal\u00b7ladors, experts en l&#8217;execuci\u00f3 de sistemes d&#8217;a\u00efllament t\u00e8rmic\n<\/a>... <a href='https:\/\/saate.es\/ca\/empresa\/compromis\/'>Llegir m&eacute;s<\/a>.","protected":false},"author":1,"featured_media":0,"parent":0,"menu_order":0,"comment_status":"closed","ping_status":"closed","template":"","meta":{"_et_pb_use_builder":"on","_et_pb_old_content":"","_et_gb_content_width":"","footnotes":""},"class_list":["post-13563","page","type-page","status-publish"],"_links":{"self":[{"href":"https:\/\/saate.es\/ca\/wp-json\/wp\/v2\/pages\/13563","targetHints":{"allow":["GET"]}}],"collection":[{"href":"https:\/\/saate.es\/ca\/wp-json\/wp\/v2\/pages"}],"about":[{"href":"https:\/\/saate.es\/ca\/wp-json\/wp\/v2\/types\/page"}],"author":[{"embeddable":true,"href":"https:\/\/saate.es\/ca\/wp-json\/wp\/v2\/users\/1"}],"replies":[{"embeddable":true,"href":"https:\/\/saate.es\/ca\/wp-json\/wp\/v2\/comments?post=13563"}],"version-history":[{"count":3,"href":"https:\/\/saate.es\/ca\/wp-json\/wp\/v2\/pages\/13563\/revisions"}],"predecessor-version":[{"id":13568,"href":"https:\/\/saate.es\/ca\/wp-json\/wp\/v2\/pages\/13563\/revisions\/13568"}],"wp:attachment":[{"href":"https:\/\/saate.es\/ca\/wp-json\/wp\/v2\/media?parent=13563"}],"curies":[{"name":"wp","href":"https:\/\/api.w.org\/{rel}","templated":true}]}}