{"id":13569,"date":"2025-03-24T18:16:06","date_gmt":"2025-03-24T17:16:06","guid":{"rendered":"https:\/\/saate.es\/empresa-historia\/"},"modified":"2025-03-25T10:12:54","modified_gmt":"2025-03-25T09:12:54","slug":"empresa-historia","status":"publish","type":"page","link":"https:\/\/saate.es\/ca\/empresa\/equip\/","title":{"rendered":"El nostre equip"},"content":{"rendered":"<p>[et_pb_section fb_built=&#8221;1&#8243; _builder_version=&#8221;4.16&#8243; global_colors_info=&#8221;{}&#8221;][et_pb_row column_structure=&#8221;1_2,1_2&#8243; _builder_version=&#8221;4.27.4&#8243; _module_preset=&#8221;default&#8221; custom_margin=&#8221;||||false|false&#8221; custom_padding=&#8221;||||false|false&#8221; global_colors_info=&#8221;{}&#8221;][et_pb_column type=&#8221;1_2&#8243; _builder_version=&#8221;4.27.4&#8243; _module_preset=&#8221;default&#8221; global_colors_info=&#8221;{}&#8221;][et_pb_image src=&#8221;https:\/\/saate.es\/wp-content\/uploads\/2018\/03\/madrid-detalle-8.jpg&#8221; title_text=&#8221;Madrid Detalle 8&#8243; _builder_version=&#8221;4.27.4&#8243; _module_preset=&#8221;default&#8221; global_colors_info=&#8221;{}&#8221;][\/et_pb_image][\/et_pb_column][et_pb_column type=&#8221;1_2&#8243; _builder_version=&#8221;4.27.4&#8243; _module_preset=&#8221;default&#8221; global_colors_info=&#8221;{}&#8221;][et_pb_text _builder_version=&#8221;4.27.4&#8243; _module_preset=&#8221;default&#8221; hover_enabled=&#8221;0&#8243; global_colors_info=&#8221;{}&#8221; sticky_enabled=&#8221;0&#8243;]<\/p>\n<h2>El nostre equip<\/h2>\n<p>L&#8217;equip de SAATE \u00e9s l&#8217;\u00e0nima de la nostra empresa. M\u00e9s de 50 instal\u00b7ladors, juntament amb arquitectes i enginyers altament especialitzats, formen un grup de professionals que comparteixen la mateixa passi\u00f3 per la feina ben feta.<\/p>\n<p>Cada membre del nostre equip ent\u00e9n la import\u00e0ncia de la seva tasca i la responsabilitat de transformar edificis amb solucions eficients, sostenibles i est\u00e8ticament impecables. No nom\u00e9s instal\u00b7lem sistemes d&#8217;a\u00efllament t\u00e8rmic per l&#8217;exterior, constru\u00efm confian\u00e7a, valor i un llegat de qualitat que perdura a cada fa\u00e7ana.<\/p>\n<p>[\/et_pb_text][\/et_pb_column][\/et_pb_row][\/et_pb_section]<\/p>\n","protected":false},"excerpt":{"rendered":"<a href='https:\/\/saate.es\/ca\/empresa\/equip\/'>El nostre equip L&#8217;equip de SAATE \u00e9s l&#8217;\u00e0nima de la nostra empresa. M\u00e9s de 50 instal\u00b7ladors, juntament amb arquitectes i enginyers altament especialitzats, formen un grup de professionals que comparteixen la mateixa passi\u00f3 per la feina ben feta. Cada membre del nostre equip ent\u00e9n la import\u00e0ncia de la seva tasca i la responsabilitat de transformar\n<\/a>... <a href='https:\/\/saate.es\/ca\/empresa\/equip\/'>Llegir m&eacute;s<\/a>.","protected":false},"author":1,"featured_media":0,"parent":0,"menu_order":0,"comment_status":"closed","ping_status":"closed","template":"","meta":{"_et_pb_use_builder":"on","_et_pb_old_content":"","_et_gb_content_width":"","footnotes":""},"class_list":["post-13569","page","type-page","status-publish"],"_links":{"self":[{"href":"https:\/\/saate.es\/ca\/wp-json\/wp\/v2\/pages\/13569","targetHints":{"allow":["GET"]}}],"collection":[{"href":"https:\/\/saate.es\/ca\/wp-json\/wp\/v2\/pages"}],"about":[{"href":"https:\/\/saate.es\/ca\/wp-json\/wp\/v2\/types\/page"}],"author":[{"embeddable":true,"href":"https:\/\/saate.es\/ca\/wp-json\/wp\/v2\/users\/1"}],"replies":[{"embeddable":true,"href":"https:\/\/saate.es\/ca\/wp-json\/wp\/v2\/comments?post=13569"}],"version-history":[{"count":3,"href":"https:\/\/saate.es\/ca\/wp-json\/wp\/v2\/pages\/13569\/revisions"}],"predecessor-version":[{"id":13573,"href":"https:\/\/saate.es\/ca\/wp-json\/wp\/v2\/pages\/13569\/revisions\/13573"}],"wp:attachment":[{"href":"https:\/\/saate.es\/ca\/wp-json\/wp\/v2\/media?parent=13569"}],"curies":[{"name":"wp","href":"https:\/\/api.w.org\/{rel}","templated":true}]}}