{"id":13574,"date":"2025-03-24T18:18:05","date_gmt":"2025-03-24T17:18:05","guid":{"rendered":"https:\/\/saate.es\/innovacion-y-tecnologia\/"},"modified":"2025-03-25T10:21:22","modified_gmt":"2025-03-25T09:21:22","slug":"innovacion-y-tecnologia","status":"publish","type":"page","link":"https:\/\/saate.es\/ca\/empresa\/innovacio-tecnologia\/","title":{"rendered":"Innovaci\u00f3 i tecnologia"},"content":{"rendered":"<p>[et_pb_section fb_built=&#8221;1&#8243; _builder_version=&#8221;4.16&#8243; global_colors_info=&#8221;{}&#8221;][et_pb_row column_structure=&#8221;1_2,1_2&#8243; _builder_version=&#8221;4.27.4&#8243; _module_preset=&#8221;default&#8221; background_enable_color=&#8221;off&#8221; custom_margin=&#8221;20px||20px||false|false&#8221; custom_padding=&#8221;20px||20px||false|false&#8221; global_colors_info=&#8221;{}&#8221;][et_pb_column type=&#8221;1_2&#8243; _builder_version=&#8221;4.27.4&#8243; _module_preset=&#8221;default&#8221; global_colors_info=&#8221;{}&#8221;][et_pb_image src=&#8221;https:\/\/saate.es\/wp-content\/uploads\/2025\/03\/empresa1.jpg&#8221; title_text=&#8221;empresa1&#8243; _builder_version=&#8221;4.27.4&#8243; _module_preset=&#8221;default&#8221; global_colors_info=&#8221;{}&#8221;][\/et_pb_image][et_pb_image src=&#8221;https:\/\/saate.es\/wp-content\/uploads\/2025\/03\/empresa2.jpg&#8221; title_text=&#8221;empresa2&#8243; _builder_version=&#8221;4.27.4&#8243; _module_preset=&#8221;default&#8221; global_colors_info=&#8221;{}&#8221;][\/et_pb_image][\/et_pb_column][et_pb_column type=&#8221;1_2&#8243; _builder_version=&#8221;4.27.4&#8243; _module_preset=&#8221;default&#8221; global_colors_info=&#8221;{}&#8221;][et_pb_text _builder_version=&#8221;4.27.4&#8243; _module_preset=&#8221;default&#8221; global_colors_info=&#8221;{}&#8221;]<\/p>\n<h2>Innovaci\u00f3 i tecnologia<\/h2>\n<p>L&#8217;excel\u00b7l\u00e8ncia no nom\u00e9s s&#8217;aconsegueix amb experi\u00e8ncia sin\u00f3 tamb\u00e9 amb innovaci\u00f3. A SAATE integrem les \u00faltimes tecnologies per oferir solucions adaptades a cada projecte.<\/p>\n<p>&#8211; <b>Disseny digital:<\/b> Comptem amb un potent despatx t\u00e8cnic que desenvolupa detalls a AutoCAD i ofereix assessorament t\u00e8cnic en cada fase del projecte.<br \/>&#8211; <strong>Renderitzaci\u00f3 de fa\u00e7anes:<\/strong> Ajudem els nostres clients a visualitzar el resultat final abans de l&#8217;execuci\u00f3, facilitant la presa de decisions. <br \/>&#8211; <b>Color Lab by SAATE<\/b>: Disposem d&#8217;un laboratori de color on personalitzem els acabats amb precisi\u00f3, assegurant resultats \u00fanics i exclusius per a cada projecte.<br \/>&#8211; <b>MetalWorks by SAATE<\/b>: El nostre taller especialitzat en el tall i perfilat de xapes d&#8217;acer galvanitzat, prelacat. Gr\u00e0cies a aquesta capacitat interna, optimitzem cada detall de la instal\u00b7laci\u00f3, garantint precisi\u00f3, qualitat i solucions a mida per a cada projecte.<\/p>\n<p>[\/et_pb_text][\/et_pb_column][\/et_pb_row][\/et_pb_section]<\/p>\n","protected":false},"excerpt":{"rendered":"<a href='https:\/\/saate.es\/ca\/empresa\/innovacio-tecnologia\/'>Innovaci\u00f3 i tecnologia L&#8217;excel\u00b7l\u00e8ncia no nom\u00e9s s&#8217;aconsegueix amb experi\u00e8ncia sin\u00f3 tamb\u00e9 amb innovaci\u00f3. A SAATE integrem les \u00faltimes tecnologies per oferir solucions adaptades a cada projecte. &#8211; Disseny digital: Comptem amb un potent despatx t\u00e8cnic que desenvolupa detalls a AutoCAD i ofereix assessorament t\u00e8cnic en cada fase del projecte.- Renderitzaci\u00f3 de fa\u00e7anes: Ajudem els nostres\n<\/a>... <a href='https:\/\/saate.es\/ca\/empresa\/innovacio-tecnologia\/'>Llegir m&eacute;s<\/a>.","protected":false},"author":1,"featured_media":0,"parent":0,"menu_order":0,"comment_status":"closed","ping_status":"closed","template":"","meta":{"_et_pb_use_builder":"on","_et_pb_old_content":"","_et_gb_content_width":"","footnotes":""},"class_list":["post-13574","page","type-page","status-publish"],"_links":{"self":[{"href":"https:\/\/saate.es\/ca\/wp-json\/wp\/v2\/pages\/13574","targetHints":{"allow":["GET"]}}],"collection":[{"href":"https:\/\/saate.es\/ca\/wp-json\/wp\/v2\/pages"}],"about":[{"href":"https:\/\/saate.es\/ca\/wp-json\/wp\/v2\/types\/page"}],"author":[{"embeddable":true,"href":"https:\/\/saate.es\/ca\/wp-json\/wp\/v2\/users\/1"}],"replies":[{"embeddable":true,"href":"https:\/\/saate.es\/ca\/wp-json\/wp\/v2\/comments?post=13574"}],"version-history":[{"count":4,"href":"https:\/\/saate.es\/ca\/wp-json\/wp\/v2\/pages\/13574\/revisions"}],"predecessor-version":[{"id":13581,"href":"https:\/\/saate.es\/ca\/wp-json\/wp\/v2\/pages\/13574\/revisions\/13581"}],"wp:attachment":[{"href":"https:\/\/saate.es\/ca\/wp-json\/wp\/v2\/media?parent=13574"}],"curies":[{"name":"wp","href":"https:\/\/api.w.org\/{rel}","templated":true}]}}