{"id":13967,"date":"2025-03-31T10:06:04","date_gmt":"2025-03-31T08:06:04","guid":{"rendered":"https:\/\/saate.es\/fachada-sate-con-lana-de-roca\/"},"modified":"2025-04-03T09:24:35","modified_gmt":"2025-04-03T07:24:35","slug":"fachada-sate-con-lana-de-roca","status":"publish","type":"page","link":"https:\/\/saate.es\/ca\/sistemes\/facana-sate\/llana-de-roca\/","title":{"rendered":"Fa\u00e7ana SATE amb Llana de Roca"},"content":{"rendered":"<p>[et_pb_section fb_built=&#8221;1&#8243; _builder_version=&#8221;4.16&#8243; global_colors_info=&#8221;{}&#8221;][et_pb_row column_structure=&#8221;2_5,3_5&#8243; _builder_version=&#8221;4.16&#8243; background_size=&#8221;initial&#8221; background_position=&#8221;top_left&#8221; background_repeat=&#8221;repeat&#8221; global_colors_info=&#8221;{}&#8221;][et_pb_column type=&#8221;2_5&#8243; _builder_version=&#8221;4.16&#8243; custom_padding=&#8221;|||&#8221; global_colors_info=&#8221;{}&#8221; custom_padding__hover=&#8221;|||&#8221;][et_pb_image src=&#8221;https:\/\/saate.es\/wp-content\/uploads\/2025\/04\/fachada_sate_lana_roca.png&#8221; alt=&#8221;fachada ventilada de gres porcel\u00e1nico&#8221; title_text=&#8221;fachada_sate_lana_roca&#8221; align_tablet=&#8221;center&#8221; align_phone=&#8221;center&#8221; align_last_edited=&#8221;on|desktop&#8221; disabled_on=&#8221;off|off|off&#8221; module_class=&#8221;imatgesColumnaEsquerra&#8221; _builder_version=&#8221;4.27.4&#8243; global_colors_info=&#8221;{}&#8221;][\/et_pb_image][\/et_pb_column][et_pb_column type=&#8221;3_5&#8243; _builder_version=&#8221;4.16&#8243; custom_padding=&#8221;|||&#8221; global_colors_info=&#8221;{}&#8221; custom_padding__hover=&#8221;|||&#8221;][et_pb_text _builder_version=&#8221;4.27.4&#8243; global_colors_info=&#8221;{}&#8221;]<\/p>\n<h2>Descripci\u00f3 del sistema<\/h2>\n<p>&nbsp;<\/p>\n<p>El sistema SATE amb llana de roca est\u00e0 compost pels processos i materials seg\u00fcents, perfectament sincronitzats per oferir un a\u00efllament t\u00e8rmic i ac\u00fastic d&#8217;alt nivell, a m\u00e9s d&#8217;una excel\u00b7lent protecci\u00f3 contra el foc:<\/p>\n<p>1- Morter hidr\u00e0ulic que s&#8217;empra com a adhesiu i revestiment de plaques a\u00efllants de llana de roca.<\/p>\n<p>2- Panell d&#8217;a\u00efllament: Panell r\u00edgid de llana de roca, incombustible, amb excel\u00b7lent capacitat d&#8217;a\u00efllament t\u00e8rmic, gran absorci\u00f3 ac\u00fastica i alta transpirabilitat.<\/p>\n<p>3- Armadura: Morter d&#8217;armadura amb aglomerants org\u00e0nics, lliure de ciment, llest per a la seva aplicaci\u00f3.<\/p>\n<p>4- Malla de fibra de vidre: Alta resist\u00e8ncia a impactes i fissures, especialment adaptada per a sistemes amb llana de roca.<\/p>\n<p>5- Capa d&#8217;acabat: Acabat d&#8217;acabat amb base org\u00e0nica, disponible en una \u00e0mplia gamma de colors i textures.<\/p>\n<p>Tots els components estan dissenyats per funcionar com un sistema integrat, amb facilitat daplicaci\u00f3, m\u00e0xima durabilitat i excel\u00b7lents resultats tant en efici\u00e8ncia energ\u00e8tica com en confort interior. La seva resist\u00e8ncia al foc el converteix en una opci\u00f3 ideal per a edificis amb altes exig\u00e8ncies de seguretat.<\/p>\n<p>&nbsp;<\/p>\n<div class=\"gold_box\"><a href=\"\/ca\/projectes\/facana-sate\/unifamiliars\/\">Veure projectes realitzats<\/a><\/div>\n<p>[\/et_pb_text][\/et_pb_column][\/et_pb_row][et_pb_row _builder_version=&#8221;4.16&#8243; background_size=&#8221;initial&#8221; background_position=&#8221;top_left&#8221; background_repeat=&#8221;repeat&#8221; global_colors_info=&#8221;{}&#8221;][et_pb_column type=&#8221;4_4&#8243; _builder_version=&#8221;4.16&#8243; custom_padding=&#8221;|||&#8221; global_colors_info=&#8221;{}&#8221; custom_padding__hover=&#8221;|||&#8221;][et_pb_image src=&#8221;https:\/\/saate.es\/wp-content\/uploads\/2019\/03\/fachada_ventilada_gres_porcelanico_muestra_4-2.jpg&#8221; alt=&#8221;vivienda con fachada ventilada de gres porcel\u00e1nico&#8221; align_tablet=&#8221;center&#8221; align_phone=&#8221;center&#8221; align_last_edited=&#8221;on|desktop&#8221; disabled_on=&#8221;on|on|on&#8221; _builder_version=&#8221;4.27.4&#8243; disabled=&#8221;on&#8221; global_colors_info=&#8221;{}&#8221;][\/et_pb_image][\/et_pb_column][\/et_pb_row][et_pb_row column_structure=&#8221;1_2,1_2&#8243; _builder_version=&#8221;4.16&#8243; background_size=&#8221;initial&#8221; background_position=&#8221;top_left&#8221; background_repeat=&#8221;repeat&#8221; global_colors_info=&#8221;{}&#8221;][et_pb_column type=&#8221;1_2&#8243; _builder_version=&#8221;4.16&#8243; custom_padding=&#8221;|||&#8221; global_colors_info=&#8221;{}&#8221; custom_padding__hover=&#8221;|||&#8221;][et_pb_text _builder_version=&#8221;4.27.4&#8243; global_colors_info=&#8221;{}&#8221;]<\/p>\n<h2>Versatilitat en el disseny<\/h2>\n<p><span style=\"font-size: 18px;\">El sistema SATE amb llana de roca no nom\u00e9s ofereix prestacions t\u00e8cniques avan\u00e7ades, sin\u00f3 tamb\u00e9 una gran llibertat est\u00e8tica. Est\u00e0 disponible en m\u00e9s de 888 colors i diferents acabats:<\/span><\/p>\n<ul>\n<li><span style=\"font-size: 18px;\">1 mm<\/span><\/li>\n<li><span style=\"font-size: 18px;\">1,5 mm<\/span><\/li>\n<li><span style=\"font-size: 18px;\">2 mm<\/span><\/li>\n<li><span style=\"font-size: 18px;\">Arrebossat llis<\/span><\/li>\n<\/ul>\n<p><span style=\"font-size: 18px;\">Tots els acabats estan certificats com a part del sistema, garantint tant l&#8217;est\u00e8tica com el rendiment.<\/span><\/p>\n<p>[\/et_pb_text][\/et_pb_column][et_pb_column type=&#8221;1_2&#8243; _builder_version=&#8221;4.16&#8243; custom_padding=&#8221;|||&#8221; global_colors_info=&#8221;{}&#8221; custom_padding__hover=&#8221;|||&#8221;][et_pb_text _builder_version=&#8221;4.27.4&#8243; global_colors_info=&#8221;{}&#8221;]<\/p>\n<h2>Arguments t\u00e8cnics<\/h2>\n<p>El sistema SATE amb llana de roca ofereix els seg\u00fcents avantatges destacats:<\/p>\n<ul>\n<li><span style=\"font-size: 18px;\">A\u00efllament exterior continu<\/span><\/li>\n<li><span style=\"font-size: 18px;\">Eliminaci\u00f3 de ponts t\u00e8rmics<\/span><\/li>\n<li><span style=\"font-size: 18px;\">Alta resist\u00e8ncia al foc (material incombustible, Euroclasse A1)<\/span><\/li>\n<li><span style=\"font-size: 18px;\">Millora significativa de l&#8217;a\u00efllament ac\u00fastic<\/span><\/li>\n<li><span style=\"font-size: 18px;\">Gran transpirabilitat del mur<\/span><\/li>\n<li><span style=\"font-size: 18px;\">Prevenci\u00f3 de la condensaci\u00f3<\/span><\/li>\n<li><span style=\"font-size: 18px;\">Efecte de refredament natural a l&#8217;estiu<\/span><\/li>\n<li><span style=\"font-size: 18px;\">Reducci\u00f3 del consum energ\u00e8tic en calefacci\u00f3 i refrigeraci\u00f3<\/span><\/li>\n<li><span style=\"font-size: 18px;\">Manteniment senzill i llarga vida \u00fatil del sistema<\/span><\/li>\n<\/ul>\n<p>[\/et_pb_text][\/et_pb_column][\/et_pb_row][et_pb_row _builder_version=&#8221;4.16&#8243; background_size=&#8221;initial&#8221; background_position=&#8221;top_left&#8221; background_repeat=&#8221;repeat&#8221; global_module=&#8221;13113&#8243; global_colors_info=&#8221;{}&#8221;][et_pb_column type=&#8221;4_4&#8243; _builder_version=&#8221;4.16&#8243; custom_padding=&#8221;|||&#8221; global_colors_info=&#8221;{}&#8221; custom_padding__hover=&#8221;|||&#8221;][et_pb_text _builder_version=&#8221;4.27.4&#8243; global_colors_info=&#8221;{}&#8221;]<\/p>\n<h2>Explora les nostres solucions \u2013 Descarrega el cat\u00e0leg<\/h2>\n<p>[\/et_pb_text][\/et_pb_column][\/et_pb_row][et_pb_row column_structure=&#8221;1_2,1_2&#8243; _builder_version=&#8221;4.27.4&#8243; _module_preset=&#8221;default&#8221; global_module=&#8221;13960&#8243; global_colors_info=&#8221;{}&#8221;][et_pb_column type=&#8221;1_2&#8243; _builder_version=&#8221;4.27.4&#8243; _module_preset=&#8221;default&#8221; global_colors_info=&#8221;{}&#8221;][et_pb_image src=&#8221;https:\/\/saate.es\/wp-content\/uploads\/2025\/03\/cataleg_facana_sate_cases.jpg&#8221; alt=&#8221;Descarregui el cat\u00e0leg de Cases Unifamiliars&#8221; title_text=&#8221;cataleg_facana_sate_cases&#8221; url=&#8221;https:\/\/saate.es\/detalles-tecnicos\/catalogo-fachada-sate-unifamiliares.pdf&#8221; use_overlay=&#8221;on&#8221; overlay_icon_color=&#8221;#6B6B6B&#8221; hover_overlay_color=&#8221;#D6D6D6&#8243; hover_icon=&#8221;&#xf063;||fa||900&#8243; align=&#8221;center&#8221; _builder_version=&#8221;4.27.4&#8243; _module_preset=&#8221;default&#8221; height=&#8221;180px&#8221; box_shadow_style=&#8221;preset1&#8243; global_colors_info=&#8221;{}&#8221;][\/et_pb_image][\/et_pb_column][et_pb_column type=&#8221;1_2&#8243; _builder_version=&#8221;4.27.4&#8243; _module_preset=&#8221;default&#8221; global_colors_info=&#8221;{}&#8221;][et_pb_image src=&#8221;https:\/\/saate.es\/wp-content\/uploads\/2025\/03\/cataleg_facana_sate_residencials.jpg&#8221; alt=&#8221;Descarregui el cat\u00e0leg d&#8217;Edificis Residencials&#8221; title_text=&#8221;cataleg_facana_sate_residencials&#8221; url=&#8221;https:\/\/saate.es\/detalles-tecnicos\/catalogo-fachada-sate-residenciales.pdf&#8221; use_overlay=&#8221;on&#8221; overlay_icon_color=&#8221;#6B6B6B&#8221; hover_overlay_color=&#8221;#D6D6D6&#8243; hover_icon=&#8221;&#xf063;||fa||900&#8243; _builder_version=&#8221;4.27.4&#8243; _module_preset=&#8221;default&#8221; height=&#8221;180px&#8221; box_shadow_style=&#8221;preset1&#8243; global_colors_info=&#8221;{}&#8221;][\/et_pb_image][\/et_pb_column][\/et_pb_row][\/et_pb_section]<\/p>\n","protected":false},"excerpt":{"rendered":"<a href='https:\/\/saate.es\/ca\/sistemes\/facana-sate\/llana-de-roca\/'>Descripci\u00f3 del sistema &nbsp; El sistema SATE amb llana de roca est\u00e0 compost pels processos i materials seg\u00fcents, perfectament sincronitzats per oferir un a\u00efllament t\u00e8rmic i ac\u00fastic d&#8217;alt nivell, a m\u00e9s d&#8217;una excel\u00b7lent protecci\u00f3 contra el foc: 1- Morter hidr\u00e0ulic que s&#8217;empra com a adhesiu i revestiment de plaques a\u00efllants de llana de roca. 2-\n<\/a>... <a href='https:\/\/saate.es\/ca\/sistemes\/facana-sate\/llana-de-roca\/'>Llegir m&eacute;s<\/a>.","protected":false},"author":1,"featured_media":0,"parent":0,"menu_order":0,"comment_status":"closed","ping_status":"closed","template":"","meta":{"_et_pb_use_builder":"on","_et_pb_old_content":"","_et_gb_content_width":"","footnotes":""},"class_list":["post-13967","page","type-page","status-publish"],"_links":{"self":[{"href":"https:\/\/saate.es\/ca\/wp-json\/wp\/v2\/pages\/13967","targetHints":{"allow":["GET"]}}],"collection":[{"href":"https:\/\/saate.es\/ca\/wp-json\/wp\/v2\/pages"}],"about":[{"href":"https:\/\/saate.es\/ca\/wp-json\/wp\/v2\/types\/page"}],"author":[{"embeddable":true,"href":"https:\/\/saate.es\/ca\/wp-json\/wp\/v2\/users\/1"}],"replies":[{"embeddable":true,"href":"https:\/\/saate.es\/ca\/wp-json\/wp\/v2\/comments?post=13967"}],"version-history":[{"count":9,"href":"https:\/\/saate.es\/ca\/wp-json\/wp\/v2\/pages\/13967\/revisions"}],"predecessor-version":[{"id":14148,"href":"https:\/\/saate.es\/ca\/wp-json\/wp\/v2\/pages\/13967\/revisions\/14148"}],"wp:attachment":[{"href":"https:\/\/saate.es\/ca\/wp-json\/wp\/v2\/media?parent=13967"}],"curies":[{"name":"wp","href":"https:\/\/api.w.org\/{rel}","templated":true}]}}