{"id":13975,"date":"2025-03-31T10:08:25","date_gmt":"2025-03-31T08:08:25","guid":{"rendered":"https:\/\/saate.es\/fachada-sate-con-fibra-de-madera\/"},"modified":"2025-04-03T09:19:42","modified_gmt":"2025-04-03T07:19:42","slug":"fachada-sate-con-fibra-de-madera","status":"publish","type":"page","link":"https:\/\/saate.es\/ca\/sistemes\/facana-sate\/fibra-de-fusta\/","title":{"rendered":"Fa\u00e7ana SATE amb Fibra de Fusta"},"content":{"rendered":"<p>[et_pb_section fb_built=&#8221;1&#8243; _builder_version=&#8221;4.16&#8243; global_colors_info=&#8221;{}&#8221;][et_pb_row column_structure=&#8221;2_5,3_5&#8243; _builder_version=&#8221;4.16&#8243; background_size=&#8221;initial&#8221; background_position=&#8221;top_left&#8221; background_repeat=&#8221;repeat&#8221; global_colors_info=&#8221;{}&#8221;][et_pb_column type=&#8221;2_5&#8243; _builder_version=&#8221;4.16&#8243; custom_padding=&#8221;|||&#8221; global_colors_info=&#8221;{}&#8221; custom_padding__hover=&#8221;|||&#8221;][et_pb_image src=&#8221;https:\/\/saate.es\/wp-content\/uploads\/2025\/04\/fachada_sate_fibra_madera.png&#8221; alt=&#8221;fachada ventilada de gres porcel\u00e1nico&#8221; title_text=&#8221;fachada_sate_fibra_madera&#8221; align_tablet=&#8221;center&#8221; align_phone=&#8221;center&#8221; align_last_edited=&#8221;on|desktop&#8221; disabled_on=&#8221;off|off|off&#8221; module_class=&#8221;imatgesColumnaEsquerra&#8221; _builder_version=&#8221;4.27.4&#8243; hover_enabled=&#8221;0&#8243; global_colors_info=&#8221;{}&#8221; sticky_enabled=&#8221;0&#8243;][\/et_pb_image][\/et_pb_column][et_pb_column type=&#8221;3_5&#8243; _builder_version=&#8221;4.16&#8243; custom_padding=&#8221;|||&#8221; global_colors_info=&#8221;{}&#8221; custom_padding__hover=&#8221;|||&#8221;][et_pb_text _builder_version=&#8221;4.27.4&#8243; global_colors_info=&#8221;{}&#8221;]<\/p>\n<h2>Descripci\u00f3 del sistema<\/h2>\n<p>&nbsp;<\/p>\n<p>El sistema SATE amb fibra de fusta est\u00e0 compost pels seg\u00fcents processos i materials, que treballen conjuntament per proporcionar un a\u00efllament natural, altament transpirable i amb excel\u00b7lent comportament t\u00e8rmic i ac\u00fastic:<\/p>\n<p>1- Morter hidr\u00e0ulic que s&#8217;empra com a adhesiu i revestiment de plaques a\u00efllants de fibra de fusta.<\/p>\n<p>2- Panell d&#8217;a\u00efllament: Panell r\u00edgid de fibra de fusta, fabricat a partir de recursos renovables, amb alta capacitat d&#8217;a\u00efllament t\u00e8rmic i ac\u00fastic, transpirabilitat excel\u00b7lent i regulaci\u00f3 higrot\u00e8rmica natural.<\/p>\n<p>3- Armadura: Morter hidr\u00e0ulic per al revestiment de plaques a\u00efllants que permet una aplicaci\u00f3 eficient i una integraci\u00f3 perfecta amb el panell de fibra de fusta.<\/p>\n<p>4- Malla de fibra de vidre: Amb alta resist\u00e8ncia a impactes i fissuraci\u00f3, compatible amb suports naturals.<\/p>\n<p>5- Capa d&#8217;acabat: Arrebossat final de base org\u00e0nica, disponible en m\u00faltiples textures i colors, garantint protecci\u00f3 i est\u00e8tica duradora.<\/p>\n<p>El sistema est\u00e0 dissenyat per als que busquen una soluci\u00f3 d&#8217;a\u00efllament t\u00e8rmic exterior ecol\u00f2gica i efica\u00e7, sense renunciar a la durabilitat ni a les prestacions t\u00e8cniques exigides en construcci\u00f3 moderna i sostenible.<\/p>\n<p>&nbsp;<\/p>\n<div class=\"gold_box\"><a href=\"\/ca\/projectes\/facana-sate\/unifamiliars\/\">Veure projectes realitzats<\/a><\/div>\n<p>[\/et_pb_text][\/et_pb_column][\/et_pb_row][et_pb_row _builder_version=&#8221;4.16&#8243; background_size=&#8221;initial&#8221; background_position=&#8221;top_left&#8221; background_repeat=&#8221;repeat&#8221; global_colors_info=&#8221;{}&#8221;][et_pb_column type=&#8221;4_4&#8243; _builder_version=&#8221;4.16&#8243; custom_padding=&#8221;|||&#8221; global_colors_info=&#8221;{}&#8221; custom_padding__hover=&#8221;|||&#8221;][et_pb_image src=&#8221;https:\/\/saate.es\/wp-content\/uploads\/2019\/03\/fachada_ventilada_gres_porcelanico_muestra_4-2.jpg&#8221; alt=&#8221;vivienda con fachada ventilada de gres porcel\u00e1nico&#8221; align_tablet=&#8221;center&#8221; align_phone=&#8221;center&#8221; align_last_edited=&#8221;on|desktop&#8221; disabled_on=&#8221;on|on|on&#8221; _builder_version=&#8221;4.27.4&#8243; disabled=&#8221;on&#8221; global_colors_info=&#8221;{}&#8221;][\/et_pb_image][\/et_pb_column][\/et_pb_row][et_pb_row column_structure=&#8221;1_2,1_2&#8243; _builder_version=&#8221;4.16&#8243; background_size=&#8221;initial&#8221; background_position=&#8221;top_left&#8221; background_repeat=&#8221;repeat&#8221; global_colors_info=&#8221;{}&#8221;][et_pb_column type=&#8221;1_2&#8243; _builder_version=&#8221;4.16&#8243; custom_padding=&#8221;|||&#8221; global_colors_info=&#8221;{}&#8221; custom_padding__hover=&#8221;|||&#8221;][et_pb_text _builder_version=&#8221;4.27.4&#8243; global_colors_info=&#8221;{}&#8221;]<\/p>\n<h2>Versatilitat en el disseny<\/h2>\n<p><span style=\"font-size: 18px;\">El sistema SATE amb fibra de fusta ofereix total llibertat de disseny, amb m\u00e9s de 888 colors i acabats diferents:<\/span><\/p>\n<ul>\n<li><span style=\"font-size: 18px;\">1 mm<\/span><\/li>\n<li><span style=\"font-size: 18px;\">1,5 mm<\/span><\/li>\n<li><span style=\"font-size: 18px;\">2 mm<\/span><\/li>\n<li><span style=\"font-size: 18px;\">Arrebossat llis<\/span><\/li>\n<\/ul>\n<p><span style=\"font-size: 18px;\">Tots els acabats estan integrats al nostre sistema certificat, garantint el seu rendiment t\u00e8cnic i est\u00e8tic.<\/span><\/p>\n<p>[\/et_pb_text][\/et_pb_column][et_pb_column type=&#8221;1_2&#8243; _builder_version=&#8221;4.16&#8243; custom_padding=&#8221;|||&#8221; global_colors_info=&#8221;{}&#8221; custom_padding__hover=&#8221;|||&#8221;][et_pb_text _builder_version=&#8221;4.27.4&#8243; global_colors_info=&#8221;{}&#8221;]<\/p>\n<h2>Argumentos t\u00e9cnicos<\/h2>\n<p>El sistema SATE con fibra de madera destaca por:<\/p>\n<ul>\n<li><span style=\"font-size: 18px;\">Aislamiento exterior continuo<\/span><\/li>\n<li><span style=\"font-size: 18px;\">Eliminaci\u00f3n de puentes t\u00e9rmicos<\/span><\/li>\n<li><span style=\"font-size: 18px;\">Excelente transpirabilidad del muro (sistema abierto al vapor de agua)<\/span><\/li>\n<li><span style=\"font-size: 18px;\">Aislamiento t\u00e9rmico y ac\u00fastico natural<\/span><\/li>\n<li><span style=\"font-size: 18px;\">Regulaci\u00f3n higrot\u00e9rmica (protecci\u00f3n frente a humedad y sobrecalentamiento)<\/span><\/li>\n<li><span style=\"font-size: 18px;\">Comportamiento eficaz frente al calor estival (gran inercia t\u00e9rmica)<\/span><\/li>\n<li><span style=\"font-size: 18px;\">Bajo impacto ambiental (producto de origen vegetal y reciclable)<\/span><\/li>\n<li><span style=\"font-size: 18px;\">Apto para construcciones ecol\u00f3gicas y de bajo consumo energ\u00e9tico<\/span><\/li>\n<li><span style=\"font-size: 18px;\">Sistema duradero y de f\u00e1cil mantenimiento<\/span><\/li>\n<\/ul>\n<p>[\/et_pb_text][\/et_pb_column][\/et_pb_row][et_pb_row _builder_version=&#8221;4.16&#8243; background_size=&#8221;initial&#8221; background_position=&#8221;top_left&#8221; background_repeat=&#8221;repeat&#8221; global_module=&#8221;13113&#8243; global_colors_info=&#8221;{}&#8221;][et_pb_column type=&#8221;4_4&#8243; _builder_version=&#8221;4.16&#8243; custom_padding=&#8221;|||&#8221; global_colors_info=&#8221;{}&#8221; custom_padding__hover=&#8221;|||&#8221;][et_pb_text _builder_version=&#8221;4.27.4&#8243; global_colors_info=&#8221;{}&#8221;]<\/p>\n<h2>Explora les nostres solucions \u2013 Descarrega el cat\u00e0leg<\/h2>\n<p>[\/et_pb_text][\/et_pb_column][\/et_pb_row][et_pb_row column_structure=&#8221;1_2,1_2&#8243; _builder_version=&#8221;4.27.4&#8243; _module_preset=&#8221;default&#8221; global_module=&#8221;13960&#8243; global_colors_info=&#8221;{}&#8221;][et_pb_column type=&#8221;1_2&#8243; _builder_version=&#8221;4.27.4&#8243; _module_preset=&#8221;default&#8221; global_colors_info=&#8221;{}&#8221;][et_pb_image src=&#8221;https:\/\/saate.es\/wp-content\/uploads\/2025\/03\/cataleg_facana_sate_cases.jpg&#8221; alt=&#8221;Descarregui el cat\u00e0leg de Cases Unifamiliars&#8221; title_text=&#8221;cataleg_facana_sate_cases&#8221; url=&#8221;https:\/\/saate.es\/detalles-tecnicos\/catalogo-fachada-sate-unifamiliares.pdf&#8221; use_overlay=&#8221;on&#8221; overlay_icon_color=&#8221;#6B6B6B&#8221; hover_overlay_color=&#8221;#D6D6D6&#8243; hover_icon=&#8221;&#xf063;||fa||900&#8243; align=&#8221;center&#8221; _builder_version=&#8221;4.27.4&#8243; _module_preset=&#8221;default&#8221; height=&#8221;180px&#8221; box_shadow_style=&#8221;preset1&#8243; global_colors_info=&#8221;{}&#8221;][\/et_pb_image][\/et_pb_column][et_pb_column type=&#8221;1_2&#8243; _builder_version=&#8221;4.27.4&#8243; _module_preset=&#8221;default&#8221; global_colors_info=&#8221;{}&#8221;][et_pb_image src=&#8221;https:\/\/saate.es\/wp-content\/uploads\/2025\/03\/cataleg_facana_sate_residencials.jpg&#8221; alt=&#8221;Descarregui el cat\u00e0leg d&#8217;Edificis Residencials&#8221; title_text=&#8221;cataleg_facana_sate_residencials&#8221; url=&#8221;https:\/\/saate.es\/detalles-tecnicos\/catalogo-fachada-sate-residenciales.pdf&#8221; use_overlay=&#8221;on&#8221; overlay_icon_color=&#8221;#6B6B6B&#8221; hover_overlay_color=&#8221;#D6D6D6&#8243; hover_icon=&#8221;&#xf063;||fa||900&#8243; _builder_version=&#8221;4.27.4&#8243; _module_preset=&#8221;default&#8221; height=&#8221;180px&#8221; box_shadow_style=&#8221;preset1&#8243; global_colors_info=&#8221;{}&#8221;][\/et_pb_image][\/et_pb_column][\/et_pb_row][\/et_pb_section]<\/p>\n","protected":false},"excerpt":{"rendered":"<a href='https:\/\/saate.es\/ca\/sistemes\/facana-sate\/fibra-de-fusta\/'>Descripci\u00f3 del sistema &nbsp; El sistema SATE amb fibra de fusta est\u00e0 compost pels seg\u00fcents processos i materials, que treballen conjuntament per proporcionar un a\u00efllament natural, altament transpirable i amb excel\u00b7lent comportament t\u00e8rmic i ac\u00fastic: 1- Morter hidr\u00e0ulic que s&#8217;empra com a adhesiu i revestiment de plaques a\u00efllants de fibra de fusta. 2- Panell d&#8217;a\u00efllament:\n<\/a>... <a href='https:\/\/saate.es\/ca\/sistemes\/facana-sate\/fibra-de-fusta\/'>Llegir m&eacute;s<\/a>.","protected":false},"author":1,"featured_media":0,"parent":0,"menu_order":0,"comment_status":"closed","ping_status":"closed","template":"","meta":{"_et_pb_use_builder":"on","_et_pb_old_content":"","_et_gb_content_width":"","footnotes":""},"class_list":["post-13975","page","type-page","status-publish"],"_links":{"self":[{"href":"https:\/\/saate.es\/ca\/wp-json\/wp\/v2\/pages\/13975","targetHints":{"allow":["GET"]}}],"collection":[{"href":"https:\/\/saate.es\/ca\/wp-json\/wp\/v2\/pages"}],"about":[{"href":"https:\/\/saate.es\/ca\/wp-json\/wp\/v2\/types\/page"}],"author":[{"embeddable":true,"href":"https:\/\/saate.es\/ca\/wp-json\/wp\/v2\/users\/1"}],"replies":[{"embeddable":true,"href":"https:\/\/saate.es\/ca\/wp-json\/wp\/v2\/comments?post=13975"}],"version-history":[{"count":7,"href":"https:\/\/saate.es\/ca\/wp-json\/wp\/v2\/pages\/13975\/revisions"}],"predecessor-version":[{"id":14141,"href":"https:\/\/saate.es\/ca\/wp-json\/wp\/v2\/pages\/13975\/revisions\/14141"}],"wp:attachment":[{"href":"https:\/\/saate.es\/ca\/wp-json\/wp\/v2\/media?parent=13975"}],"curies":[{"name":"wp","href":"https:\/\/api.w.org\/{rel}","templated":true}]}}