{"id":14078,"date":"2025-04-02T06:35:32","date_gmt":"2025-04-02T04:35:32","guid":{"rendered":"https:\/\/saate.es\/fachada-sate-eps\/"},"modified":"2025-04-03T09:16:06","modified_gmt":"2025-04-03T07:16:06","slug":"fachada-sate-eps","status":"publish","type":"page","link":"https:\/\/saate.es\/ca\/sistemes\/facana-sate\/eps\/","title":{"rendered":"Fa\u00e7ana SATE EPS"},"content":{"rendered":"<p>[et_pb_section fb_built=&#8221;1&#8243; _builder_version=&#8221;4.16&#8243; global_colors_info=&#8221;{}&#8221;][et_pb_row column_structure=&#8221;2_5,3_5&#8243; _builder_version=&#8221;4.16&#8243; background_size=&#8221;initial&#8221; background_position=&#8221;top_left&#8221; background_repeat=&#8221;repeat&#8221; global_colors_info=&#8221;{}&#8221;][et_pb_column type=&#8221;2_5&#8243; _builder_version=&#8221;4.16&#8243; custom_padding=&#8221;|||&#8221; global_colors_info=&#8221;{}&#8221; custom_padding__hover=&#8221;|||&#8221;][et_pb_image src=&#8221;https:\/\/saate.es\/wp-content\/uploads\/2025\/04\/fachada_sate_EPS.png&#8221; alt=&#8221;fachada ventilada de gres porcel\u00e1nico&#8221; title_text=&#8221;fachada_sate_EPS&#8221; align_tablet=&#8221;center&#8221; align_phone=&#8221;center&#8221; align_last_edited=&#8221;on|desktop&#8221; disabled_on=&#8221;off|off|off&#8221; module_class=&#8221;imatgesColumnaEsquerra&#8221; _builder_version=&#8221;4.27.4&#8243; hover_enabled=&#8221;0&#8243; global_colors_info=&#8221;{}&#8221; sticky_enabled=&#8221;0&#8243;][\/et_pb_image][\/et_pb_column][et_pb_column type=&#8221;3_5&#8243; _builder_version=&#8221;4.16&#8243; custom_padding=&#8221;|||&#8221; global_colors_info=&#8221;{}&#8221; custom_padding__hover=&#8221;|||&#8221;][et_pb_text _builder_version=&#8221;4.27.4&#8243; global_colors_info=&#8221;{}&#8221;]<\/p>\n<h2>Descripci\u00f3 del sistema<\/h2>\n<p>&nbsp;<\/p>\n<p>El sistema SATE amb EPS est\u00e0 compost pels processos i materials seg\u00fcents, perfectament coordinats entre si per oferir un a\u00efllament t\u00e8rmic d&#8217;alt rendiment:<\/p>\n<p>1- Morter hidr\u00e0ulic que s&#8217;empra com a adhesiu i revestiment de plaques a\u00efllants de poliestir\u00e8 expandit.<\/p>\n<p>2- Panell d&#8217;escuma r\u00edgida: Panell EPS de poliestir\u00e8 expandit lliure de HC.<\/p>\n<p>3- Armadura: Morter d&#8217;armadura amb aglomerants org\u00e0nics, lliure de ciment, llest per a l&#8217;\u00fas.<\/p>\n<p>4- Malla de fibra de vidre: Alta resist\u00e8ncia a l&#8217;esquerdament i als impactes, complint amb els est\u00e0ndards m\u00e9s exigents de durabilitat.<\/p>\n<p>5- Capa d&#8217;acabat: Acabat d&#8217;acabat amb base org\u00e0nica, llest per aplicar, disponible en m\u00faltiples textures i colors.<\/p>\n<p>Tots els components estan dissenyats per a una integraci\u00f3 perfecta, cosa que permet una instal\u00b7laci\u00f3 r\u00e0pida, segura i duradora. El sistema ofereix una resist\u00e8ncia excel\u00b7lent davant la intemp\u00e8rie i el pas del temps, conservant tant el confort t\u00e8rmic interior com l&#8217;aspecte exterior de l&#8217;edifici durant d\u00e8cades.<\/p>\n<p>&nbsp;<\/p>\n<div class=\"gold_box\"><a href=\"\/ca\/projectes\/facana-sate\/unifamiliars\/\">Veure projectes realitzats<\/a><\/div>\n<p>[\/et_pb_text][\/et_pb_column][\/et_pb_row][et_pb_row _builder_version=&#8221;4.16&#8243; background_size=&#8221;initial&#8221; background_position=&#8221;top_left&#8221; background_repeat=&#8221;repeat&#8221; global_colors_info=&#8221;{}&#8221;][et_pb_column type=&#8221;4_4&#8243; _builder_version=&#8221;4.16&#8243; custom_padding=&#8221;|||&#8221; global_colors_info=&#8221;{}&#8221; custom_padding__hover=&#8221;|||&#8221;][et_pb_image src=&#8221;https:\/\/saate.es\/wp-content\/uploads\/2019\/03\/fachada_ventilada_gres_porcelanico_muestra_4-2.jpg&#8221; alt=&#8221;vivienda con fachada ventilada de gres porcel\u00e1nico&#8221; align_tablet=&#8221;center&#8221; align_phone=&#8221;center&#8221; align_last_edited=&#8221;on|desktop&#8221; disabled_on=&#8221;on|on|on&#8221; _builder_version=&#8221;4.27.4&#8243; disabled=&#8221;on&#8221; global_colors_info=&#8221;{}&#8221;][\/et_pb_image][\/et_pb_column][\/et_pb_row][et_pb_row column_structure=&#8221;1_2,1_2&#8243; _builder_version=&#8221;4.16&#8243; background_size=&#8221;initial&#8221; background_position=&#8221;top_left&#8221; background_repeat=&#8221;repeat&#8221; global_colors_info=&#8221;{}&#8221;][et_pb_column type=&#8221;1_2&#8243; _builder_version=&#8221;4.16&#8243; custom_padding=&#8221;|||&#8221; global_colors_info=&#8221;{}&#8221; custom_padding__hover=&#8221;|||&#8221;][et_pb_text _builder_version=&#8221;4.27.4&#8243; global_colors_info=&#8221;{}&#8221;]<\/p>\n<h2>Versatilitat en el disseny<\/h2>\n<p><span style=\"font-size: 18px;\">El sistema SATE amb EPS mant\u00e9 tota la flexibilitat est\u00e8tica dels sistemes tradicionals. Est\u00e0 disponible en m\u00e9s de 888 colors i diferents estructures de arrebossat:<\/span><\/p>\n<ul>\n<li><span style=\"font-size: 18px;\">1 mm<\/span><\/li>\n<li><span style=\"font-size: 18px;\">1,5 mm<\/span><\/li>\n<li><span style=\"font-size: 18px;\">2 mm<\/span><\/li>\n<li><span style=\"font-size: 18px;\">Arrebosssat llis<\/span><\/li>\n<\/ul>\n<p><span style=\"font-size: 18px;\">Sigui quin sigui l&#8217;acabat que trieu, tots formen part del nostre sistema certificat i garantit.<\/span><\/p>\n<p>[\/et_pb_text][\/et_pb_column][et_pb_column type=&#8221;1_2&#8243; _builder_version=&#8221;4.16&#8243; custom_padding=&#8221;|||&#8221; global_colors_info=&#8221;{}&#8221; custom_padding__hover=&#8221;|||&#8221;][et_pb_text _builder_version=&#8221;4.27.4&#8243; global_colors_info=&#8221;{}&#8221;]<\/p>\n<h2>Arguments t\u00e8cnics<\/h2>\n<p>El sistema SATE amb EPS aporta avantatges t\u00e8cnics superiors:<\/p>\n<ul>\n<li><span style=\"font-size: 18px;\">A\u00efllament exterior continu<\/span><\/li>\n<li><span style=\"font-size: 18px;\">Eliminaci\u00f3 ponts t\u00e8rmics<\/span><\/li>\n<li><span style=\"font-size: 18px;\">Prevenci\u00f3 de la condensaci\u00f3<\/span><\/li>\n<li><span style=\"font-size: 18px;\">Efecte refrescant a l&#8217;estiu<\/span><\/li>\n<li><span style=\"font-size: 18px;\">Baix consum calefacci\u00f3<\/span><\/li>\n<li><span style=\"font-size: 18px;\">Augment de l&#8217;a\u00efllament ac\u00fastic<\/span><\/li>\n<li><span style=\"font-size: 18px;\">Sistema de f\u00e0cil manteniment i alta durabilitat<\/span><\/li>\n<\/ul>\n<p>[\/et_pb_text][\/et_pb_column][\/et_pb_row][et_pb_row _builder_version=&#8221;4.16&#8243; background_size=&#8221;initial&#8221; background_position=&#8221;top_left&#8221; background_repeat=&#8221;repeat&#8221; global_module=&#8221;13113&#8243; global_colors_info=&#8221;{}&#8221;][et_pb_column type=&#8221;4_4&#8243; _builder_version=&#8221;4.16&#8243; custom_padding=&#8221;|||&#8221; global_colors_info=&#8221;{}&#8221; custom_padding__hover=&#8221;|||&#8221;][et_pb_text _builder_version=&#8221;4.27.4&#8243; global_colors_info=&#8221;{}&#8221;]<\/p>\n<h2>Explora les nostres solucions \u2013 Descarrega el cat\u00e0leg<\/h2>\n<p>[\/et_pb_text][\/et_pb_column][\/et_pb_row][et_pb_row column_structure=&#8221;1_2,1_2&#8243; _builder_version=&#8221;4.27.4&#8243; _module_preset=&#8221;default&#8221; global_module=&#8221;13960&#8243; global_colors_info=&#8221;{}&#8221;][et_pb_column type=&#8221;1_2&#8243; _builder_version=&#8221;4.27.4&#8243; _module_preset=&#8221;default&#8221; global_colors_info=&#8221;{}&#8221;][et_pb_image src=&#8221;https:\/\/saate.es\/wp-content\/uploads\/2025\/03\/cataleg_facana_sate_cases.jpg&#8221; alt=&#8221;Descarregui el cat\u00e0leg de Cases Unifamiliars&#8221; title_text=&#8221;cataleg_facana_sate_cases&#8221; url=&#8221;https:\/\/saate.es\/detalles-tecnicos\/catalogo-fachada-sate-unifamiliares.pdf&#8221; use_overlay=&#8221;on&#8221; overlay_icon_color=&#8221;#6B6B6B&#8221; hover_overlay_color=&#8221;#D6D6D6&#8243; hover_icon=&#8221;&#xf063;||fa||900&#8243; align=&#8221;center&#8221; _builder_version=&#8221;4.27.4&#8243; _module_preset=&#8221;default&#8221; height=&#8221;180px&#8221; box_shadow_style=&#8221;preset1&#8243; global_colors_info=&#8221;{}&#8221;][\/et_pb_image][\/et_pb_column][et_pb_column type=&#8221;1_2&#8243; _builder_version=&#8221;4.27.4&#8243; _module_preset=&#8221;default&#8221; global_colors_info=&#8221;{}&#8221;][et_pb_image src=&#8221;https:\/\/saate.es\/wp-content\/uploads\/2025\/03\/cataleg_facana_sate_residencials.jpg&#8221; alt=&#8221;Descarregui el cat\u00e0leg d&#8217;Edificis Residencials&#8221; title_text=&#8221;cataleg_facana_sate_residencials&#8221; url=&#8221;https:\/\/saate.es\/detalles-tecnicos\/catalogo-fachada-sate-residenciales.pdf&#8221; use_overlay=&#8221;on&#8221; overlay_icon_color=&#8221;#6B6B6B&#8221; hover_overlay_color=&#8221;#D6D6D6&#8243; hover_icon=&#8221;&#xf063;||fa||900&#8243; _builder_version=&#8221;4.27.4&#8243; _module_preset=&#8221;default&#8221; height=&#8221;180px&#8221; box_shadow_style=&#8221;preset1&#8243; global_colors_info=&#8221;{}&#8221;][\/et_pb_image][\/et_pb_column][\/et_pb_row][\/et_pb_section]<\/p>\n","protected":false},"excerpt":{"rendered":"<a href='https:\/\/saate.es\/ca\/sistemes\/facana-sate\/eps\/'>Descripci\u00f3 del sistema &nbsp; El sistema SATE amb EPS est\u00e0 compost pels processos i materials seg\u00fcents, perfectament coordinats entre si per oferir un a\u00efllament t\u00e8rmic d&#8217;alt rendiment: 1- Morter hidr\u00e0ulic que s&#8217;empra com a adhesiu i revestiment de plaques a\u00efllants de poliestir\u00e8 expandit. 2- Panell d&#8217;escuma r\u00edgida: Panell EPS de poliestir\u00e8 expandit lliure de HC.\n<\/a>... <a href='https:\/\/saate.es\/ca\/sistemes\/facana-sate\/eps\/'>Llegir m&eacute;s<\/a>.","protected":false},"author":1,"featured_media":0,"parent":0,"menu_order":0,"comment_status":"closed","ping_status":"closed","template":"","meta":{"_et_pb_use_builder":"on","_et_pb_old_content":"","_et_gb_content_width":"","footnotes":""},"class_list":["post-14078","page","type-page","status-publish"],"_links":{"self":[{"href":"https:\/\/saate.es\/ca\/wp-json\/wp\/v2\/pages\/14078","targetHints":{"allow":["GET"]}}],"collection":[{"href":"https:\/\/saate.es\/ca\/wp-json\/wp\/v2\/pages"}],"about":[{"href":"https:\/\/saate.es\/ca\/wp-json\/wp\/v2\/types\/page"}],"author":[{"embeddable":true,"href":"https:\/\/saate.es\/ca\/wp-json\/wp\/v2\/users\/1"}],"replies":[{"embeddable":true,"href":"https:\/\/saate.es\/ca\/wp-json\/wp\/v2\/comments?post=14078"}],"version-history":[{"count":9,"href":"https:\/\/saate.es\/ca\/wp-json\/wp\/v2\/pages\/14078\/revisions"}],"predecessor-version":[{"id":14136,"href":"https:\/\/saate.es\/ca\/wp-json\/wp\/v2\/pages\/14078\/revisions\/14136"}],"wp:attachment":[{"href":"https:\/\/saate.es\/ca\/wp-json\/wp\/v2\/media?parent=14078"}],"curies":[{"name":"wp","href":"https:\/\/api.w.org\/{rel}","templated":true}]}}