{"id":2652,"date":"2020-07-04T06:52:18","date_gmt":"2020-07-04T04:52:18","guid":{"rendered":"https:\/\/saate.es\/concepte\/"},"modified":"2025-03-25T09:58:29","modified_gmt":"2025-03-25T08:58:29","slug":"concepte","status":"publish","type":"page","link":"https:\/\/saate.es\/ca\/empresa\/","title":{"rendered":"Empresa"},"content":{"rendered":"<p>[et_pb_section fb_built=&#8221;1&#8243; _builder_version=&#8221;4.16&#8243; global_colors_info=&#8221;{}&#8221;][et_pb_row _builder_version=&#8221;4.16&#8243; background_size=&#8221;initial&#8221; background_position=&#8221;top_left&#8221; background_repeat=&#8221;repeat&#8221; global_colors_info=&#8221;{}&#8221; disabled_on=&#8221;on|on|on&#8221; disabled=&#8221;on&#8221;][et_pb_column type=&#8221;4_4&#8243; _builder_version=&#8221;4.16&#8243; custom_padding=&#8221;|||&#8221; global_colors_info=&#8221;{}&#8221; custom_padding__hover=&#8221;|||&#8221;][et_pb_image src=&#8221;https:\/\/saate.es\/wp-content\/uploads\/2018\/02\/concepto_saate.jpg&#8221; align=&#8221;center&#8221; align_tablet=&#8221;center&#8221; align_phone=&#8221;&#8221; align_last_edited=&#8221;on|desktop&#8221; _builder_version=&#8221;4.16&#8243; always_center_on_mobile=&#8221;on&#8221; global_colors_info=&#8221;{}&#8221;][\/et_pb_image][et_pb_text _builder_version=&#8221;4.16&#8243; global_colors_info=&#8221;{}&#8221;]<\/p>\n<h2>Els nostres valors<\/h2>\n<p>[\/et_pb_text][\/et_pb_column][\/et_pb_row][et_pb_row column_structure=&#8221;1_4,1_4,1_4,1_4&#8243; make_equal=&#8221;on&#8221; _builder_version=&#8221;4.16&#8243; custom_css_main_element=&#8221;margin-top:-20px !important;&#8221; global_colors_info=&#8221;{}&#8221; disabled_on=&#8221;on|on|on&#8221; disabled=&#8221;on&#8221;][et_pb_column type=&#8221;1_4&#8243; _builder_version=&#8221;4.16&#8243; custom_padding=&#8221;|||&#8221; global_colors_info=&#8221;{}&#8221; custom_padding__hover=&#8221;|||&#8221;][et_pb_text _builder_version=&#8221;4.16&#8243; global_colors_info=&#8221;{}&#8221;]<\/p>\n<h3>Honestedat<\/h3>\n<p>Triem i instal\u00b7lem \u00fanicament i exclusivament els materials que millor s&#8217;adaptin a les seves necessitats i prefer\u00e8ncies, evitant aix\u00ed, prendre decisions basades en els nostres marges comercials. La seva satisfacci\u00f3 \u00e9s el m\u00e9s important.<\/p>\n<p>[\/et_pb_text][\/et_pb_column][et_pb_column type=&#8221;1_4&#8243; _builder_version=&#8221;4.16&#8243; custom_padding=&#8221;|||&#8221; global_colors_info=&#8221;{}&#8221; custom_padding__hover=&#8221;|||&#8221;][et_pb_text _builder_version=&#8221;4.16&#8243; global_colors_info=&#8221;{}&#8221;]<\/p>\n<h3>Innovaci\u00f3<\/h3>\n<p>Tot i que actualment dissenyem i instal\u00b7lem els millors sistemes de mercat, la innovaci\u00f3 \u00e9s fonamental per a nosaltres, ja que ens permet mantenir el nostre alt nivell d&#8217;exig\u00e8ncia a trav\u00e9s de la recerca i el desenvolupament de nous productes.<\/p>\n<p>[\/et_pb_text][\/et_pb_column][et_pb_column type=&#8221;1_4&#8243; _builder_version=&#8221;4.16&#8243; custom_padding=&#8221;|||&#8221; global_colors_info=&#8221;{}&#8221; custom_padding__hover=&#8221;|||&#8221;][et_pb_text _builder_version=&#8221;4.16&#8243; global_colors_info=&#8221;{}&#8221;]<\/p>\n<h3>Disseny<\/h3>\n<p>Nosaltres ens prenem molt seriosament cadascun dels detalls que integren el revestiment, creant una harmonia i perfecci\u00f3 d&#8217;acabat que realcen el valor est\u00e8tic del conjunt.<\/p>\n<p>[\/et_pb_text][\/et_pb_column][et_pb_column type=&#8221;1_4&#8243; _builder_version=&#8221;4.16&#8243; custom_padding=&#8221;|||&#8221; global_colors_info=&#8221;{}&#8221; custom_padding__hover=&#8221;|||&#8221;][et_pb_text _builder_version=&#8221;4.16&#8243; global_colors_info=&#8221;{}&#8221;]<\/p>\n<h3>Servei<\/h3>\n<p>El nostre objectiu \u00e9s que vost\u00e8 quedi satisfet, pel que el nostre equip est\u00e0 preparat i format per assessorar durant tot el proc\u00e9s: abans, durant i despr\u00e9s de la instal\u00b7laci\u00f3.<\/p>\n<p>[\/et_pb_text][\/et_pb_column][\/et_pb_row][et_pb_row _builder_version=&#8221;4.27.4&#8243; _module_preset=&#8221;default&#8221; column_structure=&#8221;1_2,1_2&#8243;][et_pb_column _builder_version=&#8221;4.27.4&#8243; _module_preset=&#8221;default&#8221; type=&#8221;1_2&#8243;][et_pb_image _builder_version=&#8221;4.27.4&#8243; _module_preset=&#8221;default&#8221; title_text=&#8221;empresa3&#8243; src=&#8221;https:\/\/saate.es\/wp-content\/uploads\/2025\/03\/empresa3.jpg&#8221; hover_enabled=&#8221;0&#8243; sticky_enabled=&#8221;0&#8243;][\/et_pb_image][et_pb_image _builder_version=&#8221;4.27.4&#8243; _module_preset=&#8221;default&#8221; title_text=&#8221;IMG_20220404_100659&#8243; src=&#8221;https:\/\/saate.es\/wp-content\/uploads\/2025\/02\/IMG_20220404_100659.jpg&#8221; hover_enabled=&#8221;0&#8243; sticky_enabled=&#8221;0&#8243;][\/et_pb_image][\/et_pb_column][et_pb_column _builder_version=&#8221;4.27.4&#8243; _module_preset=&#8221;default&#8221; type=&#8221;1_2&#8243;][et_pb_text _builder_version=&#8221;4.27.4&#8243; _module_preset=&#8221;default&#8221; hover_enabled=&#8221;0&#8243; sticky_enabled=&#8221;0&#8243;]<\/p>\n<h2>SAATE: L&#8217;excel\u00b7l\u00e8ncia en cada detall<\/h2>\n<p>A SAATE no nom\u00e9s instal\u00b7lem sistemes d&#8217;a\u00efllament t\u00e8rmic per l&#8217;exterior, creem fa\u00e7anes que transcendeixen el temps. Cada projecte \u00e9s un comprom\u00eds amb la qualitat, la innovaci\u00f3 i la precisi\u00f3. Som especialistes en transformar edificis amb solucions t\u00e8cniques avan\u00e7ades que milloren el confort, l&#8217;efici\u00e8ncia energ\u00e8tica i l&#8217;est\u00e8tica, sempre amb el m\u00e0xim rigor.<\/p>\n<p>Des de la selecci\u00f3 de materials fins a l&#8217;execuci\u00f3 a l&#8217;obra, a SAATE cada detall compta. Perqu\u00e8 entenem que una fa\u00e7ana no \u00e9s nom\u00e9s una pell, sin\u00f3 l&#8217;expressi\u00f3 d&#8217;una feina ben feta, d&#8217;una visi\u00f3 que combina funcionalitat i bellesa en perfecte equilibri.<\/p>\n<p>Amb cada fa\u00e7ana, amb cada projecte, reafirmem la nostra dedicaci\u00f3 a un ofici que no deixa lloc a les concessions. Instal\u00b7lem amb la minuciositat d&#8217;un artes\u00e0, amb la precisi\u00f3 d&#8217;un enginyer i amb la passi\u00f3 de qui sap que la feina marcar\u00e0 la difer\u00e8ncia durant d\u00e8cades.<\/p>\n<p>SAATE \u00e9s m\u00e9s que una empresa: \u00e9s un comprom\u00eds amb la qualitat, la durabilitat i el disseny. Perqu\u00e8 a cada edifici que renovem o creem, deixem una firma invisible, per\u00f2 inconfusible.<\/p>\n<p>[\/et_pb_text][\/et_pb_column][\/et_pb_row][\/et_pb_section]<\/p>\n","protected":false},"excerpt":{"rendered":"<a href='https:\/\/saate.es\/ca\/empresa\/'>SAATE Premium Building Systems \u00e9s l&#8217;empresa de refer\u00e8ncia a Catalunya en sistemes d&#8217;a\u00efllament t\u00e8rmic per l&#8217;exterior per a habitatges d&#8217;alta gamma.\n<\/a>... <a href='https:\/\/saate.es\/ca\/empresa\/'>Llegir m&eacute;s<\/a>.","protected":false},"author":1,"featured_media":0,"parent":0,"menu_order":0,"comment_status":"closed","ping_status":"closed","template":"","meta":{"_et_pb_use_builder":"on","_et_pb_old_content":"","_et_gb_content_width":"","footnotes":""},"class_list":["post-2652","page","type-page","status-publish"],"_links":{"self":[{"href":"https:\/\/saate.es\/ca\/wp-json\/wp\/v2\/pages\/2652","targetHints":{"allow":["GET"]}}],"collection":[{"href":"https:\/\/saate.es\/ca\/wp-json\/wp\/v2\/pages"}],"about":[{"href":"https:\/\/saate.es\/ca\/wp-json\/wp\/v2\/types\/page"}],"author":[{"embeddable":true,"href":"https:\/\/saate.es\/ca\/wp-json\/wp\/v2\/users\/1"}],"replies":[{"embeddable":true,"href":"https:\/\/saate.es\/ca\/wp-json\/wp\/v2\/comments?post=2652"}],"version-history":[{"count":11,"href":"https:\/\/saate.es\/ca\/wp-json\/wp\/v2\/pages\/2652\/revisions"}],"predecessor-version":[{"id":13556,"href":"https:\/\/saate.es\/ca\/wp-json\/wp\/v2\/pages\/2652\/revisions\/13556"}],"wp:attachment":[{"href":"https:\/\/saate.es\/ca\/wp-json\/wp\/v2\/media?parent=2652"}],"curies":[{"name":"wp","href":"https:\/\/api.w.org\/{rel}","templated":true}]}}