{"id":2669,"date":"2020-07-04T16:54:18","date_gmt":"2020-07-04T14:54:18","guid":{"rendered":"https:\/\/saate.es\/sistemes\/"},"modified":"2025-03-14T12:31:09","modified_gmt":"2025-03-14T11:31:09","slug":"sistemes","status":"publish","type":"page","link":"https:\/\/saate.es\/ca\/sistemes\/","title":{"rendered":"Sistemes"},"content":{"rendered":"<p>[et_pb_section fb_built=&#8221;1&#8243; _builder_version=&#8221;4.16&#8243; global_colors_info=&#8221;{}&#8221;][et_pb_row _builder_version=&#8221;4.16&#8243; background_size=&#8221;initial&#8221; background_position=&#8221;top_left&#8221; background_repeat=&#8221;repeat&#8221; global_colors_info=&#8221;{}&#8221;][et_pb_column type=&#8221;4_4&#8243; _builder_version=&#8221;4.16&#8243; custom_padding=&#8221;|||&#8221; global_colors_info=&#8221;{}&#8221; custom_padding__hover=&#8221;|||&#8221;][et_pb_text _builder_version=&#8221;4.27.4&#8243; hover_enabled=&#8221;0&#8243; global_colors_info=&#8221;{}&#8221; sticky_enabled=&#8221;0&#8243;]<\/p>\n<p>Des de SAATE us proposem tres sistemes diferenciats de disseny i instal\u00b7laci\u00f3 de sistemes envoltants de gamma premium per a fa\u00e7anes d&#8217;habitatges unifamiliars.<\/p>\n<p>El sistema de fa\u00e7anes ventilades li ofereix un doble a\u00efllament exterior continu, que li oferir\u00e0 un efecte refrescant a l&#8217;estiu i una reducci\u00f3 en el consum de calefacci\u00f3 a l&#8217;hivern. \u00c9s un sistema de f\u00e0cil manteniment i completament desmuntable i reutilitzable.<\/p>\n<p>El sistema SATE li ofereix un a\u00efllament exterior continu, tant t\u00e8rmic com ac\u00fastic, que el beneficiar\u00e0 tant a l&#8217;estiu a causa del seu efecte refrescant, com a l&#8217;hivern amb una disminuci\u00f3 en el consum de calefacci\u00f3. \u00c9s un sistema de f\u00e0cil manteniment amb m\u00e9s de 888 colors a escollir, una versatilitat en el disseny \u00fanica.<\/p>\n<p><!--Les fa\u00e7anes verticals li ofereixen una millora del clima urb\u00e0, una reducci\u00f3 de la contaminaci\u00f3, una protecci\u00f3 contra el soroll i un espai vital addicional mitjan\u00e7ant l'\u00fas de materials reciclats de gran valor. --><\/p>\n<p>[\/et_pb_text][et_pb_code _builder_version=&#8221;4.27.4&#8243; global_colors_info=&#8221;{}&#8221;]<center><!-- [et_pb_line_break_holder] --><\/p>\n<div class=\"bloque_portada\"><!-- [et_pb_line_break_holder] --> <\/p>\n<div class=\"bloque_portada_image\"><!-- [et_pb_line_break_holder] --> <a href=\"\/ca\/sistemes\/facana-ventilada\/\"><!-- [et_pb_line_break_holder] --> <span class=\"et_pb_image_wrap\"><!-- [et_pb_line_break_holder] --> <img decoding=\"async\" src=\"\/wp-content\/uploads\/2018\/02\/saate-portada3.jpg\" alt=\"\" class=\"et-waypoint et_pb_animation_off et-animated\"><!-- [et_pb_line_break_holder] --> <\/span><!-- [et_pb_line_break_holder] --> <\/a><!-- [et_pb_line_break_holder] --> <\/div>\n<p><!-- [et_pb_line_break_holder] --> <\/p>\n<div class=\"bloque_portada_container\"><!-- [et_pb_line_break_holder] --> <\/p>\n<h4 class=\"et_pb_module_header\"><!-- [et_pb_line_break_holder] --> <a href=\"\/ca\/sistemes\/facana-ventilada\/\">FA\u00c7ANA VENTILADA<\/a><!-- [et_pb_line_break_holder] --> <\/h4>\n<p> <!-- [et_pb_line_break_holder] --> <\/div>\n<p><!-- [et_pb_line_break_holder] --><\/div>\n<p><!-- [et_pb_line_break_holder] --><\/p>\n<div class=\"bloque_portada\"><!-- [et_pb_line_break_holder] --> <\/p>\n<div class=\"bloque_portada_image\"><!-- [et_pb_line_break_holder] --> <a href=\"\/ca\/sistemes\/facana-sate\/\"><!-- [et_pb_line_break_holder] --> <span class=\"et_pb_image_wrap\"><!-- [et_pb_line_break_holder] --> <img decoding=\"async\" src=\"\/wp-content\/uploads\/2018\/02\/saate-portada2.jpg\" alt=\"\" class=\"et-waypoint et_pb_animation_off et-animated\"><!-- [et_pb_line_break_holder] --> <\/span><!-- [et_pb_line_break_holder] --> <\/a><!-- [et_pb_line_break_holder] --> <\/div>\n<p><!-- [et_pb_line_break_holder] --> <\/p>\n<div class=\"bloque_portada_container\"><!-- [et_pb_line_break_holder] --> <\/p>\n<h4 class=\"et_pb_module_header\"><!-- [et_pb_line_break_holder] --> <a href=\"\/ca\/sistemes\/facana-sate\/\">FA\u00c7ANA SATE<\/a><!-- [et_pb_line_break_holder] --> <\/h4>\n<p> <!-- [et_pb_line_break_holder] --> <\/div>\n<p><!-- [et_pb_line_break_holder] --><\/div>\n<p><!-- [et_pb_line_break_holder] --><\/p>\n<div class=\"bloque_portada\"><!-- [et_pb_line_break_holder] --> <\/p>\n<div class=\"bloque_portada_image\"><!-- [et_pb_line_break_holder] --> <a href=\"\/ca\/sistemes\/enva-pluvial\/\"><!-- [et_pb_line_break_holder] --> <span class=\"et_pb_image_wrap\"><!-- [et_pb_line_break_holder] --> <img decoding=\"async\" src=\"\/wp-content\/uploads\/2025\/02\/portada_tabique_pluvial.jpg\" alt=\"\" class=\"et-waypoint et_pb_animation_off et-animated\"><!-- [et_pb_line_break_holder] --> <\/span><!-- [et_pb_line_break_holder] --> <\/a><!-- [et_pb_line_break_holder] --> <\/div>\n<p><!-- [et_pb_line_break_holder] --> <\/p>\n<div class=\"bloque_portada_container\"><!-- [et_pb_line_break_holder] --> <\/p>\n<h4 class=\"et_pb_module_header\"><!-- [et_pb_line_break_holder] --> <a href=\"\/ca\/sistemes\/enva-pluvial\/\">ENV\u00c0 PLUVIAL<\/a><!-- [et_pb_line_break_holder] --> <\/h4>\n<p> <!-- [et_pb_line_break_holder] --> <\/div>\n<p><!-- [et_pb_line_break_holder] --><\/div>\n<p><!-- [et_pb_line_break_holder] --><\/center>[\/et_pb_code][\/et_pb_column][\/et_pb_row][\/et_pb_section]<\/p>\n","protected":false},"excerpt":{"rendered":"<a href='https:\/\/saate.es\/ca\/sistemes\/'>Descobriu a SAATE Premium Building Systems una \u00e0mplia gamma de solucions avan\u00e7ades en sistemes de construcci\u00f3, incloent desamiantat, a\u00efllament t\u00e8rmic i rehabilitaci\u00f3 de fa\u00e7anes. Garantim qualitat, innovaci\u00f3 i compliment normatiu a tots els nostres projectes.\n<\/a>... <a href='https:\/\/saate.es\/ca\/sistemes\/'>Llegir m&eacute;s<\/a>.","protected":false},"author":1,"featured_media":0,"parent":0,"menu_order":0,"comment_status":"closed","ping_status":"closed","template":"","meta":{"_et_pb_use_builder":"on","_et_pb_old_content":"","_et_gb_content_width":"","footnotes":""},"class_list":["post-2669","page","type-page","status-publish"],"_links":{"self":[{"href":"https:\/\/saate.es\/ca\/wp-json\/wp\/v2\/pages\/2669","targetHints":{"allow":["GET"]}}],"collection":[{"href":"https:\/\/saate.es\/ca\/wp-json\/wp\/v2\/pages"}],"about":[{"href":"https:\/\/saate.es\/ca\/wp-json\/wp\/v2\/types\/page"}],"author":[{"embeddable":true,"href":"https:\/\/saate.es\/ca\/wp-json\/wp\/v2\/users\/1"}],"replies":[{"embeddable":true,"href":"https:\/\/saate.es\/ca\/wp-json\/wp\/v2\/comments?post=2669"}],"version-history":[{"count":11,"href":"https:\/\/saate.es\/ca\/wp-json\/wp\/v2\/pages\/2669\/revisions"}],"predecessor-version":[{"id":13033,"href":"https:\/\/saate.es\/ca\/wp-json\/wp\/v2\/pages\/2669\/revisions\/13033"}],"wp:attachment":[{"href":"https:\/\/saate.es\/ca\/wp-json\/wp\/v2\/media?parent=2669"}],"curies":[{"name":"wp","href":"https:\/\/api.w.org\/{rel}","templated":true}]}}