{"id":2694,"date":"2018-02-13T16:09:06","date_gmt":"2018-02-13T16:09:06","guid":{"rendered":"https:\/\/saate.es\/sistema-fachadas-ventiladas\/"},"modified":"2025-06-01T18:34:07","modified_gmt":"2025-06-01T16:34:07","slug":"sistema-fachadas-ventiladas","status":"publish","type":"page","link":"https:\/\/saate.es\/ca\/sistemes\/facana-ventilada\/","title":{"rendered":"Sistemes Fa\u00e7ana Ventilada"},"content":{"rendered":"<p>[et_pb_section fb_built=&#8221;1&#8243; _builder_version=&#8221;4.16&#8243; global_colors_info=&#8221;{}&#8221;][et_pb_row _builder_version=&#8221;4.27.4&#8243; _module_preset=&#8221;default&#8221; global_colors_info=&#8221;{}&#8221;][et_pb_column type=&#8221;4_4&#8243; _builder_version=&#8221;4.27.4&#8243; _module_preset=&#8221;default&#8221; global_colors_info=&#8221;{}&#8221;][et_pb_code _builder_version=&#8221;4.27.4&#8243; _module_preset=&#8221;default&#8221; global_colors_info=&#8221;{}&#8221;]<\/p>\n<div itemscope itemtype=\"https:\/\/schema.org\/FAQPage\"><!-- [et_pb_line_break_holder] --><\/p>\n<div itemscope itemprop=\"mainEntity\" itemtype=\"https:\/\/schema.org\/Question\"><!-- [et_pb_line_break_holder] --><\/p>\n<h2 itemprop=\"name\">Qu\u00e8 \u00e9s una fa\u00e7ana ventilada?<\/h2>\n<p><!-- [et_pb_line_break_holder] --><\/p>\n<div itemscope itemprop=\"acceptedAnswer\" itemtype=\"https:\/\/schema.org\/Answer\"><!-- [et_pb_line_break_holder] --><\/p>\n<div itemprop=\"text\"><!-- [et_pb_line_break_holder] --><pee>Les fa\u00e7anes ventilades formen part dels nostres sistemes d&#8217;a\u00efllament t\u00e8rmic per l&#8217;exterior. Aquest sistema consisteix a separar la capa exterior de l&#8217;edifici de la seva estructura mitjan\u00e7ant una cambra d&#8217;aire, cosa que elimina els ponts t\u00e8rmics i evita problemes de condensaci\u00f3. El resultat \u00e9s un excel\u00b7lent comportament t\u00e8rmic i una protecci\u00f3 efica\u00e7 davant de la humitat.<!\u2013- [et_pb_br_holder] -\u2013>A m\u00e9s, ofereix una gran versatilitat est\u00e8tica, ja que permet treballar amb una \u00e0mplia varietat d&#8217;acabats com fibrociment, gres porcell\u00e0nic, gres extrusionat, panells fen\u00f2lics o pedra natural, adaptant-se a les prefer\u00e8ncies de cada client.<!-- [et_pb_line_break_holder] --><\/pee><!-- [et_pb_line_break_holder] --><\/div>\n<p><!-- [et_pb_line_break_holder] --><\/div>\n<p><!-- [et_pb_line_break_holder] --><\/div>\n<p><!-- [et_pb_line_break_holder] --><\/div>\n<p>[\/et_pb_code][\/et_pb_column][\/et_pb_row][et_pb_row column_structure=&#8221;2_5,3_5&#8243; _builder_version=&#8221;4.16&#8243; background_size=&#8221;initial&#8221; background_position=&#8221;top_left&#8221; background_repeat=&#8221;repeat&#8221; global_colors_info=&#8221;{}&#8221;][et_pb_column type=&#8221;2_5&#8243; _builder_version=&#8221;4.16&#8243; custom_padding=&#8221;|||&#8221; global_colors_info=&#8221;{}&#8221; custom_padding__hover=&#8221;|||&#8221;][et_pb_image src=&#8221;https:\/\/saate.es\/wp-content\/uploads\/2018\/02\/seccion-fachadas-ventiladas-1.jpg&#8221; title_text=&#8221;Seccion Fachadas Ventiladas 1&#8243; _builder_version=&#8221;4.27.4&#8243; _module_preset=&#8221;default&#8221; global_colors_info=&#8221;{}&#8221;][\/et_pb_image][\/et_pb_column][et_pb_column type=&#8221;3_5&#8243; _builder_version=&#8221;4.16&#8243; custom_padding=&#8221;|||&#8221; global_colors_info=&#8221;{}&#8221; custom_padding__hover=&#8221;|||&#8221;][et_pb_text _builder_version=&#8221;4.27.4&#8243; text_orientation=&#8221;justified&#8221; global_colors_info=&#8221;{}&#8221;]<\/p>\n<h2>Descripci\u00f3 del sistema<\/h2>\n<p>&nbsp;<\/p>\n<p>Sobre el tancament de l&#8217;edifici (1), a Espanya ens trobem normalment amb un tancament cer\u00e0mic de gero, on es fixa la subestructura (5) composta per esquadres de sustentaci\u00f3 que s\u00f3n fixades en el forjat de formig\u00f3 suportant la major part del pes de sistema i esquadres de retenci\u00f3 fixades en el tancament cer\u00e0mic, a m\u00e9s aquestes esquadres tenen una altra funci\u00f3, ja que serveixen per a la regulaci\u00f3 de la sortida de la fa\u00e7ana. A aquestes esquadres es caragolen els perfils verticals, destinats a suportar la fulla exterior d&#8217;acabat (4). L&#8217;a\u00efllament (2), s&#8217;adhereix a la paret suport mitjan\u00e7ant espigues pl\u00e0stiques. Un cop col\u00b7locat l&#8217;a\u00efllament, es munta el revestiment d&#8217;acabat sobre els perfils verticals. La subestructura deixa una cambra d&#8217;aire (3) de com a m\u00ednim 2 cent\u00edmetres entre l&#8217;a\u00efllament i les plaques del revestiment.<\/p>\n<p>La fa\u00e7ana ventilada ha de deixar espai tant a la part inferior com a la part superior de la fa\u00e7ana perqu\u00e8 hi hagi circulaci\u00f3 d&#8217;aire i es dugui a terme la ventilaci\u00f3 necess\u00e0ria que permet funcionar a aquest sistema com el millor a\u00efllament t\u00e8rmic.<\/p>\n<p>Aquesta circulaci\u00f3 d&#8217;aire es genera a causa de la tend\u00e8ncia a l&#8217;ascensi\u00f3 dels fluids, en aquest cas l&#8217;aire, a causa de la disminuci\u00f3 de la seva densitat causada per la calor de l&#8217;interior de la cambra.<\/p>\n<p>&nbsp;<\/p>\n<div class=\"gold_box\"><a href=\"\/ca\/projectes\/facana-ventilada\/unifamiliars\/\">Veure projectes de Fa\u00e7ana Ventilada<\/a><\/div>\n<p>[\/et_pb_text][\/et_pb_column][\/et_pb_row][et_pb_row column_structure=&#8221;1_2,1_2&#8243; make_equal=&#8221;on&#8221; _builder_version=&#8221;4.16&#8243; module_alignment=&#8221;center&#8221; width_unit=&#8221;off&#8221; global_colors_info=&#8221;{}&#8221;][et_pb_column type=&#8221;1_2&#8243; _builder_version=&#8221;4.16&#8243; custom_padding=&#8221;|||&#8221; global_colors_info=&#8221;{}&#8221; custom_padding__hover=&#8221;|||&#8221;][et_pb_text _builder_version=&#8221;4.27.4&#8243; text_orientation=&#8221;justified&#8221; global_colors_info=&#8221;{}&#8221;]<\/p>\n<h2>Fitxa t\u00e8cnica de sistema<\/h2>\n<p>&nbsp;<\/p>\n<p>Pes m\u00ednim 20Kg \/ m2<\/p>\n<p>Sortida m\u00ednima 80 mm<\/p>\n<p>Gruix m\u00ednim de la cambra d&#8217;aire 20mm<\/p>\n<p>Gruix m\u00ednim dels perfils verticals d&#8217;alumini 2 mm<\/p>\n<p>Gruix m\u00ednim dels perfils verticals d&#8217;acer galvanitzat 1,5 mm<\/p>\n<p>&nbsp;<\/p>\n<h3 class=\"margin-top-15\">Aplicacions:<\/h3>\n<p>&#8211; Obra nova.<\/p>\n<p>&#8211; Rehabilitaci\u00f3.<\/p>\n<p>&nbsp;<\/p>\n<h3 class=\"margin-top-15\">Accessoris de fixaci\u00f3:<\/h3>\n<p>&#8211; Reblons d&#8217;alumini.<\/p>\n<p>&#8211; Adhesiu Sika.<\/p>\n<p>&#8211; Perfil horitzontal continu d&#8217;alumini.<\/p>\n<p>[\/et_pb_text][\/et_pb_column][et_pb_column type=&#8221;1_2&#8243; _builder_version=&#8221;4.16&#8243; custom_padding=&#8221;|||&#8221; global_colors_info=&#8221;{}&#8221; custom_padding__hover=&#8221;|||&#8221;][et_pb_text _builder_version=&#8221;4.16&#8243; text_orientation=&#8221;justified&#8221; global_colors_info=&#8221;{}&#8221;]<\/p>\n<div class=\"content_wrapper_right\">\n<h2>Arguments t\u00e8cnics<\/h2>\n<p>&nbsp;<\/p>\n<p>La fa\u00e7ana ventilada ofereix els seg\u00fcents avantatges:<\/p>\n<p>&#8211; Doble a\u00efllament exterior continu.<\/p>\n<p>&#8211; Eliminaci\u00f3 ponts t\u00e8rmics.<\/p>\n<p>&#8211; Prevenci\u00f3 de la condensaci\u00f3.<\/p>\n<p>&#8211; Lleugeresa del sistema.<\/p>\n<p>&#8211; Efecte refrescant a l&#8217;estiu.<\/p>\n<p>&#8211; Sota consum de calefacci\u00f3 a l&#8217;hivern.<\/p>\n<p>&#8211; Augment de l&#8217;a\u00efllament ac\u00fastic.<\/p>\n<p>&#8211; Reducci\u00f3 de el temps d&#8217;execuci\u00f3 en obra.<\/p>\n<p>&#8211; F\u00e0cil manteniment.<\/p>\n<p>&#8211; Sistema completament desmuntable i reutilitzable<\/p>\n<\/div>\n<p>[\/et_pb_text][\/et_pb_column][\/et_pb_row][et_pb_row _builder_version=&#8221;4.16&#8243; background_size=&#8221;initial&#8221; background_position=&#8221;top_left&#8221; background_repeat=&#8221;repeat&#8221; global_module=&#8221;13084&#8243; global_colors_info=&#8221;{}&#8221;][et_pb_column type=&#8221;4_4&#8243; _builder_version=&#8221;4.16&#8243; custom_padding=&#8221;|||&#8221; global_colors_info=&#8221;{}&#8221; custom_padding__hover=&#8221;|||&#8221;][et_pb_text _builder_version=&#8221;4.27.4&#8243; global_colors_info=&#8221;{}&#8221;]<\/p>\n<h2>Descarrega la nostra documentaci\u00f3 t\u00e8cnica<\/h2>\n<p>[\/et_pb_text][\/et_pb_column][\/et_pb_row][et_pb_row column_structure=&#8221;1_3,1_3,1_3&#8243; disabled_on=&#8221;off|off|off&#8221; _builder_version=&#8221;4.27.4&#8243; _module_preset=&#8221;default&#8221; custom_css_main_element=&#8221;text-align:center;&#8221; global_module=&#8221;13068&#8243; saved_tabs=&#8221;all&#8221; global_colors_info=&#8221;{}&#8221;][et_pb_column type=&#8221;1_3&#8243; _builder_version=&#8221;4.27.4&#8243; _module_preset=&#8221;default&#8221; global_colors_info=&#8221;{}&#8221;][et_pb_image src=&#8221;https:\/\/saate.es\/wp-content\/uploads\/2025\/03\/catalogo-fachada-ventilada-reblo_ca.jpg&#8221; title_text=&#8221;catalogo-fachada-ventilada-reblo_ca&#8221; url=&#8221;https:\/\/saate.es\/detalles-tecnicos\/ficha-tecnica-fachada-ventilada-remache.pdf&#8221; url_new_window=&#8221;on&#8221; use_overlay=&#8221;on&#8221; overlay_icon_color=&#8221;#6b6b6b&#8221; hover_overlay_color=&#8221;#d6d6d6&#8243; hover_icon=&#8221;&#xf063;||fa||900&#8243; _builder_version=&#8221;4.27.4&#8243; _module_preset=&#8221;default&#8221; box_shadow_style=&#8221;preset1&#8243; global_colors_info=&#8221;{}&#8221;][\/et_pb_image][\/et_pb_column][et_pb_column type=&#8221;1_3&#8243; _builder_version=&#8221;4.27.4&#8243; _module_preset=&#8221;default&#8221; global_colors_info=&#8221;{}&#8221;][et_pb_image src=&#8221;https:\/\/saate.es\/wp-content\/uploads\/2025\/03\/catalogo-fachada-ventilada-adhesiu_ca.jpg&#8221; title_text=&#8221;catalogo-fachada-ventilada-adhesiu_ca&#8221; url=&#8221;https:\/\/saate.es\/detalles-tecnicos\/ficha-tecnica-fachada-ventilada-adhesivo.pdf&#8221; url_new_window=&#8221;on&#8221; use_overlay=&#8221;on&#8221; overlay_icon_color=&#8221;#6b6b6b&#8221; hover_overlay_color=&#8221;#d6d6d6&#8243; hover_icon=&#8221;&#xf063;||fa||900&#8243; _builder_version=&#8221;4.27.4&#8243; _module_preset=&#8221;default&#8221; box_shadow_style=&#8221;preset1&#8243; global_colors_info=&#8221;{}&#8221;][\/et_pb_image][\/et_pb_column][et_pb_column type=&#8221;1_3&#8243; _builder_version=&#8221;4.27.4&#8243; _module_preset=&#8221;default&#8221; global_colors_info=&#8221;{}&#8221;][et_pb_image src=&#8221;https:\/\/saate.es\/wp-content\/uploads\/2025\/03\/catalogo-fachada-ventilada-grapa_ca.jpg&#8221; title_text=&#8221;catalogo-fachada-ventilada-grapa_ca&#8221; url=&#8221;https:\/\/saate.es\/detalles-tecnicos\/ficha-tecnica-fachada-ventilada-grapa.pdf&#8221; url_new_window=&#8221;on&#8221; use_overlay=&#8221;on&#8221; overlay_icon_color=&#8221;#6b6b6b&#8221; hover_overlay_color=&#8221;#d6d6d6&#8243; hover_icon=&#8221;&#xf063;||fa||900&#8243; _builder_version=&#8221;4.27.4&#8243; _module_preset=&#8221;default&#8221; box_shadow_style=&#8221;preset1&#8243; global_colors_info=&#8221;{}&#8221;][\/et_pb_image][\/et_pb_column][\/et_pb_row][et_pb_row _builder_version=&#8221;4.16&#8243; background_size=&#8221;initial&#8221; background_position=&#8221;top_left&#8221; background_repeat=&#8221;repeat&#8221; global_colors_info=&#8221;{}&#8221;][et_pb_column type=&#8221;4_4&#8243; _builder_version=&#8221;4.16&#8243; custom_padding=&#8221;|||&#8221; global_colors_info=&#8221;{}&#8221; custom_padding__hover=&#8221;|||&#8221;][et_pb_text _builder_version=&#8221;4.27.4&#8243; hover_enabled=&#8221;0&#8243; global_colors_info=&#8221;{}&#8221; sticky_enabled=&#8221;0&#8243;]<img loading=\"lazy\" decoding=\"async\" src=\"https:\/\/saate.es\/wp-content\/uploads\/2018\/02\/seccion-fachadas-ventiladas-2-259x300.jpg\" alt=\"\" id=\"seccion-fachadas-ventiladas-2\" class=\"content_right alignright wp-image-1511 size-medium\" width=\"259\" height=\"300\" srcset=\"https:\/\/saate.es\/wp-content\/uploads\/2018\/02\/seccion-fachadas-ventiladas-2-259x300.jpg 259w, https:\/\/saate.es\/wp-content\/uploads\/2018\/02\/seccion-fachadas-ventiladas-2.jpg 324w\" sizes=\"(max-width: 259px) 100vw, 259px\" \/><\/p>\n<h2 class=\"ventiladas_versatilidad\">Versatilitat en el disseny<\/h2>\n<p>&nbsp;<\/p>\n<p>Ja no cal definir el material de revestiment en el moment de decidir si col\u00b7locar\u00e0 una fa\u00e7ana ventilada, la gran versatilitat del nostre sistema de subestructura s&#8217;adapta al material que tri\u00ef el client, permetent que l&#8217;elecci\u00f3 del material es faci en \u00faltim moment , com per exemple:<\/p>\n<div class=\"acabados\">\n<div class=\"acabados_item\">\n<a href=\"\/ca\/sistemes\/facana-ventilada\/fibrociment-hd\" title=\"Sistemes Fa\u00e7anes Ventilades FibroCiment\"><img loading=\"lazy\" decoding=\"async\" src=\"https:\/\/saate.es\/wp-content\/uploads\/2018\/02\/acabado-fibro-cemento.png\" alt=\"Sistemes Fa\u00e7anes Ventilades FibroCiment\" class=\"alignnone size-full wp-image-1536\" width=\"100\" height=\"100\" \/><\/a>\n<div class=\"acabado_title\">Fibrociment<\/div>\n<\/div>\n<div class=\"acabados_item\">\n<a href=\"\/ca\/sistemes\/facana-ventilada\/gres-porcelanic\" title=\"Sistemes Fa\u00e7anes Ventilades Gres Porcel\u00e0nic\"><img loading=\"lazy\" decoding=\"async\" src=\"https:\/\/saate.es\/wp-content\/uploads\/2018\/02\/acabado-gres-porcelanico.png\" alt=\"Sistemes Fa\u00e7anes Ventilades Gres Porcel\u00e0nic\" class=\"alignnone size-full wp-image-1537\" width=\"100\" height=\"100\" \/><\/a>\n<div class=\"acabado_title\">Gres porcel\u00e0nic<\/div>\n<\/div>\n<div class=\"acabados_item\">\n<a href=\"\/ca\/sistemes\/facana-ventilada\/gres-extruit\" title=\"Sistemes Fa\u00e7anes Ventilades Gres Extru\u00eft\"><img loading=\"lazy\" decoding=\"async\" src=\"https:\/\/saate.es\/wp-content\/uploads\/2018\/02\/acabado-ceramica-terracota.png\" alt=\"Sistemes Fa\u00e7anes Ventilades Gres Extru\u00eft\" class=\"alignnone size-full wp-image-1535\" width=\"100\" height=\"100\" \/><\/a>\n<div class=\"acabado_title\">Cer\u00e0mica Terracota<\/div>\n<\/div>\n<div class=\"acabados_item\">\n<a href=\"\/ca\/sistemes\/facana-ventilada\/hpl\" title=\"Sistemes Fa\u00e7anes Ventilades Panell Fen\u00f2lic\"><img loading=\"lazy\" decoding=\"async\" src=\"https:\/\/saate.es\/wp-content\/uploads\/2018\/02\/acabado-panel-fenolico.png\" alt=\"Sistemes Fa\u00e7anes Ventilades Panell Fen\u00f2lic\" class=\"alignnone size-full wp-image-1538\" width=\"100\" height=\"100\" \/><\/a>\n<div class=\"acabado_title\">Panell fen\u00f2lic<\/div>\n<\/div>\n<div class=\"acabados_item\">\n<a href=\"\/ca\/sistemes\/facana-ventilada\/pedra-natural\" title=\"Sistemes Fa\u00e7anes Ventilades Pedra Natural\"><img loading=\"lazy\" decoding=\"async\" src=\"https:\/\/saate.es\/wp-content\/uploads\/2018\/02\/acabado-piedra-natural.png\" alt=\"Sistemes Fa\u00e7anes Ventilades Pedra Natural\" class=\"alignnone size-full wp-image-1539\" width=\"100\" height=\"100\" \/><\/a>\n<div class=\"acabado_title\">Pedra natural<\/div>\n<\/div>\n<\/div>\n<p><br style=\"clear: left;\" \/><br \/>\n<br style=\"clear: left;\" \/><\/p>\n<div class=\"gold_box\"><a href=\"\/ca\/projectes\/facana-ventilada\/unifamiliars\/\" title=\"Veure projectes de Fa\u00e7ana Ventilada\">Veure projectes de Fa\u00e7ana Ventilada<\/a><\/div>\n<p>[\/et_pb_text][\/et_pb_column][\/et_pb_row][et_pb_row _builder_version=&#8221;4.16&#8243; background_size=&#8221;initial&#8221; background_position=&#8221;top_left&#8221; background_repeat=&#8221;repeat&#8221; global_module=&#8221;13113&#8243; global_colors_info=&#8221;{}&#8221;][et_pb_column type=&#8221;4_4&#8243; _builder_version=&#8221;4.16&#8243; custom_padding=&#8221;|||&#8221; global_colors_info=&#8221;{}&#8221; custom_padding__hover=&#8221;|||&#8221;][et_pb_text _builder_version=&#8221;4.27.4&#8243; global_colors_info=&#8221;{}&#8221;]<\/p>\n<h2>Explora les nostres solucions \u2013 Descarrega el cat\u00e0leg<\/h2>\n<p>[\/et_pb_text][\/et_pb_column][\/et_pb_row][et_pb_row column_structure=&#8221;1_3,1_3,1_3&#8243; _builder_version=&#8221;4.27.4&#8243; _module_preset=&#8221;default&#8221; global_module=&#8221;13099&#8243; saved_tabs=&#8221;all&#8221; global_colors_info=&#8221;{}&#8221;][et_pb_column type=&#8221;1_3&#8243; _builder_version=&#8221;4.27.4&#8243; _module_preset=&#8221;default&#8221; global_colors_info=&#8221;{}&#8221;][et_pb_image src=&#8221;https:\/\/saate.es\/wp-content\/uploads\/2025\/03\/cataleg_facana_ventilada_cases.jpg&#8221; alt=&#8221;Descarregui el cat\u00e0leg de Cases Unifamiliars&#8221; title_text=&#8221;cataleg_facana_ventilada_cases&#8221; url=&#8221;https:\/\/saate.es\/detalles-tecnicos\/catalogo-fachada-ventilada-unifamiliares.pdf&#8221; use_overlay=&#8221;on&#8221; overlay_icon_color=&#8221;#6B6B6B&#8221; hover_overlay_color=&#8221;#D6D6D6&#8243; hover_icon=&#8221;&#xf063;||fa||900&#8243; _builder_version=&#8221;4.27.4&#8243; _module_preset=&#8221;default&#8221; background_enable_image=&#8221;off&#8221; background_size=&#8221;contain&#8221; hover_enabled=&#8221;0&#8243; border_color_all=&#8221;#8F8F8F&#8221; box_shadow_style=&#8221;preset1&#8243; global_colors_info=&#8221;{}&#8221; sticky_enabled=&#8221;0&#8243;][\/et_pb_image][\/et_pb_column][et_pb_column type=&#8221;1_3&#8243; _builder_version=&#8221;4.27.4&#8243; _module_preset=&#8221;default&#8221; global_colors_info=&#8221;{}&#8221;][et_pb_image src=&#8221;https:\/\/saate.es\/wp-content\/uploads\/2025\/03\/cataleg_facana_ventilada_residencials.jpg&#8221; alt=&#8221;Descarregui el cat\u00e0leg d&#8217;Edificis Residencials&#8221; title_text=&#8221;cataleg_facana_ventilada_residencials&#8221; url=&#8221;https:\/\/saate.es\/detalles-tecnicos\/catalogo-fachada-ventilada-residenciales.pdf&#8221; use_overlay=&#8221;on&#8221; overlay_icon_color=&#8221;#6B6B6B&#8221; hover_overlay_color=&#8221;#D6D6D6&#8243; hover_icon=&#8221;&#xf063;||fa||900&#8243; _builder_version=&#8221;4.27.4&#8243; _module_preset=&#8221;default&#8221; background_enable_image=&#8221;off&#8221; background_size=&#8221;contain&#8221; box_shadow_style=&#8221;preset1&#8243; global_colors_info=&#8221;{}&#8221;][\/et_pb_image][\/et_pb_column][et_pb_column type=&#8221;1_3&#8243; _builder_version=&#8221;4.27.4&#8243; _module_preset=&#8221;default&#8221; global_colors_info=&#8221;{}&#8221;][et_pb_image src=&#8221;https:\/\/saate.es\/wp-content\/uploads\/2025\/03\/cataleg_facana_ventilada_no_residencials.jpg&#8221; alt=&#8221;Descarregui el cat\u00e0leg d&#8217;Edificis No Residencials&#8221; title_text=&#8221;cataleg_facana_ventilada_no_residencials&#8221; url=&#8221;https:\/\/saate.es\/detalles-tecnicos\/catalogo-fachada-ventilada-no-residenciales.pdf&#8221; use_overlay=&#8221;on&#8221; overlay_icon_color=&#8221;#6B6B6B&#8221; hover_overlay_color=&#8221;#D6D6D6&#8243; hover_icon=&#8221;&#xf063;||fa||900&#8243; _builder_version=&#8221;4.27.4&#8243; _module_preset=&#8221;default&#8221; background_enable_image=&#8221;off&#8221; background_size=&#8221;contain&#8221; box_shadow_style=&#8221;preset1&#8243; global_colors_info=&#8221;{}&#8221;][\/et_pb_image][\/et_pb_column][\/et_pb_row][\/et_pb_section]<\/p>\n","protected":false},"excerpt":{"rendered":"<a href='https:\/\/saate.es\/ca\/sistemes\/facana-ventilada\/'>A SAATE Premium Building Systems, oferim solucions avan\u00e7ades en fa\u00e7anes ventilades que milloren l&#8217;efici\u00e8ncia energ\u00e8tica i l&#8217;est\u00e8tica del vostre edifici. Els nostres sistemes garanteixen qualitat, innovaci\u00f3 i compliment normatiu a cada projecte. Confieu en la nostra experi\u00e8ncia per transformar la fa\u00e7ana amb tecnologia d&#8217;avantguarda.\n<\/a>... <a href='https:\/\/saate.es\/ca\/sistemes\/facana-ventilada\/'>Llegir m&eacute;s<\/a>.","protected":false},"author":1,"featured_media":2679,"parent":0,"menu_order":0,"comment_status":"closed","ping_status":"closed","template":"","meta":{"_et_pb_use_builder":"on","_et_pb_old_content":"","_et_gb_content_width":"","footnotes":""},"class_list":["post-2694","page","type-page","status-publish","has-post-thumbnail"],"_links":{"self":[{"href":"https:\/\/saate.es\/ca\/wp-json\/wp\/v2\/pages\/2694","targetHints":{"allow":["GET"]}}],"collection":[{"href":"https:\/\/saate.es\/ca\/wp-json\/wp\/v2\/pages"}],"about":[{"href":"https:\/\/saate.es\/ca\/wp-json\/wp\/v2\/types\/page"}],"author":[{"embeddable":true,"href":"https:\/\/saate.es\/ca\/wp-json\/wp\/v2\/users\/1"}],"replies":[{"embeddable":true,"href":"https:\/\/saate.es\/ca\/wp-json\/wp\/v2\/comments?post=2694"}],"version-history":[{"count":36,"href":"https:\/\/saate.es\/ca\/wp-json\/wp\/v2\/pages\/2694\/revisions"}],"predecessor-version":[{"id":14158,"href":"https:\/\/saate.es\/ca\/wp-json\/wp\/v2\/pages\/2694\/revisions\/14158"}],"wp:featuredmedia":[{"embeddable":true,"href":"https:\/\/saate.es\/ca\/wp-json\/wp\/v2\/media\/2679"}],"wp:attachment":[{"href":"https:\/\/saate.es\/ca\/wp-json\/wp\/v2\/media?parent=2694"}],"curies":[{"name":"wp","href":"https:\/\/api.w.org\/{rel}","templated":true}]}}