{"id":2720,"date":"2020-07-05T19:58:02","date_gmt":"2020-07-05T17:58:02","guid":{"rendered":"https:\/\/saate.es\/?page_id=2720"},"modified":"2025-04-02T08:10:06","modified_gmt":"2025-04-02T06:10:06","slug":"sistemas-fachada-sate","status":"publish","type":"page","link":"https:\/\/saate.es\/ca\/sistemes\/facana-sate\/","title":{"rendered":"Sistemes Fa\u00e7ana Sate"},"content":{"rendered":"<p>[et_pb_section fb_built=&#8221;1&#8243; _builder_version=&#8221;4.16&#8243; global_colors_info=&#8221;{}&#8221;][et_pb_row _builder_version=&#8221;4.27.4&#8243; _module_preset=&#8221;default&#8221; global_colors_info=&#8221;{}&#8221;][et_pb_column type=&#8221;4_4&#8243; _builder_version=&#8221;4.27.4&#8243; _module_preset=&#8221;default&#8221; global_colors_info=&#8221;{}&#8221;][et_pb_code _builder_version=&#8221;4.27.4&#8243; _module_preset=&#8221;default&#8221; global_colors_info=&#8221;{}&#8221;]<\/p>\n<div itemscope itemtype=\"https:\/\/schema.org\/FAQPage\"><!-- [et_pb_line_break_holder] --><\/p>\n<div itemscope itemprop=\"mainEntity\" itemtype=\"https:\/\/schema.org\/Question\"><!-- [et_pb_line_break_holder] --><\/p>\n<h2 itemprop=\"name\">Qu\u00e8 \u00e9s un sistema SATE?<\/h2>\n<p><!-- [et_pb_line_break_holder] --><\/p>\n<div itemscope itemprop=\"acceptedAnswer\" itemtype=\"https:\/\/schema.org\/Answer\"><!-- [et_pb_line_break_holder] --><\/p>\n<div itemprop=\"text\"><!-- [et_pb_line_break_holder] --><pee>El sistema SATE (Sistema d&#8217;A\u00efllament T\u00e8rmic per l&#8217;Exterior) \u00e9s una soluci\u00f3 constructiva que permet millorar l&#8217;efici\u00e8ncia energ\u00e8tica de l&#8217;edifici mitjan\u00e7ant l&#8217;aplicaci\u00f3 d&#8217;a\u00efllament t\u00e8rmic a la cara exterior dels tancaments. Aquest sistema elimina ponts t\u00e8rmics, evita condensacions i millora notablement el confort interior tant a l&#8217;hivern com a l&#8217;estiu.<!\u2013- [et_pb_br_holder] -\u2013><!-- [et_pb_line_break_holder] -->A m\u00e9s dels seus avantatges t\u00e8cnics, el sistema SATE ofereix un acabat est\u00e8tic continu, vers\u00e0til i durador, cosa que el converteix en una opci\u00f3 ideal tant per a obra nova com per a rehabilitaci\u00f3 de fa\u00e7anes.<!\u2013- [et_pb_br_holder] -\u2013><!-- [et_pb_line_break_holder] -->A SAATE som especialistes en sistemes d&#8217;a\u00efllament t\u00e8rmic per l&#8217;exterior i executem projectes amb materials d&#8217;altes prestacions, cuidant cada detall per garantir un resultat durador, eficient i visualment impecable.<!-- [et_pb_line_break_holder] --><\/pee><!-- [et_pb_line_break_holder] --><\/div>\n<p><!-- [et_pb_line_break_holder] --><\/div>\n<p><!-- [et_pb_line_break_holder] --><\/div>\n<p><!-- [et_pb_line_break_holder] --><\/div>\n<p>[\/et_pb_code][\/et_pb_column][\/et_pb_row][et_pb_row column_structure=&#8221;2_5,3_5&#8243; make_equal=&#8221;on&#8221; _builder_version=&#8221;4.16&#8243; global_colors_info=&#8221;{}&#8221;][et_pb_column type=&#8221;2_5&#8243; _builder_version=&#8221;4.16&#8243; custom_padding=&#8221;|||&#8221; global_colors_info=&#8221;{}&#8221; custom_padding__hover=&#8221;|||&#8221;][et_pb_image src=&#8221;https:\/\/saate.es\/wp-content\/uploads\/2018\/02\/seccion-fachada-sate.jpg&#8221; show_bottom_space=&#8221;off&#8221; align=&#8221;center&#8221; align_tablet=&#8221;center&#8221; align_phone=&#8221;&#8221; align_last_edited=&#8221;on|desktop&#8221; _builder_version=&#8221;4.16&#8243; custom_margin=&#8221;60px|||&#8221; custom_margin_tablet=&#8221;30px|||&#8221; custom_margin_phone=&#8221;&#8221; custom_margin_last_edited=&#8221;on|desktop&#8221; always_center_on_mobile=&#8221;on&#8221; global_colors_info=&#8221;{}&#8221;][\/et_pb_image][\/et_pb_column][et_pb_column type=&#8221;3_5&#8243; _builder_version=&#8221;4.16&#8243; custom_padding=&#8221;|||&#8221; global_colors_info=&#8221;{}&#8221; custom_padding__hover=&#8221;|||&#8221;][et_pb_text _builder_version=&#8221;4.27.4&#8243; global_colors_info=&#8221;{}&#8221;]<\/p>\n<h2>Descripci\u00f3 del sistema<\/h2>\n<p>&nbsp;<\/p>\n<p>El sistema SATE est\u00e0 compost dels seg\u00fcents processos i materials que interactuen de forma perfecta:<\/p>\n<p>1- Morter Adhesiu: Morter adhesiu mineral<br \/>2- Panell d&#8217;escuma r\u00edgida: Panell EPS de poliestir\u00e8 expandit lliure d&#8217;HC.<br \/>3- Armadura: Morter d&#8217;armadura amb aglomerants org\u00e0nics, lliure de ciment, a punt per a l&#8217;\u00fas.<br \/>4- Malla de fibra de vidre: Satisf\u00e0 els m\u00e0xims requeriments pel que fa a resist\u00e8ncia a l&#8217;esquerdament i als impactes.<br \/>5- Capa d&#8217;acabat: Arrebossat d&#8217;acabat, d&#8217;enlla\u00e7 org\u00e0nic, a punt per a l&#8217;\u00fas.<\/p>\n<p>Tots els components estan \u00f2ptimament ajustats entre si, es poden treballar r\u00e0pid i f\u00e0cilment i s\u00f3n resistents a la corrosi\u00f3 atmosf\u00e8rica i robustos durant d\u00e8cades. Aix\u00f2 fa que no nom\u00e9s la temperatura interior es conservi permanentment, sin\u00f3 tamb\u00e9 l&#8217;aspecte extern del seu habitatge.<\/p>\n<p>&nbsp;<\/p>\n<div class=\"gold_box\"><a href=\"\/ca\/projectes\/facana-sate\/unifamiliars\">Veure projectes de Fa\u00e7ana SATE<\/a><\/div>\n<p>[\/et_pb_text][\/et_pb_column][\/et_pb_row][et_pb_row _builder_version=&#8221;4.27.4&#8243; _module_preset=&#8221;default&#8221; global_colors_info=&#8221;{}&#8221;][et_pb_column type=&#8221;4_4&#8243; _builder_version=&#8221;4.27.4&#8243; _module_preset=&#8221;default&#8221; global_colors_info=&#8221;{}&#8221;][et_pb_image src=&#8221;https:\/\/saate.es\/wp-content\/uploads\/2025\/02\/matadepera-margarida1.jpg&#8221; title_text=&#8221;matadepera-margarida1&#8243; _builder_version=&#8221;4.27.4&#8243; _module_preset=&#8221;default&#8221; global_colors_info=&#8221;{}&#8221;][\/et_pb_image][\/et_pb_column][\/et_pb_row][et_pb_row column_structure=&#8221;1_2,1_2&#8243; _builder_version=&#8221;4.16&#8243; background_size=&#8221;initial&#8221; background_position=&#8221;top_left&#8221; background_repeat=&#8221;repeat&#8221; global_colors_info=&#8221;{}&#8221;][et_pb_column type=&#8221;1_2&#8243; _builder_version=&#8221;4.16&#8243; custom_padding=&#8221;|||&#8221; global_colors_info=&#8221;{}&#8221; custom_padding__hover=&#8221;|||&#8221;][et_pb_text _builder_version=&#8221;4.16&#8243; global_colors_info=&#8221;{}&#8221;]<\/p>\n<h2>Fitxa t\u00e8cnica de sistema<\/h2>\n<p>&nbsp;<\/p>\n<p>Es compon de panells d&#8217;a\u00efllament de poliestir\u00e8 expandit (EPS) fixat al mur suport per l&#8217;exterior, armadura amb aglomerats org\u00e0nics, malla de fibra de vidre i arrebossat org\u00e0nic final d&#8217;acabat amb una gran varietat de colors a triar. A l&#8217;\u00e9sser un sistema lliure de ciment, presenta una durabilitat i elasticitat insuperables que proporcionen una extrema resist\u00e8ncia a l&#8217;esquerdament. Sistema permeable el CO2 i al vapor d&#8217;aigua. Dif\u00edcilment inflamable. Resistent a algues i fongs. Admet irregularitats en el mur suport de fins a 1 cm. Gruix m\u00ednim del morter adhesiu 1,5 cm Gruix m\u00e0xim de l&#8217;EPS 400 mm Resist\u00e8ncia a l&#8217;esquerdament 2,5-3,5% Capacitat de c\u00e0rrega mec\u00e0nica 5,0-8,0 Joules<\/p>\n<h3 class=\"margin-top-15\">Aplicacions:<\/h3>\n<p>&#8211; Obra nova.<br \/>&#8211; Rehabilitaci\u00f3.<\/p>\n<p>[\/et_pb_text][\/et_pb_column][et_pb_column type=&#8221;1_2&#8243; _builder_version=&#8221;4.16&#8243; custom_padding=&#8221;|||&#8221; global_colors_info=&#8221;{}&#8221; custom_padding__hover=&#8221;|||&#8221;][et_pb_text _builder_version=&#8221;4.16&#8243; global_colors_info=&#8221;{}&#8221;]<\/p>\n<h2>Versatilitat en el disseny<\/h2>\n<p>&nbsp;<\/p>\n<p>Disposa de m\u00e9s de 888 colors a triar i diverses estructures d&#8217;arrebossat.<\/p>\n<p>&#8211; 1 mm<br \/>&#8211; 1.5 mm<br \/>&#8211; 2 mm<br \/>&#8211; Arrebossat llis<\/p>\n<p>Sigui quin sigui l&#8217;arrebossat que vost\u00e8 esculli, aquest forma part del nostre acreditat sistema.<\/p>\n<h3 class=\"margin-top-15\">Arguments t\u00e8cnics<\/h3>\n<p>&nbsp;<\/p>\n<p>El sistema SATE ofereix els seg\u00fcents avantatges:<\/p>\n<p>&#8211; A\u00efllament exterior continu<br \/>&#8211; Eliminaci\u00f3 ponts t\u00e8rmics<br \/>&#8211; Prevenci\u00f3 de la condensaci\u00f3<br \/>&#8211; Efecte refrescant a l&#8217;estiu<br \/>&#8211; Sota consum calefacci\u00f3<br \/>&#8211; Augment de l&#8217;a\u00efllament ac\u00fastic<br \/>&#8211; F\u00e0cil manteniment<\/p>\n<p>[\/et_pb_text][\/et_pb_column][\/et_pb_row][et_pb_row _builder_version=&#8221;4.16&#8243; background_size=&#8221;initial&#8221; background_position=&#8221;top_left&#8221; background_repeat=&#8221;repeat&#8221; global_module=&#8221;13113&#8243; global_colors_info=&#8221;{}&#8221;][et_pb_column type=&#8221;4_4&#8243; _builder_version=&#8221;4.16&#8243; custom_padding=&#8221;|||&#8221; global_colors_info=&#8221;{}&#8221; custom_padding__hover=&#8221;|||&#8221;][et_pb_text _builder_version=&#8221;4.27.4&#8243; global_colors_info=&#8221;{}&#8221;]<\/p>\n<h2>Explora les nostres solucions \u2013 Descarrega el cat\u00e0leg<\/h2>\n<p>[\/et_pb_text][\/et_pb_column][\/et_pb_row][et_pb_row column_structure=&#8221;1_2,1_2&#8243; _builder_version=&#8221;4.27.4&#8243; _module_preset=&#8221;default&#8221; global_module=&#8221;13960&#8243; saved_tabs=&#8221;all&#8221; global_colors_info=&#8221;{}&#8221;][et_pb_column type=&#8221;1_2&#8243; _builder_version=&#8221;4.27.4&#8243; _module_preset=&#8221;default&#8221; global_colors_info=&#8221;{}&#8221;][et_pb_image src=&#8221;https:\/\/saate.es\/wp-content\/uploads\/2025\/03\/cataleg_facana_sate_cases.jpg&#8221; alt=&#8221;Descarregui el cat\u00e0leg de Cases Unifamiliars&#8221; title_text=&#8221;cataleg_facana_sate_cases&#8221; url=&#8221;https:\/\/saate.es\/detalles-tecnicos\/catalogo-fachada-sate-unifamiliares.pdf&#8221; use_overlay=&#8221;on&#8221; overlay_icon_color=&#8221;#6B6B6B&#8221; hover_overlay_color=&#8221;#D6D6D6&#8243; hover_icon=&#8221;&#xf063;||fa||900&#8243; align=&#8221;center&#8221; _builder_version=&#8221;4.27.4&#8243; _module_preset=&#8221;default&#8221; height=&#8221;180px&#8221; box_shadow_style=&#8221;preset1&#8243; global_colors_info=&#8221;{}&#8221;][\/et_pb_image][\/et_pb_column][et_pb_column type=&#8221;1_2&#8243; _builder_version=&#8221;4.27.4&#8243; _module_preset=&#8221;default&#8221; global_colors_info=&#8221;{}&#8221;][et_pb_image src=&#8221;https:\/\/saate.es\/wp-content\/uploads\/2025\/03\/cataleg_facana_sate_residencials.jpg&#8221; alt=&#8221;Descarregui el cat\u00e0leg d&#8217;Edificis Residencials&#8221; title_text=&#8221;cataleg_facana_sate_residencials&#8221; url=&#8221;https:\/\/saate.es\/detalles-tecnicos\/catalogo-fachada-sate-residenciales.pdf&#8221; use_overlay=&#8221;on&#8221; overlay_icon_color=&#8221;#6B6B6B&#8221; hover_overlay_color=&#8221;#D6D6D6&#8243; hover_icon=&#8221;&#xf063;||fa||900&#8243; _builder_version=&#8221;4.27.4&#8243; _module_preset=&#8221;default&#8221; height=&#8221;180px&#8221; box_shadow_style=&#8221;preset1&#8243; global_colors_info=&#8221;{}&#8221;][\/et_pb_image][\/et_pb_column][\/et_pb_row][\/et_pb_section]<\/p>\n","protected":false},"excerpt":{"rendered":"<a href='https:\/\/saate.es\/ca\/sistemes\/facana-sate\/'>A SAATE Premium Building Systems, oferim solucions avan\u00e7ades en sistemes de fa\u00e7ana SATE que milloren l&#8217;efici\u00e8ncia energ\u00e8tica i l&#8217;a\u00efllament t\u00e8rmic del vostre edifici. Els nostres sistemes garanteixen qualitat, innovaci\u00f3 i compliment normatiu a cada projecte. Confieu en la nostra experi\u00e8ncia per optimitzar el rendiment energ\u00e8tic de la seva propietat.\n<\/a>... <a href='https:\/\/saate.es\/ca\/sistemes\/facana-sate\/'>Llegir m&eacute;s<\/a>.","protected":false},"author":1,"featured_media":0,"parent":0,"menu_order":0,"comment_status":"closed","ping_status":"closed","template":"","meta":{"_et_pb_use_builder":"on","_et_pb_old_content":"","_et_gb_content_width":"","footnotes":""},"class_list":["post-2720","page","type-page","status-publish"],"_links":{"self":[{"href":"https:\/\/saate.es\/ca\/wp-json\/wp\/v2\/pages\/2720","targetHints":{"allow":["GET"]}}],"collection":[{"href":"https:\/\/saate.es\/ca\/wp-json\/wp\/v2\/pages"}],"about":[{"href":"https:\/\/saate.es\/ca\/wp-json\/wp\/v2\/types\/page"}],"author":[{"embeddable":true,"href":"https:\/\/saate.es\/ca\/wp-json\/wp\/v2\/users\/1"}],"replies":[{"embeddable":true,"href":"https:\/\/saate.es\/ca\/wp-json\/wp\/v2\/comments?post=2720"}],"version-history":[{"count":25,"href":"https:\/\/saate.es\/ca\/wp-json\/wp\/v2\/pages\/2720\/revisions"}],"predecessor-version":[{"id":14122,"href":"https:\/\/saate.es\/ca\/wp-json\/wp\/v2\/pages\/2720\/revisions\/14122"}],"wp:attachment":[{"href":"https:\/\/saate.es\/ca\/wp-json\/wp\/v2\/media?parent=2720"}],"curies":[{"name":"wp","href":"https:\/\/api.w.org\/{rel}","templated":true}]}}