{"id":2742,"date":"2020-07-05T20:23:06","date_gmt":"2020-07-05T18:23:06","guid":{"rendered":"https:\/\/saate.es\/?page_id=2742"},"modified":"2025-02-28T19:49:15","modified_gmt":"2025-02-28T18:49:15","slug":"projectes","status":"publish","type":"page","link":"https:\/\/saate.es\/ca\/projectes","title":{"rendered":"Projectes"},"content":{"rendered":"<p>[et_pb_section fb_built=&#8221;1&#8243; _builder_version=&#8221;4.16&#8243; global_colors_info=&#8221;{}&#8221;][et_pb_row _builder_version=&#8221;4.16&#8243; background_size=&#8221;initial&#8221; background_position=&#8221;top_left&#8221; background_repeat=&#8221;repeat&#8221; global_colors_info=&#8221;{}&#8221;][et_pb_column type=&#8221;4_4&#8243; _builder_version=&#8221;4.16&#8243; custom_padding=&#8221;|||&#8221; global_colors_info=&#8221;{}&#8221; custom_padding__hover=&#8221;|||&#8221;][et_pb_text _builder_version=&#8221;4.16&#8243; global_colors_info=&#8221;{}&#8221;]<\/p>\n<p>Conegui alguns dels projectes realitzats per SAATE, on podr\u00e0 veure la innovaci\u00f3, el disseny i la professionalitat en els treballs realitzats.<\/p>\n<p>Descobreixi les fa\u00e7anes ventilades realitzades en diversos materials (composite, fibrociment, gres extru\u00eft, gres porcel\u00e0nic i pedra natural), les fa\u00e7anes SATE en diversos colors i acabats i les cobertes verdes de diverses tipologies (cobertes planes, inclinades, hort i terrassa).<\/p>\n<p>[\/et_pb_text][et_pb_code _builder_version=&#8221;4.27.4&#8243; global_colors_info=&#8221;{}&#8221;]<center><!-- [et_pb_line_break_holder] --><\/p>\n<div class=\"bloque_portada\"><!-- [et_pb_line_break_holder] --> <\/p>\n<div class=\"bloque_portada_image\"><!-- [et_pb_line_break_holder] --> <a href=\"\/ca\/projectes\/facana-ventilada\/unifamiliars\/\"><!-- [et_pb_line_break_holder] --> <span class=\"et_pb_image_wrap\"><!-- [et_pb_line_break_holder] --> <img decoding=\"async\" src=\"\/wp-content\/uploads\/2018\/02\/saate-portada3.jpg\" alt=\"\" class=\"et-waypoint et_pb_animation_off et-animated\"><!-- [et_pb_line_break_holder] --> <\/span><!-- [et_pb_line_break_holder] --> <\/a><!-- [et_pb_line_break_holder] --> <\/div>\n<p><!-- [et_pb_line_break_holder] --> <\/p>\n<div class=\"bloque_portada_container\"><!-- [et_pb_line_break_holder] --> <\/p>\n<h4 class=\"et_pb_module_header\"><!-- [et_pb_line_break_holder] --> <a href=\"\/ca\/projectes\/facana-ventilada\/unifamiliars\/\">PROJECTES FA\u00c7ANA VENTILADA<\/a><!-- [et_pb_line_break_holder] --> <\/h4>\n<p> <!-- [et_pb_line_break_holder] --> <\/div>\n<p><!-- [et_pb_line_break_holder] --><\/div>\n<p><!-- [et_pb_line_break_holder] --><\/p>\n<div class=\"bloque_portada\"><!-- [et_pb_line_break_holder] --> <\/p>\n<div class=\"bloque_portada_image\"><!-- [et_pb_line_break_holder] --> <a href=\"\/ca\/projectes\/facana-sate\/unifamiliars\/\"><!-- [et_pb_line_break_holder] --> <span class=\"et_pb_image_wrap\"><!-- [et_pb_line_break_holder] --> <img decoding=\"async\" src=\"\/wp-content\/uploads\/2018\/02\/saate-portada2.jpg\" alt=\"\" class=\"et-waypoint et_pb_animation_off et-animated\"><!-- [et_pb_line_break_holder] --> <\/span><!-- [et_pb_line_break_holder] --> <\/a><!-- [et_pb_line_break_holder] --> <\/div>\n<p><!-- [et_pb_line_break_holder] --> <\/p>\n<div class=\"bloque_portada_container\"><!-- [et_pb_line_break_holder] --> <\/p>\n<h4 class=\"et_pb_module_header\"><!-- [et_pb_line_break_holder] --> <a href=\"\/ca\/projectes\/facana-sate\/unifamiliars\/\">PROJECTES FA\u00c7ANA SATE<\/a><!-- [et_pb_line_break_holder] --> <\/h4>\n<p> <!-- [et_pb_line_break_holder] --> <\/div>\n<p><!-- [et_pb_line_break_holder] --><\/div>\n<p><!-- [et_pb_line_break_holder] --><\/p>\n<div class=\"bloque_portada\"><!-- [et_pb_line_break_holder] --> <\/p>\n<div class=\"bloque_portada_image\"><!-- [et_pb_line_break_holder] --> <a href=\"\/ca\/projectes\/enva-pluvial\/\"><!-- [et_pb_line_break_holder] --> <span class=\"et_pb_image_wrap\"><!-- [et_pb_line_break_holder] --> <img decoding=\"async\" src=\"\/wp-content\/uploads\/2025\/02\/portada_tabique_pluvial.jpg\" alt=\"\" class=\"et-waypoint et_pb_animation_off et-animated\"><!-- [et_pb_line_break_holder] --> <\/span><!-- [et_pb_line_break_holder] --> <\/a><!-- [et_pb_line_break_holder] --> <\/div>\n<p><!-- [et_pb_line_break_holder] --> <\/p>\n<div class=\"bloque_portada_container\"><!-- [et_pb_line_break_holder] --> <\/p>\n<h4 class=\"et_pb_module_header\"><!-- [et_pb_line_break_holder] --> <a href=\"\/ca\/projectes\/enva-pluvial\/\">PROJECTES ENV\u00c0 PLUVIAL<\/a><!-- [et_pb_line_break_holder] --> <\/h4>\n<p> <!-- [et_pb_line_break_holder] --> <\/div>\n<p><!-- [et_pb_line_break_holder] --><\/div>\n<p><!-- [et_pb_line_break_holder] --><\/center>[\/et_pb_code][\/et_pb_column][\/et_pb_row][\/et_pb_section]<\/p>\n","protected":false},"excerpt":{"rendered":"<a href='https:\/\/saate.es\/ca\/projectes'>Exploreu els projectes destacats de SAATE Premium Building Systems, on combinem innovaci\u00f3 i experi\u00e8ncia per oferir solucions de construcci\u00f3 i rehabilitaci\u00f3 de fa\u00e7anes d&#8217;alta qualitat. Descobriu com transformem espais amb els nostres sistemes avan\u00e7ats i personalitzats.\n<\/a>... <a href='https:\/\/saate.es\/ca\/projectes'>Llegir m&eacute;s<\/a>.","protected":false},"author":1,"featured_media":0,"parent":0,"menu_order":0,"comment_status":"closed","ping_status":"closed","template":"","meta":{"_et_pb_use_builder":"on","_et_pb_old_content":"[et_pb_section bb_built=\"1\"][et_pb_row][et_pb_column type=\"4_4\"][et_pb_code _builder_version=\"3.17.3\"]<div class=\"breadcrumb\" itemscope itemtype=\"http:\/\/schema.org\/BreadcrumbList\"><!-- [et_pb_line_break_holder] --> <div class=\"breadcrumb_item\" itemprop=\"itemListElement\" itemscope<!-- [et_pb_line_break_holder] --> itemtype=\"http:\/\/schema.org\/ListItem\"><!-- [et_pb_line_break_holder] --> <a itemscope itemtype=\"http:\/\/schema.org\/Thing\" itemprop=\"item\" href=\"\/\"><span itemprop=\"name\">Inicio<\/span><\/a><!-- [et_pb_line_break_holder] --> <meta itemprop=\"position\" content=\"1\" \/><!-- [et_pb_line_break_holder] --> <\/div><!-- [et_pb_line_break_holder] --> <div class=\"breadcrumb_separator\">\u203a<\/div><!-- [et_pb_line_break_holder] --> <div class=\"breadcrumb_item last\" itemprop=\"itemListElement\" itemscope<!-- [et_pb_line_break_holder] --> itemtype=\"http:\/\/schema.org\/ListItem\"><!-- [et_pb_line_break_holder] --> <a itemscope itemtype=\"http:\/\/schema.org\/Thing\" itemprop=\"item\" href=\"\/proyectos\"><span itemprop=\"name\">Proyectos<\/span><\/a><!-- [et_pb_line_break_holder] --> <meta itemprop=\"position\" content=\"2\" \/><!-- [et_pb_line_break_holder] --> <\/div><!-- [et_pb_line_break_holder] --><\/div>[\/et_pb_code][et_pb_text _builder_version=\"3.17.3\"]\r\n\r\n<p>Conozca algunos de los proyectos realizados por SAATE, donde podr\u00e1 ver la innovaci\u00f3n, el dise\u00f1o y la profesionalidad en los trabajos realizados.<\/p><br\/><br\/>\r\n\r\n<p>Descubra las fachadas ventiladas realizadas en varios materiales (composite, fibrocemento, gres extruido, gres porcel\u00e1nico y piedra natural), las fachadas SATE en varios colores y acabados y las cubiertas verdes de varias tipolog\u00edas (cubiertas planas, inclinadas, huerto y terraza).<\/p><br\/><br\/>\r\n\r\n[\/et_pb_text][et_pb_code _builder_version=\"3.17.3\"]<center><!-- [et_pb_line_break_holder] --><div class=\"bloque_portada\"><!-- [et_pb_line_break_holder] --> <div class=\"bloque_portada_image\"><!-- [et_pb_line_break_holder] --> <a href=\"\/proyectos\/fachada-ventilada\/\"><!-- [et_pb_line_break_holder] --> <span class=\"et_pb_image_wrap\"><!-- [et_pb_line_break_holder] --> <img src=\"\/wp-content\/uploads\/2018\/02\/saate-portada3.jpg\" alt=\"\" class=\"et-waypoint et_pb_animation_off et-animated\"><!-- [et_pb_line_break_holder] --> <\/span><!-- [et_pb_line_break_holder] --> <\/a><!-- [et_pb_line_break_holder] --> <\/div><!-- [et_pb_line_break_holder] --> <div class=\"bloque_portada_container\"><!-- [et_pb_line_break_holder] --> <h4 class=\"et_pb_module_header\"><!-- [et_pb_line_break_holder] --> <a href=\"\/proyectos\/fachada-ventilada\/\">PROYECTOS FACHADA VENTILADA<\/a><!-- [et_pb_line_break_holder] --> <\/h4> <!-- [et_pb_line_break_holder] --> <\/div><!-- [et_pb_line_break_holder] --><\/div><!-- [et_pb_line_break_holder] --><div class=\"bloque_portada\"><!-- [et_pb_line_break_holder] --> <div class=\"bloque_portada_image\"><!-- [et_pb_line_break_holder] --> <a href=\"\/proyectos\/fachada-sate\/\"><!-- [et_pb_line_break_holder] --> <span class=\"et_pb_image_wrap\"><!-- [et_pb_line_break_holder] --> <img src=\"\/wp-content\/uploads\/2018\/02\/saate-portada2.jpg\" alt=\"\" class=\"et-waypoint et_pb_animation_off et-animated\"><!-- [et_pb_line_break_holder] --> <\/span><!-- [et_pb_line_break_holder] --> <\/a><!-- [et_pb_line_break_holder] --> <\/div><!-- [et_pb_line_break_holder] --> <div class=\"bloque_portada_container\"><!-- [et_pb_line_break_holder] --> <h4 class=\"et_pb_module_header\"><!-- [et_pb_line_break_holder] --> <a href=\"\/proyectos\/fachada-sate\/\">PROYECTOS FACHADA SATE<\/a><!-- [et_pb_line_break_holder] --> <\/h4> <!-- [et_pb_line_break_holder] --> <\/div><!-- [et_pb_line_break_holder] --><\/div><!-- [et_pb_line_break_holder] --><div class=\"bloque_portada\"><!-- [et_pb_line_break_holder] --> <div class=\"bloque_portada_image\"><!-- [et_pb_line_break_holder] --> <a href=\"\/proyectos\/cubierta-verde\/\"><!-- [et_pb_line_break_holder] --> <span class=\"et_pb_image_wrap\"><!-- [et_pb_line_break_holder] --> <img src=\"\/wp-content\/uploads\/2018\/02\/saate-portada4.jpg\" alt=\"\" class=\"et-waypoint et_pb_animation_off et-animated\"><!-- [et_pb_line_break_holder] --> <\/span><!-- [et_pb_line_break_holder] --> <\/a><!-- [et_pb_line_break_holder] --> <\/div><!-- [et_pb_line_break_holder] --> <div class=\"bloque_portada_container\"><!-- [et_pb_line_break_holder] --> <h4 class=\"et_pb_module_header\"><!-- [et_pb_line_break_holder] --> <a href=\"\/proyectos\/cubierta-verde\/\">PROYECTOS CUBIERTA VERDE<\/a><!-- [et_pb_line_break_holder] --> <\/h4> <!-- [et_pb_line_break_holder] --> <\/div><!-- [et_pb_line_break_holder] --><\/div><!-- [et_pb_line_break_holder] --><\/center>[\/et_pb_code][\/et_pb_column][\/et_pb_row][\/et_pb_section]","_et_gb_content_width":"","footnotes":""},"class_list":["post-2742","page","type-page","status-publish"],"_links":{"self":[{"href":"https:\/\/saate.es\/ca\/wp-json\/wp\/v2\/pages\/2742","targetHints":{"allow":["GET"]}}],"collection":[{"href":"https:\/\/saate.es\/ca\/wp-json\/wp\/v2\/pages"}],"about":[{"href":"https:\/\/saate.es\/ca\/wp-json\/wp\/v2\/types\/page"}],"author":[{"embeddable":true,"href":"https:\/\/saate.es\/ca\/wp-json\/wp\/v2\/users\/1"}],"replies":[{"embeddable":true,"href":"https:\/\/saate.es\/ca\/wp-json\/wp\/v2\/comments?post=2742"}],"version-history":[{"count":13,"href":"https:\/\/saate.es\/ca\/wp-json\/wp\/v2\/pages\/2742\/revisions"}],"predecessor-version":[{"id":11702,"href":"https:\/\/saate.es\/ca\/wp-json\/wp\/v2\/pages\/2742\/revisions\/11702"}],"wp:attachment":[{"href":"https:\/\/saate.es\/ca\/wp-json\/wp\/v2\/media?parent=2742"}],"curies":[{"name":"wp","href":"https:\/\/api.w.org\/{rel}","templated":true}]}}