{"id":3464,"date":"2019-02-19T07:49:35","date_gmt":"2019-02-19T06:49:35","guid":{"rendered":"https:\/\/saate.es\/fachada-ventilada-hpl-2\/"},"modified":"2025-03-20T11:38:44","modified_gmt":"2025-03-20T10:38:44","slug":"fachada-ventilada-hpl-2","status":"publish","type":"page","link":"https:\/\/saate.es\/ca\/sistemes\/facana-ventilada\/hpl\/","title":{"rendered":"Fa\u00e7ana ventilada HPL"},"content":{"rendered":"<p>[et_pb_section fb_built=&#8221;1&#8243; _builder_version=&#8221;4.16&#8243; global_colors_info=&#8221;{}&#8221;][et_pb_row column_structure=&#8221;1_2,1_2&#8243; _builder_version=&#8221;4.16&#8243; background_size=&#8221;initial&#8221; background_position=&#8221;top_left&#8221; background_repeat=&#8221;repeat&#8221; global_colors_info=&#8221;{}&#8221;][et_pb_column type=&#8221;1_2&#8243; _builder_version=&#8221;4.16&#8243; custom_padding=&#8221;|||&#8221; global_colors_info=&#8221;{}&#8221; custom_padding__hover=&#8221;|||&#8221;][et_pb_image src=&#8221;https:\/\/saate.es\/wp-content\/uploads\/2019\/02\/fachada_ventilada_hpl_muestra_1.jpg&#8221; align_tablet=&#8221;center&#8221; align_phone=&#8221;&#8221; align_last_edited=&#8221;on|desktop&#8221; module_class=&#8221;imatgesColumnaEsquerra&#8221; _builder_version=&#8221;4.27.4&#8243; hover_enabled=&#8221;0&#8243; global_colors_info=&#8221;{}&#8221; sticky_enabled=&#8221;0&#8243; disabled_on=&#8221;on|off|off&#8221;][\/et_pb_image][et_pb_image src=&#8221;https:\/\/saate.es\/wp-content\/uploads\/2019\/02\/fachada_ventilada_hpl_muestra_2.jpg&#8221; align_tablet=&#8221;center&#8221; align_phone=&#8221;&#8221; align_last_edited=&#8221;on|desktop&#8221; module_class=&#8221;imatgesColumnaEsquerra&#8221; _builder_version=&#8221;4.27.4&#8243; hover_enabled=&#8221;0&#8243; global_colors_info=&#8221;{}&#8221; sticky_enabled=&#8221;0&#8243;][\/et_pb_image][et_pb_image src=&#8221;https:\/\/saate.es\/wp-content\/uploads\/2019\/02\/fachada_ventilada_hpl_muestra_3.jpg&#8221; align_tablet=&#8221;center&#8221; align_phone=&#8221;&#8221; align_last_edited=&#8221;on|desktop&#8221; module_class=&#8221;imatgesColumnaEsquerra&#8221; _builder_version=&#8221;4.16&#8243; global_colors_info=&#8221;{}&#8221;][\/et_pb_image][\/et_pb_column][et_pb_column type=&#8221;1_2&#8243; _builder_version=&#8221;4.16&#8243; custom_padding=&#8221;|||&#8221; global_colors_info=&#8221;{}&#8221; custom_padding__hover=&#8221;|||&#8221;][et_pb_text _builder_version=&#8221;4.27.4&#8243; global_colors_info=&#8221;{}&#8221;]<\/p>\n<h2 style=\"text-align: justify;\">Descripci\u00f3 de el panell Trespa (HPL)<\/h2>\n<p>El panell Trespa (HPL) \u00e9s un laminat compacte decoratiu d&#8217;alta pressi\u00f3 amb una superf\u00edcie integrada fabricada utilitzant la tecnologia de curat per desc\u00e0rrega d&#8217;electrons.<\/p>\n<p>\u00c9s un panell dens i molt estable gr\u00e0cies a la barreja de fins al 70% de fibres naturals i resines termoenduribles, fabricades sota altes pressions i temperatures.<\/p>\n<p>\u00c9s una material amb una qualitat demostrada en el temps, de manera que el fabricant ofereix una garantia de producte condicional de 10 anys en la gamma completa de productes Trespa.<\/p>\n<h3 style=\"text-align: justify;\"><strong>Resist\u00e8ncia i estabilitat de color en els panells<\/strong><\/h3>\n<p>Els efectes adversos que poden desgastar un altre tipus de materials, com el sol i la pluja, no tenen cap efecte significatiu sobre els panells de Trespa.<\/p>\n<p>Milers de metres quadrats instal\u00b7lats en una gran varietat de pa\u00efsos i climes ofereixen resultats excepcionals en exterior i garanteixen el bon aspecte de la fa\u00e7ana durant molts anys.<\/p>\n<h3 style=\"text-align: justify;\"><strong>Poc manteniment i f\u00e0cil de netejar<\/strong><\/h3>\n<p>La superf\u00edcie dels panells Trespa evita l&#8217;acumulaci\u00f3 de brut\u00edcia, \u00e9s un producte llis, de porus tancat i molt f\u00e0cil de netejar.<br \/>S\u00f2lid i resistent<\/p>\n<p>\u00c9s un material que resisteix esgarrapades i cops gr\u00e0cies a l&#8217;alta densitat dels panells.<\/p>\n<h3 style=\"text-align: justify;\"><strong>Formats i gruixos<\/strong><\/h3>\n<p>Disposa de quatre formats: 2550 x 1860 mm, 3050 x 1530 mm, 3650 x 1860 mm i 4270 x 2130 mm.<\/p>\n<p>I 4 gruixos: 6 mm, 8 mm, 10 mm i 13mm.<\/p>\n<h3 style=\"text-align: justify;\"><strong>Colors<\/strong><\/h3>\n<p>Els panells Trespa (HPL) ofereixen una gamma molt \u00e0mplia de colors, textures i acabats, el que permet una gran capacitat d&#8217;adaptaci\u00f3 a el disseny del seu projecte.<\/p>\n<p>El nostre equip t\u00e8cnic queda a la seva disposici\u00f3 per assessorar-li al respecte.<\/p>\n<p style=\"text-align: justify;\">[\/et_pb_text][\/et_pb_column][\/et_pb_row][et_pb_row _builder_version=&#8221;4.16&#8243; background_size=&#8221;initial&#8221; background_position=&#8221;top_left&#8221; background_repeat=&#8221;repeat&#8221; global_colors_info=&#8221;{}&#8221;][et_pb_column type=&#8221;4_4&#8243; _builder_version=&#8221;4.16&#8243; custom_padding=&#8221;|||&#8221; global_colors_info=&#8221;{}&#8221; custom_padding__hover=&#8221;|||&#8221;][et_pb_image src=&#8221;https:\/\/saate.es\/wp-content\/uploads\/2019\/02\/fachada_ventilada_hpl_trespa_sede-1.jpg&#8221; align_tablet=&#8221;center&#8221; align_phone=&#8221;&#8221; align_last_edited=&#8221;on|desktop&#8221; _builder_version=&#8221;4.16&#8243; global_colors_info=&#8221;{}&#8221;][\/et_pb_image][\/et_pb_column][\/et_pb_row][et_pb_row column_structure=&#8221;1_2,1_2&#8243; _builder_version=&#8221;4.16&#8243; background_size=&#8221;initial&#8221; background_position=&#8221;top_left&#8221; background_repeat=&#8221;repeat&#8221; global_colors_info=&#8221;{}&#8221;][et_pb_column type=&#8221;1_2&#8243; _builder_version=&#8221;4.16&#8243; custom_padding=&#8221;|||&#8221; global_colors_info=&#8221;{}&#8221; custom_padding__hover=&#8221;|||&#8221;][et_pb_text _builder_version=&#8221;4.27.4&#8243; global_colors_info=&#8221;{}&#8221;]<\/p>\n<h2>Tipus d&#8217;ancoratge<\/h2>\n<p>Els nostres sistemes ofereixen una gran varietat d&#8217;ancoratges, ens podem adaptar a qualsevol tipus de fa\u00e7ana:<\/p>\n<ul>\n<li><span style=\"font-size: 18px;\">Ancoratge vist mitjan\u00e7ant reblons.<\/span><\/li>\n<\/ul>\n<p style=\"padding-left: 30px; font-size: 18px;\">Els panells seran fixats als perfils verticals d&#8217;alumini amb reblons inoxidables o d&#8217;alumini.<\/p>\n<ul>\n<li><span style=\"font-size: 18px;\">Ancoratge vist mitjan\u00e7ant cargols.<\/span><\/li>\n<\/ul>\n<p style=\"padding-left: 30px; font-size: 18px;\">Els panells seran fixats als perfils verticals de fusta amb cargols inoxidables.<\/p>\n<ul>\n<li><span style=\"font-size: 18px;\">Ancoratge ocult mitjan\u00e7ant adhesiu.<\/span><\/li>\n<\/ul>\n<p style=\"padding-left: 30px; font-size: 18px;\">Els panells seran fixats als perfils verticals alumini mitjan\u00e7ant el sistema PanelFix de Soltec.<\/p>\n<ul>\n<li><span style=\"font-size: 18px;\">Ancoratge ocult mitjan\u00e7ant grapa.<\/span><\/li>\n<\/ul>\n<p style=\"padding-left: 30px; font-size: 18px;\">Els panells seran fixats als perfils verticals alumini mitjan\u00e7ant una grapa part de el sistema Fischer.<\/p>\n<p>Tots els sistemes de fixaci\u00f3 utilitzats per la nostra empresa passen les m\u00e9s estrictes controls de qualitat tant per part dels fabricants com dels nostres enginyers.<\/p>\n<p>Posem la nostra experi\u00e8ncia a la seva disposici\u00f3 per dissenyar i col\u00b7laborar amb un vost\u00e8 en la realitzaci\u00f3 de fa\u00e7anes ventilades singulars i diferenciadores.<\/p>\n<p>&nbsp;<\/p>\n<div class=\"gold_box\"><a href=\"\/ca\/projectes\/facana-ventilada\/unifamiliars\/\">Veure projectes realitzats<\/a><\/div>\n<p>[\/et_pb_text][\/et_pb_column][et_pb_column type=&#8221;1_2&#8243; _builder_version=&#8221;4.16&#8243; custom_padding=&#8221;|||&#8221; global_colors_info=&#8221;{}&#8221; custom_padding__hover=&#8221;|||&#8221;][et_pb_text _builder_version=&#8221;4.27.4&#8243; global_colors_info=&#8221;{}&#8221;]<\/p>\n<h2>Principals avantatges<\/h2>\n<ul>\n<li><span style=\"font-size: 18px;\">Panell lleuger.<\/span><\/li>\n<li><span style=\"font-size: 18px;\">Panell molt resistent.<\/span><\/li>\n<li><span style=\"font-size: 18px;\">\u00c0mplia varietat crom\u00e0tica.<\/span><\/li>\n<li><span style=\"font-size: 18px;\">Panells de gran format fins 4270 mm.<\/span><\/li>\n<li><span style=\"font-size: 18px;\">Acabats en imitaci\u00f3 fusta.<\/span><\/li>\n<li><span style=\"font-size: 18px;\">M\u00e9s de 20 anys instal\u00b7lant aquest producte.<\/span><\/li>\n<\/ul>\n<p>&nbsp;<\/p>\n<h2>Avantatges econ\u00f2mics<\/h2>\n<ul>\n<li><span style=\"font-size: 18px;\">Estalvi d&#8217;energia.<\/span><\/li>\n<li><span style=\"font-size: 18px;\">Superf\u00edcie lliure interior utilitzable.<\/span><\/li>\n<li><span style=\"font-size: 18px;\">Increment en el valor d&#8217;edifici.<\/span><\/li>\n<\/ul>\n<p>&nbsp;<\/p>\n<h2>Aplicacions<\/h2>\n<ul>\n<li><span style=\"font-size: 18px;\">Obra nova.<\/span><\/li>\n<li><span style=\"font-size: 18px;\">Rehabilitaci\u00f3.<\/span><\/li>\n<\/ul>\n<img loading=\"lazy\" decoding=\"async\" src=\"https:\/\/saate.es\/wp-content\/uploads\/2019\/02\/fachada_ventilada_hpl_trespa_logo-300x165.png\" alt=\"\" width=\"300\" height=\"165\" class=\"alignnone size-medium wp-image-2560\" srcset=\"https:\/\/saate.es\/wp-content\/uploads\/2019\/02\/fachada_ventilada_hpl_trespa_logo-300x165.png 300w, https:\/\/saate.es\/wp-content\/uploads\/2019\/02\/fachada_ventilada_hpl_trespa_logo.png 653w\" sizes=\"(max-width: 300px) 100vw, 300px\" \/>\n<p>[\/et_pb_text][\/et_pb_column][\/et_pb_row][et_pb_row _builder_version=&#8221;4.16&#8243; background_size=&#8221;initial&#8221; background_position=&#8221;top_left&#8221; background_repeat=&#8221;repeat&#8221; global_module=&#8221;13113&#8243; global_colors_info=&#8221;{}&#8221;][et_pb_column type=&#8221;4_4&#8243; _builder_version=&#8221;4.16&#8243; custom_padding=&#8221;|||&#8221; global_colors_info=&#8221;{}&#8221; custom_padding__hover=&#8221;|||&#8221;][et_pb_text _builder_version=&#8221;4.27.4&#8243; global_colors_info=&#8221;{}&#8221;]<\/p>\n<h2>Explora les nostres solucions \u2013 Descarrega el cat\u00e0leg<\/h2>\n<p>[\/et_pb_text][\/et_pb_column][\/et_pb_row][et_pb_row column_structure=&#8221;1_3,1_3,1_3&#8243; _builder_version=&#8221;4.27.4&#8243; _module_preset=&#8221;default&#8221; global_module=&#8221;13099&#8243; saved_tabs=&#8221;all&#8221; global_colors_info=&#8221;{}&#8221;][et_pb_column type=&#8221;1_3&#8243; _builder_version=&#8221;4.27.4&#8243; _module_preset=&#8221;default&#8221; global_colors_info=&#8221;{}&#8221;][et_pb_image src=&#8221;https:\/\/saate.es\/wp-content\/uploads\/2025\/03\/cataleg_facana_ventilada_cases.jpg&#8221; alt=&#8221;Descarregui el cat\u00e0leg de Cases Unifamiliars&#8221; title_text=&#8221;cataleg_facana_ventilada_cases&#8221; url=&#8221;https:\/\/saate.es\/detalles-tecnicos\/catalogo-fachada-ventilada-unifamiliares.pdf&#8221; use_overlay=&#8221;on&#8221; overlay_icon_color=&#8221;#6B6B6B&#8221; hover_overlay_color=&#8221;#D6D6D6&#8243; hover_icon=&#8221;&#xf063;||fa||900&#8243; _builder_version=&#8221;4.27.4&#8243; _module_preset=&#8221;default&#8221; background_enable_image=&#8221;off&#8221; background_size=&#8221;contain&#8221; border_color_all=&#8221;#8F8F8F&#8221; box_shadow_style=&#8221;preset1&#8243; global_colors_info=&#8221;{}&#8221;][\/et_pb_image][\/et_pb_column][et_pb_column type=&#8221;1_3&#8243; _builder_version=&#8221;4.27.4&#8243; _module_preset=&#8221;default&#8221; global_colors_info=&#8221;{}&#8221;][et_pb_image src=&#8221;https:\/\/saate.es\/wp-content\/uploads\/2025\/03\/cataleg_facana_ventilada_residencials.jpg&#8221; alt=&#8221;Descarregui el cat\u00e0leg d&#8217;Edificis Residencials&#8221; title_text=&#8221;cataleg_facana_ventilada_residencials&#8221; url=&#8221;https:\/\/saate.es\/detalles-tecnicos\/catalogo-fachada-ventilada-residenciales.pdf&#8221; use_overlay=&#8221;on&#8221; overlay_icon_color=&#8221;#6B6B6B&#8221; hover_overlay_color=&#8221;#D6D6D6&#8243; hover_icon=&#8221;&#xf063;||fa||900&#8243; _builder_version=&#8221;4.27.4&#8243; _module_preset=&#8221;default&#8221; background_enable_image=&#8221;off&#8221; background_size=&#8221;contain&#8221; box_shadow_style=&#8221;preset1&#8243; global_colors_info=&#8221;{}&#8221;][\/et_pb_image][\/et_pb_column][et_pb_column type=&#8221;1_3&#8243; _builder_version=&#8221;4.27.4&#8243; _module_preset=&#8221;default&#8221; global_colors_info=&#8221;{}&#8221;][et_pb_image src=&#8221;https:\/\/saate.es\/wp-content\/uploads\/2025\/03\/cataleg_facana_ventilada_no_residencials.jpg&#8221; alt=&#8221;Descarregui el cat\u00e0leg d&#8217;Edificis No Residencials&#8221; title_text=&#8221;cataleg_facana_ventilada_no_residencials&#8221; url=&#8221;https:\/\/saate.es\/detalles-tecnicos\/catalogo-fachada-ventilada-no-residenciales.pdf&#8221; use_overlay=&#8221;on&#8221; overlay_icon_color=&#8221;#6B6B6B&#8221; hover_overlay_color=&#8221;#D6D6D6&#8243; hover_icon=&#8221;&#xf063;||fa||900&#8243; _builder_version=&#8221;4.27.4&#8243; _module_preset=&#8221;default&#8221; background_enable_image=&#8221;off&#8221; background_size=&#8221;contain&#8221; box_shadow_style=&#8221;preset1&#8243; global_colors_info=&#8221;{}&#8221;][\/et_pb_image][\/et_pb_column][\/et_pb_row][et_pb_row _builder_version=&#8221;4.16&#8243; background_size=&#8221;initial&#8221; background_position=&#8221;top_left&#8221; background_repeat=&#8221;repeat&#8221; global_module=&#8221;13084&#8243; saved_tabs=&#8221;all&#8221; global_colors_info=&#8221;{}&#8221;][et_pb_column type=&#8221;4_4&#8243; _builder_version=&#8221;4.16&#8243; custom_padding=&#8221;|||&#8221; global_colors_info=&#8221;{}&#8221; custom_padding__hover=&#8221;|||&#8221;][et_pb_text _builder_version=&#8221;4.27.4&#8243; global_colors_info=&#8221;{}&#8221;]<\/p>\n<h2>Descarrega la nostra documentaci\u00f3 t\u00e8cnica<\/h2>\n<p>[\/et_pb_text][\/et_pb_column][\/et_pb_row][et_pb_row column_structure=&#8221;1_3,1_3,1_3&#8243; disabled_on=&#8221;off|off|off&#8221; _builder_version=&#8221;4.27.4&#8243; _module_preset=&#8221;default&#8221; custom_css_main_element=&#8221;text-align:center;&#8221; global_module=&#8221;13068&#8243; saved_tabs=&#8221;all&#8221; global_colors_info=&#8221;{}&#8221;][et_pb_column type=&#8221;1_3&#8243; _builder_version=&#8221;4.27.4&#8243; _module_preset=&#8221;default&#8221; global_colors_info=&#8221;{}&#8221;][et_pb_image src=&#8221;https:\/\/saate.es\/wp-content\/uploads\/2025\/03\/catalogo-fachada-ventilada-reblo_ca.jpg&#8221; title_text=&#8221;catalogo-fachada-ventilada-reblo_ca&#8221; url=&#8221;https:\/\/saate.es\/detalles-tecnicos\/ficha-tecnica-fachada-ventilada-remache.pdf&#8221; url_new_window=&#8221;on&#8221; use_overlay=&#8221;on&#8221; overlay_icon_color=&#8221;#6b6b6b&#8221; hover_overlay_color=&#8221;#d6d6d6&#8243; hover_icon=&#8221;&#xf063;||fa||900&#8243; _builder_version=&#8221;4.27.4&#8243; _module_preset=&#8221;default&#8221; box_shadow_style=&#8221;preset1&#8243; global_colors_info=&#8221;{}&#8221;][\/et_pb_image][\/et_pb_column][et_pb_column type=&#8221;1_3&#8243; _builder_version=&#8221;4.27.4&#8243; _module_preset=&#8221;default&#8221; global_colors_info=&#8221;{}&#8221;][et_pb_image src=&#8221;https:\/\/saate.es\/wp-content\/uploads\/2025\/03\/catalogo-fachada-ventilada-adhesiu_ca.jpg&#8221; title_text=&#8221;catalogo-fachada-ventilada-adhesiu_ca&#8221; url=&#8221;https:\/\/saate.es\/detalles-tecnicos\/ficha-tecnica-fachada-ventilada-adhesivo.pdf&#8221; url_new_window=&#8221;on&#8221; use_overlay=&#8221;on&#8221; overlay_icon_color=&#8221;#6b6b6b&#8221; hover_overlay_color=&#8221;#d6d6d6&#8243; hover_icon=&#8221;&#xf063;||fa||900&#8243; _builder_version=&#8221;4.27.4&#8243; _module_preset=&#8221;default&#8221; box_shadow_style=&#8221;preset1&#8243; global_colors_info=&#8221;{}&#8221;][\/et_pb_image][\/et_pb_column][et_pb_column type=&#8221;1_3&#8243; _builder_version=&#8221;4.27.4&#8243; _module_preset=&#8221;default&#8221; global_colors_info=&#8221;{}&#8221;][et_pb_image src=&#8221;https:\/\/saate.es\/wp-content\/uploads\/2025\/03\/catalogo-fachada-ventilada-grapa_ca.jpg&#8221; title_text=&#8221;catalogo-fachada-ventilada-grapa_ca&#8221; url=&#8221;https:\/\/saate.es\/detalles-tecnicos\/ficha-tecnica-fachada-ventilada-grapa.pdf&#8221; url_new_window=&#8221;on&#8221; use_overlay=&#8221;on&#8221; overlay_icon_color=&#8221;#6b6b6b&#8221; hover_overlay_color=&#8221;#d6d6d6&#8243; hover_icon=&#8221;&#xf063;||fa||900&#8243; _builder_version=&#8221;4.27.4&#8243; _module_preset=&#8221;default&#8221; box_shadow_style=&#8221;preset1&#8243; global_colors_info=&#8221;{}&#8221;][\/et_pb_image][\/et_pb_column][\/et_pb_row][\/et_pb_section]<\/p>\n","protected":false},"excerpt":{"rendered":"<a href='https:\/\/saate.es\/ca\/sistemes\/facana-ventilada\/hpl\/'>Descobriu les solucions de fa\u00e7anes ventilades amb panells HPL a SAATE Premium Building Systems. Oferim sistemes duradors i est\u00e8tics que milloren l&#8217;efici\u00e8ncia energ\u00e8tica del vostre edifici, garantint qualitat i innovaci\u00f3 en cada projecte.\n<\/a>... <a href='https:\/\/saate.es\/ca\/sistemes\/facana-ventilada\/hpl\/'>Llegir m&eacute;s<\/a>.","protected":false},"author":1,"featured_media":0,"parent":0,"menu_order":0,"comment_status":"closed","ping_status":"closed","template":"","meta":{"_et_pb_use_builder":"on","_et_pb_old_content":"","_et_gb_content_width":"","footnotes":""},"class_list":["post-3464","page","type-page","status-publish"],"_links":{"self":[{"href":"https:\/\/saate.es\/ca\/wp-json\/wp\/v2\/pages\/3464","targetHints":{"allow":["GET"]}}],"collection":[{"href":"https:\/\/saate.es\/ca\/wp-json\/wp\/v2\/pages"}],"about":[{"href":"https:\/\/saate.es\/ca\/wp-json\/wp\/v2\/types\/page"}],"author":[{"embeddable":true,"href":"https:\/\/saate.es\/ca\/wp-json\/wp\/v2\/users\/1"}],"replies":[{"embeddable":true,"href":"https:\/\/saate.es\/ca\/wp-json\/wp\/v2\/comments?post=3464"}],"version-history":[{"count":24,"href":"https:\/\/saate.es\/ca\/wp-json\/wp\/v2\/pages\/3464\/revisions"}],"predecessor-version":[{"id":13247,"href":"https:\/\/saate.es\/ca\/wp-json\/wp\/v2\/pages\/3464\/revisions\/13247"}],"wp:attachment":[{"href":"https:\/\/saate.es\/ca\/wp-json\/wp\/v2\/media?parent=3464"}],"curies":[{"name":"wp","href":"https:\/\/api.w.org\/{rel}","templated":true}]}}