{"id":3476,"date":"2019-02-18T12:47:46","date_gmt":"2019-02-18T11:47:46","guid":{"rendered":"https:\/\/saate.es\/fachada-ventilada-hpl\/"},"modified":"2025-03-20T11:37:16","modified_gmt":"2025-03-20T10:37:16","slug":"fachada-ventilada-hpl","status":"publish","type":"page","link":"https:\/\/saate.es\/ca\/sistemes\/facana-ventilada\/fibrociment-hd\/","title":{"rendered":"Fa\u00e7ana ventilada de fibrociment HD"},"content":{"rendered":"<p>[et_pb_section fb_built=&#8221;1&#8243; _builder_version=&#8221;4.16&#8243; global_colors_info=&#8221;{}&#8221;][et_pb_row column_structure=&#8221;1_2,1_2&#8243; _builder_version=&#8221;4.16&#8243; background_size=&#8221;initial&#8221; background_position=&#8221;top_left&#8221; background_repeat=&#8221;repeat&#8221; global_colors_info=&#8221;{}&#8221;][et_pb_column type=&#8221;1_2&#8243; _builder_version=&#8221;4.16&#8243; custom_padding=&#8221;|||&#8221; global_colors_info=&#8221;{}&#8221; custom_padding__hover=&#8221;|||&#8221;][et_pb_image src=&#8221;https:\/\/saate.es\/wp-content\/uploads\/2019\/02\/fachada_ventilada_fibrocemento_hd.jpg&#8221; align_tablet=&#8221;center&#8221; align_phone=&#8221;&#8221; align_last_edited=&#8221;on|desktop&#8221; disabled_on=&#8221;on|off|off&#8221; module_class=&#8221;imatgesColumnaEsquerra&#8221; _builder_version=&#8221;4.16&#8243; global_colors_info=&#8221;{}&#8221;][\/et_pb_image][et_pb_image src=&#8221;https:\/\/saate.es\/wp-content\/uploads\/2019\/02\/fachada_ventilada_fibrocemento_hd_equitone_tectiva.jpg&#8221; align_tablet=&#8221;center&#8221; align_phone=&#8221;&#8221; align_last_edited=&#8221;on|desktop&#8221; module_class=&#8221;imatgesColumnaEsquerra&#8221; _builder_version=&#8221;4.16&#8243; global_colors_info=&#8221;{}&#8221;][\/et_pb_image][et_pb_image src=&#8221;https:\/\/saate.es\/wp-content\/uploads\/2019\/02\/fachada_ventilada_fibrocemento_hd_equitone_natura.jpg&#8221; align_tablet=&#8221;center&#8221; align_phone=&#8221;&#8221; align_last_edited=&#8221;on|desktop&#8221; module_class=&#8221;imatgesColumnaEsquerra&#8221; _builder_version=&#8221;4.16&#8243; global_colors_info=&#8221;{}&#8221;][\/et_pb_image][\/et_pb_column][et_pb_column type=&#8221;1_2&#8243; _builder_version=&#8221;4.16&#8243; custom_padding=&#8221;|||&#8221; global_colors_info=&#8221;{}&#8221; custom_padding__hover=&#8221;|||&#8221;][et_pb_text _builder_version=&#8221;4.27.4&#8243; global_colors_info=&#8221;{}&#8221;]<\/p>\n<h2>Descripci\u00f3 del panell de fibrociment<\/h2>\n<p>&nbsp;<\/p>\n<p>Les plaques de fibrociment HD es fabriquen mitjan\u00e7ant la utilitzaci\u00f3 de materials naturals com el ciment, la cel\u00b7lulosa i compostos minerals refor\u00e7ats que ofereixen una matriu visible.<\/p>\n<p>La gamma de panells de fibrociment HD de Euronit tenen el nom comercial de Equitone.<\/p>\n<p>Els panells Equitone es divideixen en dos tipus: Tectiva (base cel\u00b7lulosa) i Natura (base PVA).<\/p>\n<p><br style=\"clear: left;\" \/><br \/><br style=\"clear: left;\" \/><\/p>\n<h3><strong>Equitone Tectiva<\/strong><\/h3>\n<p>&nbsp;<\/p>\n<p>\u00c9s el nostre material m\u00e9s demandat i el preferit dels nostres clients per la seva excel\u00b7lent relaci\u00f3 qualitat preu. Amb un tacte rug\u00f3s, propi de l&#8217;fibrociment sense polir. La superf\u00edcie es caracteritza per un delicat aspecte tramat, a for\u00e7a d&#8217;unes fines l\u00ednies de poliment i min\u00fascules inclusions.<\/p>\n<p>El proc\u00e9s de producci\u00f3 fa que cada fa\u00e7ana sigui \u00fanica en color, textura i superf\u00edcie. Es creen difer\u00e8ncies de to entre plaques a causa<\/p>\n<p>a la base de l&#8217;material, dotant-lo d&#8217;un aspecte natural, intr\u00ednsec de l&#8217;material.<\/p>\n<p>Dimensions m\u00e0ximes \u00fatils de l&#8217;Tectiva: 3050 x 1220 mm<\/p>\n<p>Posseeix un gruix espec\u00edfic de 8 mm<\/p>\n<p>Color: 8 colors petris que ofereixen un joc d&#8217;aig\u00fces crom\u00e0tic<\/p>\n<p>&nbsp;<\/p>\n<h3><strong>Equitone Natura<\/strong><\/h3>\n<p style=\"text-align: justify;\">Un material coloreado en masa, que muestra sutilmente la matriz pura del fibrocemento. Las ramificaciones creadas por las fibras vistas, junto con su suave tacto seda y color mate, le confieren una gran elegancia singular.<\/p>\n<p style=\"text-align: justify;\">Dimensiones m\u00e1ximas \u00fatiles del Natura: 3130 x 1290 mm<\/p>\n<p style=\"text-align: justify;\">Posee un espesor espec\u00edfico de 8 mm<\/p>\n<p style=\"text-align: justify;\">Color: Se presenta en cuatro colores en masa y 26 colores superficiales semitransparentes.<\/p>\n<p>&nbsp;<\/p>\n<h2>Atenci\u00f3 personalitzada<\/h2>\n<p>El nostre equip t\u00e8cnic queda a la seva disposici\u00f3 per assessorar-li a l&#8217;respecte.<\/p>\n<p>&nbsp;<\/p>\n<p>[\/et_pb_text][\/et_pb_column][\/et_pb_row][et_pb_row _builder_version=&#8221;4.16&#8243; background_size=&#8221;initial&#8221; background_position=&#8221;top_left&#8221; background_repeat=&#8221;repeat&#8221; global_colors_info=&#8221;{}&#8221;][et_pb_column type=&#8221;4_4&#8243; _builder_version=&#8221;4.16&#8243; custom_padding=&#8221;|||&#8221; global_colors_info=&#8221;{}&#8221; custom_padding__hover=&#8221;|||&#8221;][et_pb_image src=&#8221;https:\/\/saate.es\/wp-content\/uploads\/2019\/02\/fachada_ventilada_fibrocemento_hd_proyecto.jpg&#8221; align_tablet=&#8221;center&#8221; align_phone=&#8221;&#8221; align_last_edited=&#8221;on|desktop&#8221; _builder_version=&#8221;4.16&#8243; global_colors_info=&#8221;{}&#8221;][\/et_pb_image][\/et_pb_column][\/et_pb_row][et_pb_row column_structure=&#8221;1_2,1_2&#8243; _builder_version=&#8221;4.16&#8243; background_size=&#8221;initial&#8221; background_position=&#8221;top_left&#8221; background_repeat=&#8221;repeat&#8221; global_colors_info=&#8221;{}&#8221;][et_pb_column type=&#8221;1_2&#8243; _builder_version=&#8221;4.16&#8243; custom_padding=&#8221;|||&#8221; global_colors_info=&#8221;{}&#8221; custom_padding__hover=&#8221;|||&#8221;][et_pb_text _builder_version=&#8221;4.27.4&#8243; global_colors_info=&#8221;{}&#8221;]<\/p>\n<h2>Tipus d&#8217;ancoratge<\/h2>\n<p><span style=\"font-size: 18px;\">Els nostres sistemes ofereixen una gran varietat d&#8217;ancoratges, ens podem adaptar a qualsevol tipus de fa\u00e7ana:<\/span><\/p>\n<ul>\n<li><span style=\"font-size: 18px;\">Ancoratge vist mitjan\u00e7ant reblons.<\/span><\/li>\n<\/ul>\n<p style=\"padding-left: 30px;\">Els panells de fibrociment seran fixats als perfils verticals d&#8217;alumini amb reblons inoxidables o d&#8217;alumini.<\/p>\n<ul>\n<li><span style=\"font-size: 18px;\">Ancoratge vist mitjan\u00e7ant cargols.<\/span><\/li>\n<\/ul>\n<p style=\"padding-left: 30px;\">Els panells de fibrociment seran fixats als perfils verticals de Madea amb cargols inoxidables.<\/p>\n<ul>\n<li><span style=\"font-size: 18px;\">Ancoratge ocult mitjan\u00e7ant adhesiu.<\/span><\/li>\n<\/ul>\n<p style=\"padding-left: 30px;\">Els panells de fibrociment seran fixats als perfils verticals alumini mitjan\u00e7ant el sistema PanelFix de Soltec.<\/p>\n<ul>\n<li><span style=\"font-size: 18px;\">Ancoratge ocult mitjan\u00e7ant grapa.<\/span><\/li>\n<\/ul>\n<p style=\"padding-left: 30px;\">Els panells de fibrociment seran fixats als perfils verticals alumini mitjan\u00e7ant una grapa part de el sistema Fischer.<\/p>\n<p>Tots els sistemes de fixaci\u00f3 utilitzats per la nostra empresa passen les m\u00e9s estrictes controls de qualitat tant per part dels fabricants com dels nostres enginyers.<\/p>\n<p>Posem la nostra experi\u00e8ncia a la seva disposici\u00f3 per dissenyar i col\u00b7laborar amb un vost\u00e8 en la realitzaci\u00f3 de fa\u00e7anes ventilades singulars i diferenciadores.<\/p>\n<p>&nbsp;<\/p>\n<div class=\"gold_box\"><a href=\"\/ca\/projectes\/facana-ventilada\/unifamiliars\/\">Veure projectes realitzats<\/a><\/div>\n<p>[\/et_pb_text][\/et_pb_column][et_pb_column type=&#8221;1_2&#8243; _builder_version=&#8221;4.16&#8243; custom_padding=&#8221;|||&#8221; global_colors_info=&#8221;{}&#8221; custom_padding__hover=&#8221;|||&#8221;][et_pb_text _builder_version=&#8221;4.27.4&#8243; global_colors_info=&#8221;{}&#8221;]<\/p>\n<h2>Principals avantatges<\/h2>\n<ul>\n<li><span style=\"font-size: 18px;\">Panell lleuger.<\/span><\/li>\n<li><span style=\"font-size: 18px;\">\u00c0mplia varietat crom\u00e0tica.<\/span><\/li>\n<li><span style=\"font-size: 18px;\">Panells de gran format fins 3000mm<\/span><\/li>\n<li><span style=\"font-size: 18px;\">Excel\u00b7lent relaci\u00f3 qualitat preu.<\/span><\/li>\n<li><span style=\"font-size: 18px;\">M\u00e9s de 20 anys instal\u00b7lant aquest producte.<\/span><\/li>\n<\/ul>\n<p>&nbsp;<\/p>\n<h2>Avantatges econ\u00f2mics<\/h2>\n<ul>\n<li><span style=\"font-size: 18px;\">Estalvi d&#8217;energia.<\/span><\/li>\n<li><span style=\"font-size: 18px;\">Superf\u00edcie lliure interior utilitzable.<\/span><\/li>\n<li><span style=\"font-size: 18px;\">Increment en el valor d&#8217;edifici.<\/span><\/li>\n<\/ul>\n<p>&nbsp;<\/p>\n<h2>Aplicacions<\/h2>\n<ul>\n<li><span style=\"font-size: 18px;\">Obra nova.<\/span><\/li>\n<li><span style=\"font-size: 18px;\">Rehabilitaci\u00f3.<\/span><\/li>\n<\/ul>\n<img loading=\"lazy\" decoding=\"async\" src=\"https:\/\/saate.es\/wp-content\/uploads\/2019\/02\/fachada_ventilada_fibrocemento_hd_equitone-300x200.png\" alt=\"\" width=\"300\" height=\"200\" class=\"alignnone size-medium wp-image-2540\" srcset=\"https:\/\/saate.es\/wp-content\/uploads\/2019\/02\/fachada_ventilada_fibrocemento_hd_equitone-300x200.png 300w, https:\/\/saate.es\/wp-content\/uploads\/2019\/02\/fachada_ventilada_fibrocemento_hd_equitone.png 740w\" sizes=\"(max-width: 300px) 100vw, 300px\" \/>\n<p>[\/et_pb_text][\/et_pb_column][\/et_pb_row][et_pb_row _builder_version=&#8221;4.16&#8243; background_size=&#8221;initial&#8221; background_position=&#8221;top_left&#8221; background_repeat=&#8221;repeat&#8221; global_module=&#8221;13113&#8243; global_colors_info=&#8221;{}&#8221;][et_pb_column type=&#8221;4_4&#8243; _builder_version=&#8221;4.16&#8243; custom_padding=&#8221;|||&#8221; global_colors_info=&#8221;{}&#8221; custom_padding__hover=&#8221;|||&#8221;][et_pb_text _builder_version=&#8221;4.27.4&#8243; global_colors_info=&#8221;{}&#8221;]<\/p>\n<h2>Explora les nostres solucions \u2013 Descarrega el cat\u00e0leg<\/h2>\n<p>[\/et_pb_text][\/et_pb_column][\/et_pb_row][et_pb_row column_structure=&#8221;1_3,1_3,1_3&#8243; _builder_version=&#8221;4.27.4&#8243; _module_preset=&#8221;default&#8221; global_module=&#8221;13099&#8243; saved_tabs=&#8221;all&#8221; global_colors_info=&#8221;{}&#8221;][et_pb_column type=&#8221;1_3&#8243; _builder_version=&#8221;4.27.4&#8243; _module_preset=&#8221;default&#8221; global_colors_info=&#8221;{}&#8221;][et_pb_image src=&#8221;https:\/\/saate.es\/wp-content\/uploads\/2025\/03\/cataleg_facana_ventilada_cases.jpg&#8221; alt=&#8221;Descarregui el cat\u00e0leg de Cases Unifamiliars&#8221; title_text=&#8221;cataleg_facana_ventilada_cases&#8221; url=&#8221;https:\/\/saate.es\/detalles-tecnicos\/catalogo-fachada-ventilada-unifamiliares.pdf&#8221; use_overlay=&#8221;on&#8221; overlay_icon_color=&#8221;#6B6B6B&#8221; hover_overlay_color=&#8221;#D6D6D6&#8243; hover_icon=&#8221;&#xf063;||fa||900&#8243; _builder_version=&#8221;4.27.4&#8243; _module_preset=&#8221;default&#8221; background_enable_image=&#8221;off&#8221; background_size=&#8221;contain&#8221; border_color_all=&#8221;#8F8F8F&#8221; box_shadow_style=&#8221;preset1&#8243; global_colors_info=&#8221;{}&#8221;][\/et_pb_image][\/et_pb_column][et_pb_column type=&#8221;1_3&#8243; _builder_version=&#8221;4.27.4&#8243; _module_preset=&#8221;default&#8221; global_colors_info=&#8221;{}&#8221;][et_pb_image src=&#8221;https:\/\/saate.es\/wp-content\/uploads\/2025\/03\/cataleg_facana_ventilada_residencials.jpg&#8221; alt=&#8221;Descarregui el cat\u00e0leg d&#8217;Edificis Residencials&#8221; title_text=&#8221;cataleg_facana_ventilada_residencials&#8221; url=&#8221;https:\/\/saate.es\/detalles-tecnicos\/catalogo-fachada-ventilada-residenciales.pdf&#8221; use_overlay=&#8221;on&#8221; overlay_icon_color=&#8221;#6B6B6B&#8221; hover_overlay_color=&#8221;#D6D6D6&#8243; hover_icon=&#8221;&#xf063;||fa||900&#8243; _builder_version=&#8221;4.27.4&#8243; _module_preset=&#8221;default&#8221; background_enable_image=&#8221;off&#8221; background_size=&#8221;contain&#8221; box_shadow_style=&#8221;preset1&#8243; global_colors_info=&#8221;{}&#8221;][\/et_pb_image][\/et_pb_column][et_pb_column type=&#8221;1_3&#8243; _builder_version=&#8221;4.27.4&#8243; _module_preset=&#8221;default&#8221; global_colors_info=&#8221;{}&#8221;][et_pb_image src=&#8221;https:\/\/saate.es\/wp-content\/uploads\/2025\/03\/cataleg_facana_ventilada_no_residencials.jpg&#8221; alt=&#8221;Descarregui el cat\u00e0leg d&#8217;Edificis No Residencials&#8221; title_text=&#8221;cataleg_facana_ventilada_no_residencials&#8221; url=&#8221;https:\/\/saate.es\/detalles-tecnicos\/catalogo-fachada-ventilada-no-residenciales.pdf&#8221; use_overlay=&#8221;on&#8221; overlay_icon_color=&#8221;#6B6B6B&#8221; hover_overlay_color=&#8221;#D6D6D6&#8243; hover_icon=&#8221;&#xf063;||fa||900&#8243; _builder_version=&#8221;4.27.4&#8243; _module_preset=&#8221;default&#8221; background_enable_image=&#8221;off&#8221; background_size=&#8221;contain&#8221; box_shadow_style=&#8221;preset1&#8243; global_colors_info=&#8221;{}&#8221;][\/et_pb_image][\/et_pb_column][\/et_pb_row][et_pb_row _builder_version=&#8221;4.16&#8243; background_size=&#8221;initial&#8221; background_position=&#8221;top_left&#8221; background_repeat=&#8221;repeat&#8221; global_module=&#8221;13084&#8243; global_colors_info=&#8221;{}&#8221;][et_pb_column type=&#8221;4_4&#8243; _builder_version=&#8221;4.16&#8243; custom_padding=&#8221;|||&#8221; global_colors_info=&#8221;{}&#8221; custom_padding__hover=&#8221;|||&#8221;][et_pb_text _builder_version=&#8221;4.27.4&#8243; global_colors_info=&#8221;{}&#8221;]<\/p>\n<h2>Descarrega la nostra documentaci\u00f3 t\u00e8cnica<\/h2>\n<p>[\/et_pb_text][\/et_pb_column][\/et_pb_row][et_pb_row column_structure=&#8221;1_3,1_3,1_3&#8243; disabled_on=&#8221;off|off|off&#8221; _builder_version=&#8221;4.27.4&#8243; _module_preset=&#8221;default&#8221; custom_css_main_element=&#8221;text-align:center;&#8221; global_module=&#8221;13068&#8243; saved_tabs=&#8221;all&#8221; global_colors_info=&#8221;{}&#8221;][et_pb_column type=&#8221;1_3&#8243; _builder_version=&#8221;4.27.4&#8243; _module_preset=&#8221;default&#8221; global_colors_info=&#8221;{}&#8221;][et_pb_image src=&#8221;https:\/\/saate.es\/wp-content\/uploads\/2025\/03\/catalogo-fachada-ventilada-reblo_ca.jpg&#8221; title_text=&#8221;catalogo-fachada-ventilada-reblo_ca&#8221; url=&#8221;https:\/\/saate.es\/detalles-tecnicos\/ficha-tecnica-fachada-ventilada-remache.pdf&#8221; url_new_window=&#8221;on&#8221; use_overlay=&#8221;on&#8221; overlay_icon_color=&#8221;#6b6b6b&#8221; hover_overlay_color=&#8221;#d6d6d6&#8243; hover_icon=&#8221;&#xf063;||fa||900&#8243; _builder_version=&#8221;4.27.4&#8243; _module_preset=&#8221;default&#8221; box_shadow_style=&#8221;preset1&#8243; global_colors_info=&#8221;{}&#8221;][\/et_pb_image][\/et_pb_column][et_pb_column type=&#8221;1_3&#8243; _builder_version=&#8221;4.27.4&#8243; _module_preset=&#8221;default&#8221; global_colors_info=&#8221;{}&#8221;][et_pb_image src=&#8221;https:\/\/saate.es\/wp-content\/uploads\/2025\/03\/catalogo-fachada-ventilada-adhesiu_ca.jpg&#8221; title_text=&#8221;catalogo-fachada-ventilada-adhesiu_ca&#8221; url=&#8221;https:\/\/saate.es\/detalles-tecnicos\/ficha-tecnica-fachada-ventilada-adhesivo.pdf&#8221; url_new_window=&#8221;on&#8221; use_overlay=&#8221;on&#8221; overlay_icon_color=&#8221;#6b6b6b&#8221; hover_overlay_color=&#8221;#d6d6d6&#8243; hover_icon=&#8221;&#xf063;||fa||900&#8243; _builder_version=&#8221;4.27.4&#8243; _module_preset=&#8221;default&#8221; box_shadow_style=&#8221;preset1&#8243; global_colors_info=&#8221;{}&#8221;][\/et_pb_image][\/et_pb_column][et_pb_column type=&#8221;1_3&#8243; _builder_version=&#8221;4.27.4&#8243; _module_preset=&#8221;default&#8221; global_colors_info=&#8221;{}&#8221;][et_pb_image src=&#8221;https:\/\/saate.es\/wp-content\/uploads\/2025\/03\/catalogo-fachada-ventilada-grapa_ca.jpg&#8221; title_text=&#8221;catalogo-fachada-ventilada-grapa_ca&#8221; url=&#8221;https:\/\/saate.es\/detalles-tecnicos\/ficha-tecnica-fachada-ventilada-grapa.pdf&#8221; url_new_window=&#8221;on&#8221; use_overlay=&#8221;on&#8221; overlay_icon_color=&#8221;#6b6b6b&#8221; hover_overlay_color=&#8221;#d6d6d6&#8243; hover_icon=&#8221;&#xf063;||fa||900&#8243; _builder_version=&#8221;4.27.4&#8243; _module_preset=&#8221;default&#8221; box_shadow_style=&#8221;preset1&#8243; global_colors_info=&#8221;{}&#8221;][\/et_pb_image][\/et_pb_column][\/et_pb_row][\/et_pb_section]<\/p>\n","protected":false},"excerpt":{"rendered":"<a href='https:\/\/saate.es\/ca\/sistemes\/facana-ventilada\/fibrociment-hd\/'>Descobriu les fa\u00e7anes ventilades de fibrociment d&#8217;alta densitat a SAATE Premium Building Systems. Oferim solucions duradores i est\u00e8tiques que milloren l&#8217;efici\u00e8ncia energ\u00e8tica del vostre edifici, complint amb els m\u00e9s alts est\u00e0ndards de qualitat i disseny innovador.\n<\/a>... <a href='https:\/\/saate.es\/ca\/sistemes\/facana-ventilada\/fibrociment-hd\/'>Llegir m&eacute;s<\/a>.","protected":false},"author":1,"featured_media":0,"parent":0,"menu_order":0,"comment_status":"closed","ping_status":"closed","template":"","meta":{"_et_pb_use_builder":"on","_et_pb_old_content":"","_et_gb_content_width":"","footnotes":""},"class_list":["post-3476","page","type-page","status-publish"],"_links":{"self":[{"href":"https:\/\/saate.es\/ca\/wp-json\/wp\/v2\/pages\/3476","targetHints":{"allow":["GET"]}}],"collection":[{"href":"https:\/\/saate.es\/ca\/wp-json\/wp\/v2\/pages"}],"about":[{"href":"https:\/\/saate.es\/ca\/wp-json\/wp\/v2\/types\/page"}],"author":[{"embeddable":true,"href":"https:\/\/saate.es\/ca\/wp-json\/wp\/v2\/users\/1"}],"replies":[{"embeddable":true,"href":"https:\/\/saate.es\/ca\/wp-json\/wp\/v2\/comments?post=3476"}],"version-history":[{"count":38,"href":"https:\/\/saate.es\/ca\/wp-json\/wp\/v2\/pages\/3476\/revisions"}],"predecessor-version":[{"id":13241,"href":"https:\/\/saate.es\/ca\/wp-json\/wp\/v2\/pages\/3476\/revisions\/13241"}],"wp:attachment":[{"href":"https:\/\/saate.es\/ca\/wp-json\/wp\/v2\/media?parent=3476"}],"curies":[{"name":"wp","href":"https:\/\/api.w.org\/{rel}","templated":true}]}}