{"id":3495,"date":"2018-02-12T16:15:44","date_gmt":"2018-02-12T16:15:44","guid":{"rendered":"https:\/\/saate.es\/contacto\/"},"modified":"2025-12-14T08:34:11","modified_gmt":"2025-12-14T07:34:11","slug":"contacto","status":"publish","type":"page","link":"https:\/\/saate.es\/ca\/contacte\/","title":{"rendered":"Contacte"},"content":{"rendered":"<p>[et_pb_section fb_built=&#8221;1&#8243; _builder_version=&#8221;4.16&#8243; global_colors_info=&#8221;{}&#8221;][et_pb_row _builder_version=&#8221;4.16&#8243; background_size=&#8221;initial&#8221; background_position=&#8221;top_left&#8221; background_repeat=&#8221;repeat&#8221; global_colors_info=&#8221;{}&#8221;][et_pb_column type=&#8221;4_4&#8243; _builder_version=&#8221;4.16&#8243; custom_padding=&#8221;|||&#8221; global_colors_info=&#8221;{}&#8221; custom_padding__hover=&#8221;|||&#8221;][et_pb_text _builder_version=&#8221;4.27.5&#8243; global_colors_info=&#8221;{}&#8221;]<\/p>\n<h1>El nostre horari<\/h1>\n<div class=\"contact_timetable\">De dilluns a dijous de 9 a 13 hores i de 15 a 18 hores.<br \/>Divendres de 9 a 13 hores i de 15 a 17 hores.<\/div>\n<p>&nbsp;<\/p>\n<p>[\/et_pb_text][et_pb_text disabled_on=&#8221;on|on|on&#8221; _builder_version=&#8221;4.27.5&#8243; disabled=&#8221;on&#8221; global_colors_info=&#8221;{}&#8221;]<\/p>\n<h1>El nostre horari<\/h1>\n<div class=\"contact_timetable\">De dilluns a dijous de 9 a 13 hores i de 15 a 18 hores.<br \/>Divendres de 9 a 13 hores i de 15 a 17 hores.<\/div>\n<p>&nbsp;<\/p>\n<h1>Ubicaci\u00f3<\/h1>\n<div class=\"contact_address\">Vallespir, 8<br \/>08226 Terrassa<\/div>\n<div class=\"contact_phone_mail\">\n<div class=\"contact_phone\">\n<h1>Truqui&#8217;ns<\/h1>\n<div class=\"contact_indent\"><a onclick=\"trackClickEvent('contact','call','llamada',1);\" href=\"tel:+34 937343667\">+34 93 734 36 67<\/a><\/div>\n<\/div>\n<div class=\"contact_mail\">\n<h1>Escriu-nos un correu<\/h1>\n<div class=\"contact_indent\"><a id='contact-mail-1'  onClick='trackClickEmail(\"correo_pagina_contacto\");' rel='nofollow' href='AY.YKSSA@FO3G:FKRGS4@'>AY.YKSSA@FO3G@<\/a><script>deObfuscateEmail(document.getElementById('contact-mail-1'));<\/script><\/div>\n<\/div>\n<\/div>\n<p><br style=\"clear: left;\" \/><br \/><br style=\"clear: left;\" \/><\/p>\n<div id=\"introFormulari\" class=\"intro_formulari\">O, si vol ser contactat pel nostre equip, si us plau ompli el seg\u00fcent formulari i ens posarem en contacte amb vost\u00e8 el m\u00e9s aviat possible.<\/div>\n<div><\/div>\n<div><\/div>\n<p>&nbsp;<\/p>\n<p>[\/et_pb_text][et_pb_text _builder_version=&#8221;4.27.5&#8243; _module_preset=&#8221;default&#8221; global_colors_info=&#8221;{}&#8221;]<\/p>\n<h1>Contacti&#8217;ns en qualsevol de les nostres seus<\/h1>\n<p>[\/et_pb_text][\/et_pb_column][\/et_pb_row][et_pb_row column_structure=&#8221;1_2,1_2&#8243; _builder_version=&#8221;4.27.5&#8243; _module_preset=&#8221;default&#8221; global_colors_info=&#8221;{}&#8221;][et_pb_column type=&#8221;1_2&#8243; _builder_version=&#8221;4.27.5&#8243; _module_preset=&#8221;default&#8221; global_colors_info=&#8221;{}&#8221;][et_pb_text _builder_version=&#8221;4.27.5&#8243; _module_preset=&#8221;default&#8221; global_colors_info=&#8221;{}&#8221;]<\/p>\n<div class=\"contact_address\">\n<p><span style=\"font-size: 32px;\"><strong>Madrid<\/strong><\/span><\/p>\n<p>Cal\u00e9ndula, 93 &#8211; Ed. E &#8211; Miniparc III<br \/>El Soto de la Moraleja<br \/>28109 Alcobendas<br \/><a onclick=\"trackClickEvent('contact','call','llamada',1);\" href=\"tel:+34 911610193\">+34 91 161 01 93<\/a><\/p>\n<\/div>\n<div><\/div>\n<p>[\/et_pb_text][\/et_pb_column][et_pb_column type=&#8221;1_2&#8243; _builder_version=&#8221;4.27.5&#8243; _module_preset=&#8221;default&#8221; global_colors_info=&#8221;{}&#8221;][et_pb_text _builder_version=&#8221;4.27.5&#8243; _module_preset=&#8221;default&#8221; global_colors_info=&#8221;{}&#8221;]<\/p>\n<div class=\"contact_address\">\n<p><span style=\"font-size: 32px;\"><strong>Barcelona<\/strong><\/span><\/p>\n<p>Vallespir, 8<br \/>08226 Terrassa<br \/><a onclick=\"trackClickEvent('contact','call','llamada',1);\" href=\"tel:+34 937343667\">+34 93 734 36 67<\/a><\/p>\n<\/div>\n<p>[\/et_pb_text][\/et_pb_column][\/et_pb_row][et_pb_row _builder_version=&#8221;4.27.5&#8243; _module_preset=&#8221;default&#8221; global_colors_info=&#8221;{}&#8221;][et_pb_column type=&#8221;4_4&#8243; _builder_version=&#8221;4.27.5&#8243; _module_preset=&#8221;default&#8221; global_colors_info=&#8221;{}&#8221;][et_pb_text _builder_version=&#8221;4.27.5&#8243; _module_preset=&#8221;default&#8221; hover_enabled=&#8221;0&#8243; global_colors_info=&#8221;{}&#8221; sticky_enabled=&#8221;0&#8243;]<\/p>\n<p>&nbsp;<\/p>\n<div class=\"contact_mail\">\n<h1>Escrigui&#8217;ns un correu<\/h1>\n<div class=\"contact_indent\" style=\"text-align: center;\"><span style=\"font-size: 16px;\"><a id='contact-mail-1'  onClick='trackClickEmail(\"correo_pagina_contacto\");' rel='nofollow' href='AY.YKSSA@FO3G:FKRGS4@'>AY.YKSSA@FO3G@<\/a><script>deObfuscateEmail(document.getElementById('contact-mail-1'));<\/script><\/span><\/div>\n<\/div>\n<p><br style=\"clear: left;\" \/><br style=\"clear: left;\" \/><\/p>\n<h3 id=\"introFormulari\" class=\"intro_formulari\">O, si vol ser contactat pel nostre equip, si us plau ompli el seg\u00fcent formulari i ens posarem en contacte amb vost\u00e8 el m\u00e9s aviat possible.<\/h3>\n<p>&nbsp;<\/p>\n<p>[\/et_pb_text][et_pb_text _builder_version=&#8221;4.27.4&#8243; global_colors_info=&#8221;{}&#8221;]<\/p>\n\n<div class=\"wpcf7 no-js\" id=\"wpcf7-f3502-o1\" lang=\"es-ES\" dir=\"ltr\" data-wpcf7-id=\"3502\">\n<div class=\"screen-reader-response\"><p role=\"status\" aria-live=\"polite\" aria-atomic=\"true\"><\/p> <ul><\/ul><\/div>\n<form action=\"\/ca\/wp-json\/wp\/v2\/pages\/3495#wpcf7-f3502-o1\" method=\"post\" class=\"wpcf7-form init\" aria-label=\"Formulario de contacto\" novalidate=\"novalidate\" data-status=\"init\">\n<fieldset class=\"hidden-fields-container\"><input type=\"hidden\" name=\"_wpcf7\" value=\"3502\" \/><input type=\"hidden\" name=\"_wpcf7_version\" value=\"6.1.5\" \/><input type=\"hidden\" name=\"_wpcf7_locale\" value=\"es_ES\" \/><input type=\"hidden\" name=\"_wpcf7_unit_tag\" value=\"wpcf7-f3502-o1\" \/><input type=\"hidden\" name=\"_wpcf7_container_post\" value=\"0\" \/><input type=\"hidden\" name=\"_wpcf7_posted_data_hash\" value=\"\" \/>\n<\/fieldset>\n<div id=\"name_email\">\n\t<p><label id='name'> Nom i cognoms <span class='required'>*<\/span><br \/>\n<span class=\"wpcf7-form-control-wrap\" data-name=\"your-name\"><input size=\"40\" maxlength=\"400\" class=\"wpcf7-form-control wpcf7-text wpcf7-validates-as-required\" aria-required=\"true\" aria-invalid=\"false\" value=\"\" type=\"text\" name=\"your-name\" \/><\/span><\/label><label id='email'> Correu <span class='required'>*<\/span><br \/>\n<span class=\"wpcf7-form-control-wrap\" data-name=\"your-email\"><input size=\"40\" maxlength=\"400\" class=\"wpcf7-form-control wpcf7-email wpcf7-validates-as-required wpcf7-text wpcf7-validates-as-email\" aria-required=\"true\" aria-invalid=\"false\" value=\"\" type=\"email\" name=\"your-email\" \/><\/span><\/label><label id='address'> Adre\u00e7a <span class='required'>*<\/span><br \/>\n<span class=\"wpcf7-form-control-wrap\" data-name=\"address\"><input size=\"40\" maxlength=\"400\" class=\"wpcf7-form-control wpcf7-text wpcf7-validates-as-required\" aria-required=\"true\" aria-invalid=\"false\" value=\"\" type=\"text\" name=\"address\" \/><\/span><\/label><label id='city'> Ciutat <span class='required'>*<\/span><br \/>\n<span class=\"wpcf7-form-control-wrap\" data-name=\"city\"><input size=\"40\" maxlength=\"400\" class=\"wpcf7-form-control wpcf7-text wpcf7-validates-as-required\" aria-required=\"true\" aria-invalid=\"false\" value=\"\" type=\"text\" name=\"city\" \/><\/span><\/label><label id='phone'> Tel\u00e8fon<span class='required'>*<\/span><br \/>\n<span class=\"wpcf7-form-control-wrap\" data-name=\"phone\"><input size=\"40\" maxlength=\"400\" class=\"wpcf7-form-control wpcf7-text wpcf7-validates-as-required\" aria-required=\"true\" aria-invalid=\"false\" value=\"\" type=\"text\" name=\"phone\" \/><\/span><\/label>\n\t<\/p>\n<\/div>\n<p><br style=\"clear:both;\" \/><br \/>\n<label id='message'> Missatge <span class='required'>*<\/span><br \/>\n<span class=\"wpcf7-form-control-wrap\" data-name=\"your-message\"><textarea cols=\"40\" rows=\"10\" maxlength=\"2000\" class=\"wpcf7-form-control wpcf7-textarea wpcf7-validates-as-required\" id=\"message\" aria-required=\"true\" aria-invalid=\"false\" name=\"your-message\"><\/textarea><\/span> <\/label><br \/>\n<span id=\"wpcf7-69dedceb83b23-wrapper\" class=\"wpcf7-form-control-wrap email-ca-6-wrap\" style=\"display:none !important; visibility:hidden !important;\"><label for=\"wpcf7-69dedceb83b23-field\" class=\"hp-message\">Por favor, deja este campo vac\u00edo.<\/label><input id=\"wpcf7-69dedceb83b23-field\"  class=\"wpcf7-form-control wpcf7-text\" type=\"text\" name=\"email-ca-6\" value=\"\" size=\"40\" tabindex=\"-1\" autocomplete=\"new-password\" \/><\/span><span class=\"linebreak\"><\/span><br \/>\n<span class=\"wpcf7-form-control-wrap\" data-name=\"acceptance-863\"><span class=\"wpcf7-form-control wpcf7-acceptance\"><span class=\"wpcf7-list-item\"><input type=\"checkbox\" name=\"acceptance-863\" value=\"1\" aria-invalid=\"false\" \/><\/span><\/span><\/span> He llegit i accepto la <a target=\"_new\" href=\"\/ca\/politica-de-privacitat\">'Pol\u00edtica de privacitat'<\/a> aix\u00ed com l'<a target=\"_new\" href=\"\/ca\/avis-legal\">'Av\u00eds Legal'<\/a>.<br \/>\n<input class=\"wpcf7-form-control wpcf7-submit has-spinner et_pb_contact_submit et_pb_button\" type=\"submit\" value=\"Enviar\" \/>\n<\/p><div class=\"wpcf7-response-output\" aria-hidden=\"true\"><\/div>\n<\/form>\n<\/div>\n\n<p>[\/et_pb_text][et_pb_code _builder_version=&#8221;4.26.1&#8243; global_colors_info=&#8221;{}&#8221;]<script><!-- [et_pb_line_break_holder] -->var wpcf7Elm = document.querySelector( '.wpcf7' );<!-- [et_pb_line_break_holder] --> <!-- [et_pb_line_break_holder] -->wpcf7Elm.addEventListener( 'wpcf7mailsent', function( event ) {<!-- [et_pb_line_break_holder] -->    \/\/gtag(\"event\", \"send\", {\"event_category\": \"contact\",\"event_label\": \"formulario_contacto\",\"value\":1})<!-- [et_pb_line_break_holder] -->}, false );<!-- [et_pb_line_break_holder] --><\/script><!-- [et_pb_line_break_holder] --><script><!-- [et_pb_line_break_holder] -->jQuery( document ).ready( function() <!-- [et_pb_line_break_holder] -->{<!-- [et_pb_line_break_holder] -->  if(!cmplz_has_consent(\"marketing\"))<!-- [et_pb_line_break_holder] -->  {<!-- [et_pb_line_break_holder] -->    jQuery('#wpcf7-f3502-p3495-o1').hide();<!-- [et_pb_line_break_holder] -->    jQuery('#introFormulari').hide();    <!-- [et_pb_line_break_holder] -->  }<!-- [et_pb_line_break_holder] -->  else<!-- [et_pb_line_break_holder] -->  {<!-- [et_pb_line_break_holder] -->      jQuery('#wpcf7-f3502-p3495-o1').show();<!-- [et_pb_line_break_holder] -->    jQuery('#introFormulari').show();    <!-- [et_pb_line_break_holder] -->  }<!-- [et_pb_line_break_holder] -->});<!-- [et_pb_line_break_holder] --><\/script>[\/et_pb_code][\/et_pb_column][\/et_pb_row][\/et_pb_section]<\/p>\n","protected":false},"excerpt":{"rendered":"<a href='https:\/\/saate.es\/ca\/contacte\/'>Contacti amb l&#8217;equip SAATE i li oferiran la millor soluci\u00f3 en fa\u00e7anes ventilades, fa\u00e7anes Sate, cobertes passives i cases passives per al seu habitatge.\n<\/a>... <a href='https:\/\/saate.es\/ca\/contacte\/'>Llegir m&eacute;s<\/a>.","protected":false},"author":1,"featured_media":0,"parent":0,"menu_order":0,"comment_status":"closed","ping_status":"closed","template":"","meta":{"_et_pb_use_builder":"on","_et_pb_old_content":"","_et_gb_content_width":"","footnotes":""},"class_list":["post-3495","page","type-page","status-publish"],"_links":{"self":[{"href":"https:\/\/saate.es\/ca\/wp-json\/wp\/v2\/pages\/3495","targetHints":{"allow":["GET"]}}],"collection":[{"href":"https:\/\/saate.es\/ca\/wp-json\/wp\/v2\/pages"}],"about":[{"href":"https:\/\/saate.es\/ca\/wp-json\/wp\/v2\/types\/page"}],"author":[{"embeddable":true,"href":"https:\/\/saate.es\/ca\/wp-json\/wp\/v2\/users\/1"}],"replies":[{"embeddable":true,"href":"https:\/\/saate.es\/ca\/wp-json\/wp\/v2\/comments?post=3495"}],"version-history":[{"count":27,"href":"https:\/\/saate.es\/ca\/wp-json\/wp\/v2\/pages\/3495\/revisions"}],"predecessor-version":[{"id":14311,"href":"https:\/\/saate.es\/ca\/wp-json\/wp\/v2\/pages\/3495\/revisions\/14311"}],"wp:attachment":[{"href":"https:\/\/saate.es\/ca\/wp-json\/wp\/v2\/media?parent=3495"}],"curies":[{"name":"wp","href":"https:\/\/api.w.org\/{rel}","templated":true}]}}