{"id":4568,"date":"2020-08-03T09:44:13","date_gmt":"2020-08-03T07:44:13","guid":{"rendered":"https:\/\/saate.es\/?page_id=4568"},"modified":"2022-07-13T19:17:55","modified_gmt":"2022-07-13T17:17:55","slug":"aviso-legal","status":"publish","type":"page","link":"https:\/\/saate.es\/ca\/avis-legal\/","title":{"rendered":"Av\u00eds Legal"},"content":{"rendered":"<p><strong>Informaci\u00f3 general de la p\u00e0gina<\/strong><\/p>\n<p>Aquesta web \u00e9s una de les web oficials de SAATE, marca comercial d&#8217;envans PLUVIALS SAATE, SL amb NIF B66274887, i t\u00e9 el correu electr\u00f2nic <a id='contact-mail-1'   rel='nofollow' href='AY.YKSSA@FO3G:FKRGS4@'>AY.YKSSA@FO3G@<\/a><script>deObfuscateEmail(document.getElementById('contact-mail-1'));<\/script> com una de les formes de contacte electr\u00f2nic.<\/p>\n<p><strong>Propietat intel\u00b7lectual<\/strong><\/p>\n<p>Els drets de propietat intel\u00b7lectual de la p\u00e0gina saate.es, el seu codi font, disseny, estructura de navegaci\u00f3, base de dades i els diferents elements en ella continguts, s\u00f3n de titularitat de SAATE i \u00e9s a qui li correspon l&#8217;exercici exclusiu els drets d&#8217;explotaci\u00f3 d&#8217;aquests en qualsevol forma i, en especial, els drets de reproducci\u00f3, de distribuci\u00f3, de comunicaci\u00f3 p\u00fablica i de transformaci\u00f3.<br \/>\nLa informaci\u00f3 difosa a la p\u00e0gina \u00e9s titularitat de SAATE i dels seus autors i tenen la consideraci\u00f3 d&#8217;obres protegides de conformitat amb les disposicions de el Reial Decret 1\/1996, de l&#8217;12 d&#8217;abril, per la qual cosa s&#8217;aprova el text ref\u00f3s per la Llei de propietat Intel\u00b7lectual, i resulten igualment d&#8217;aplicaci\u00f3 els tractats intel\u00b7lectuals subscrits en aquest camp.<\/p>\n<p><strong>Condicions d&#8217;\u00fas<\/strong><\/p>\n<p>Aquestes condicions generals regulen l&#8217;acc\u00e9s i la utilitzaci\u00f3 de la p\u00e0gina web saate.es (en endavant la Web), que SAATE posa gratu\u00eftament a disposici\u00f3 dels usuaris d&#8217;Internet. Aquest acc\u00e9s implica la seva acceptaci\u00f3 sense reserves.<br \/>\nL&#8217;usuari es compromet a utilitzar els serveis i la informaci\u00f3 facilitada per SAATE segons els criteris de la bona fe i respectant en tot cas els principis generals d&#8217;\u00fas generalment acceptats i sense contravenir a l&#8217;ordre p\u00fablic i la legislaci\u00f3 vigent.<\/p>\n<p><strong>Usos permesos<\/strong><\/p>\n<p>S&#8217;autoritza la visualitzaci\u00f3, la impressi\u00f3 i la desc\u00e0rrega parcial de el contingut de la web nom\u00e9s si es compleixen les seg\u00fcents condicions:<\/p>\n<p>1. Que sigui compatible amb les finalitat del web.<br \/>\n2. Que es realitzi amb l&#8217;exclusiu \u00e0nim d&#8217;obtenir la informaci\u00f3 continguda per a \u00fas personal i privat o per a la seva distribuci\u00f3, comunicaci\u00f3 p\u00fablica, transformaci\u00f3 o descompilaci\u00f3.<br \/>\n3. Que cap dels continguts relacionats amb la Web siguin modificats de cap manera.<br \/>\n4. Que cap gr\u00e0fic, icona o imatge disponible a la web sigui utilitzat, copiat o distribu\u00eft separadament de el text o de la resta de les imatges que l&#8217;acompanyen.<\/p>\n<p><strong>Reserves de domini<\/strong><\/p>\n<p>SAATE es reserva la facultat d&#8217;efectuar, en qualsevol moment i sense la necessitat de previ av\u00eds, modificacions i actualitzacions de la informaci\u00f3 continguda en la Web, de la configuraci\u00f3 i de la presentaci\u00f3 d&#8217;aquesta i de les condicions d&#8217;acc\u00e9s.<\/p>\n<p><strong>Responsabilitats<\/strong><\/p>\n<p><strong>1. Exenci\u00f3n de responsabilidad para contenido o funcionamiento de la web<\/strong><\/p>\n<p>SAATE no garanteix la inexist\u00e8ncia d&#8217;interrupcions o errors en l&#8217;acc\u00e9s a la Web o al seu contingut, ni que aquest es trobi actualitzat, SAATE realitzar\u00e0 totes aquestes tasques per corregir els errors, restablir les comunicacions i actualitzar els continguts, sempre que no apareguin causes que ho facin impossible o siguin de dif\u00edcil execuci\u00f3, i tan aviat com tinguem not\u00edcia dels errors, de les desconnexions o de la falta d&#8217;actualitzaci\u00f3 en els continguts.<\/p>\n<p><strong>2. Exempci\u00f3 de responsabilitats per l&#8217;\u00fas del lloc web<\/strong><\/p>\n<p>Tant l&#8217;acc\u00e9s a la Web com l&#8217;\u00fas no consentit que es pugui fer de la informaci\u00f3 que cont\u00e9 \u00e9s d&#8217;exclusiva responsabilitat de l&#8217;usuari que ho faci, SAATE no respondr\u00e0 de cap conseq\u00fc\u00e8ncia, dany o perjudici que es pugui derivar d&#8217;aquest acc\u00e9s o \u00fas.<br \/>\nSAATE no es far\u00e0 responsable dels errors de seguretat que es puguin produir ni dels danys que puguin causar a el sistema inform\u00e0tic de l&#8217;usuari (maquinari i programari), o als fitxers o documents emmagatzemats en aquest, com a conseq\u00fc\u00e8ncia de:<\/p>\n<p>1. la pres\u00e8ncia de virus a l&#8217;ordinador de l&#8217;usuari que sigui utilitzat per la connexi\u00f3 als serveis i continguts del web.<br \/>\n2. un mal funcionament del navegador o de l&#8217;\u00fas de les versions no actualitzades. L&#8217;usuari es compromet a utilitzar la p\u00e0gina web, els seus continguts i serveis de conformitat amb la llei i en aquest av\u00eds legal. L&#8217;usuari s&#8217;abstindr\u00e0 en tot moment d&#8217;utilitzar qualsevol de les informacions o serveis amb finalitats il\u00b7l\u00edcites, prohibides o lesives per als interessos de tercers.<\/p>\n<p><strong>Usos prohibits<\/strong><\/p>\n<p>La utilitzaci\u00f3 no autoritzada de la informaci\u00f3 continguda en la Web, la seva revenda, com tamb\u00e9 la lesi\u00f3 de drets de la propietat intel\u00b7lectual o industrial de SAATE donar\u00e0 lloc a les responsabilitats legalment establertes.<br \/>\nTot enlla\u00e7 de tercers a la web ha de ser a la p\u00e0gina principal, i queden expressament prohibits els &#8220;links profunds&#8221;, el &#8220;framing&#8221; i qualsevol altre aprofitament dels contingut de la web a favor de tercers no autoritzats.<\/p>\n<p><strong>Comunicats<\/strong><\/p>\n<p>Els comunicats per part de SAATE, es regeixen sota els seg\u00fcents preceptes:<\/p>\n<p>En aplicaci\u00f3 de la Llei 34\/02 de Serveis de la Societat de la Informaci\u00f3 i de Comer\u00e7 (LSSI-CE), i del &#8220;Reglament General de Protecci\u00f3 de Dades&#8221; a la llei aplicable (Llei Org\u00e0nica 3\/2018, de 5 de desembre , de Protecci\u00f3 de dades Personals i garantia dels drets digitals), estem obligats a comunicar-li que la seva adre\u00e7a de correu podria formar part de les nostres base de dades, formant aix\u00ed part d&#8217;un fitxer automatitzat: de contactes, amb l&#8217;objectiu d&#8217;oferir not\u00edcies de la nostra companyia, i dels nostres productes i serveis, o de clients i \/ o prove\u00efdors amb l&#8217;objectiu de mantenir relacions comunicatives entre la nostra companyia i vost\u00e8.<\/p>\n<p>L&#8217;empresa propiet\u00e0ria i responsable de l&#8217;fitxer \u00e9s envans PLUVIALS SAATE, SL.<\/p>\n<p>Tamb\u00e9 l&#8217;informem que, d&#8217;acord amb &#8220;Reglament General de Protecci\u00f3 de Dades&#8221; a la llei aplicable (Llei Org\u00e0nica 3\/2018, de 5 de desembre, de Protecci\u00f3 de Dades Personals i garantia dels drets digitals), vost\u00e8 t\u00e9 dret d&#8217;acc\u00e9s , rectificaci\u00f3, cancel\u00b7laci\u00f3, limitaci\u00f3, portabilitat i oposici\u00f3, que podr\u00e0 exercitar per carta a ENVANS PLUVIALS SAATE, SL; C \/ Vallespir, 26; 08226 Terrassa o b\u00e9 per correu electr\u00f2nic a <a id='contact-mail-3'   rel='nofollow' href='AY.YKSSA@FO3G:FKRGS4@'>AY.YKSSA@FO3G@<\/a><script>deObfuscateEmail(document.getElementById('contact-mail-3'));<\/script>.<\/p>\n<p>Aix\u00ed mateix pot consultar la nostra politica de privacitat en el seg\u00fcent enlla\u00e7: <a href=\"https:\/\/saate.es\/ca\/politica-de-privacitat\" target=\"_blank\" rel=\"noopener noreferrer\">https:\/\/saate.es\/ca\/politica-de-privacitat<\/a><\/p>\n<p>&nbsp;<\/p>\n","protected":false},"excerpt":{"rendered":"<a href='https:\/\/saate.es\/ca\/avis-legal\/'>Informaci\u00f3 general de la p\u00e0gina Aquesta web \u00e9s una de les web oficials de SAATE, marca comercial d&#8217;envans PLUVIALS SAATE, SL amb NIF B66274887, i t\u00e9 el correu electr\u00f2nic com una de les formes de contacte electr\u00f2nic. Propietat intel\u00b7lectual Els drets de propietat intel\u00b7lectual de la p\u00e0gina saate.es, el seu codi font, disseny, estructura de\n<\/a>... <a href='https:\/\/saate.es\/ca\/avis-legal\/'>Llegir m&eacute;s<\/a>.","protected":false},"author":1,"featured_media":0,"parent":0,"menu_order":0,"comment_status":"closed","ping_status":"closed","template":"","meta":{"_et_pb_use_builder":"","_et_pb_old_content":"","_et_gb_content_width":"","footnotes":""},"class_list":["post-4568","page","type-page","status-publish"],"_links":{"self":[{"href":"https:\/\/saate.es\/ca\/wp-json\/wp\/v2\/pages\/4568","targetHints":{"allow":["GET"]}}],"collection":[{"href":"https:\/\/saate.es\/ca\/wp-json\/wp\/v2\/pages"}],"about":[{"href":"https:\/\/saate.es\/ca\/wp-json\/wp\/v2\/types\/page"}],"author":[{"embeddable":true,"href":"https:\/\/saate.es\/ca\/wp-json\/wp\/v2\/users\/1"}],"replies":[{"embeddable":true,"href":"https:\/\/saate.es\/ca\/wp-json\/wp\/v2\/comments?post=4568"}],"version-history":[{"count":8,"href":"https:\/\/saate.es\/ca\/wp-json\/wp\/v2\/pages\/4568\/revisions"}],"predecessor-version":[{"id":4708,"href":"https:\/\/saate.es\/ca\/wp-json\/wp\/v2\/pages\/4568\/revisions\/4708"}],"wp:attachment":[{"href":"https:\/\/saate.es\/ca\/wp-json\/wp\/v2\/media?parent=4568"}],"curies":[{"name":"wp","href":"https:\/\/api.w.org\/{rel}","templated":true}]}}