{"id":4577,"date":"2020-08-03T13:26:00","date_gmt":"2020-08-03T11:26:00","guid":{"rendered":"https:\/\/saate.es\/?page_id=4577"},"modified":"2025-07-16T22:03:27","modified_gmt":"2025-07-16T20:03:27","slug":"politica-de-privacidad","status":"publish","type":"page","link":"https:\/\/saate.es\/ca\/politica-de-privacitat\/","title":{"rendered":"Pol\u00edtica de privacitat"},"content":{"rendered":"<p><span style=\"font-size: 10pt;\"><em><strong>Data de darrera modificaci\u00f3<\/strong>: 08 d&#8217;Octubre de 2020.<\/em><\/span><\/p>\n<p>ENVANS PLUVIALS SAATE, S.L., amb NIF B66274887, \u00e9s una empresa instal\u00b7ladora de sistemes d&#8217;a\u00efllament t\u00e8rmic per l&#8217;exterior i que t\u00e9 el correu electr\u00f2nic <a id='contact-mail-1'   rel='nofollow' href='AY.YKSSA@FO3G:FKRGS4@'>AY.YKSSA@FO3G@<\/a><script>deObfuscateEmail(document.getElementById('contact-mail-1'));<\/script> como una de las formas de contacto electr\u00f3nico.<\/p>\n<p>Al utilitzar els nostres serveis i\/o accedir als nostres llocs webs, vost\u00e8 reconeix que ha llegit i compr\u00e8s la present pol\u00edtica de privacitat, aix\u00ed com les pr\u00e0ctiques de recopilaci\u00f3 i tractament de la informaci\u00f3 descrites en ella.<\/p>\n<p>Aquesta pol\u00edtica de privacitat s&#8217;ha actualitzat per \u00faltima vegada el 03 d&#8217;Agost de 2020. \u00c9s possible que efectuem canvis en la present pol\u00edtica de privacitat de manera regular; per aix\u00f2, li recomanem que la revisi de forma regular per a mantenir-se informat de qualsevol actualitzaci\u00f3 que es produeixi.<\/p>\n<h2><strong>Resum<\/strong><\/h2>\n<p>Aquesta pol\u00edtica de privacitat descriu en detall la nostra pol\u00edtica i les nostres pr\u00e0ctiques en relaci\u00f3 amb la recopilaci\u00f3, \u00fas i divulgaci\u00f3 de les seves dades personals.<\/p>\n<p>La gesti\u00f3 de les seves dades personals comporta una gran responsabilitat. \u00c9s per aquest motiu, que ens prenem aquest aspecte amb molta serietat i donem la m\u00e0xima prioritat a la seguretat i confidencialitat de la mateixa, ja sigui quan visita els nostres llocs webs, o mitjan\u00e7ant qualsevol altra via de tractament.<\/p>\n<h3><strong> 1.- Recopilaci\u00f3 de les seves dades personals<\/strong><\/h3>\n<p>Com a dades personals s&#8217;ent\u00e9n qualsevol informaci\u00f3 sobre un individu a partir de la qual aquest pot ser identificat, com ara adreces electr\u00f2niques, codis d&#8217;identificaci\u00f3 fiscal (NIF o NIE a nivell d&#8217;Espanya, VAT ID a nivell de la Uni\u00f3 Europea), adreces d&#8217;enviament i facturaci\u00f3, dades banc\u00e0ries i \/ o contrasenya.<\/p>\n<p>Aix\u00f2 no inclou les dades resultants quan la identitat hagi estat eliminada (dades an\u00f2nimes).<\/p>\n<h3><strong> 2.- Com utilitzem les seves dades personals<\/strong><\/h3>\n<p>Utilitzem les dades personals que recollim sobre vost\u00e8 nom\u00e9s per a fins espec\u00edfics.<\/p>\n<p>Aix\u00f2 inclou, per\u00f2 no es limita a, oferir-li els nostres serveis, gestionar el seu registre i compte, incloent el seu acc\u00e9s ai \u00fas dels nostres llocs web, gestionar i facilitar consultes, comunicar-nos amb vost\u00e8 sobre el seu compte o \u00fas del nostre lloc i serveis, respondre a, o realitzar el seguiment dels seus comentaris i preguntes, i de qualsevol altra forma de prestar servei al client, notificar-li canvis en els nostres termes o pol\u00edtica de privacitat, notificar-li promocions i ofertes especials, investigar i evitar les activitats fraudulentes o il\u00b7l\u00edcites, activitats il\u00b7legals o no autoritzades, administrar i protegir el nostre negoci i resoldre litigis o solucionar problemes.<\/p>\n<p>Nom\u00e9s farem servir les seves dades personals d&#8217;acord amb el que estableix la llei. En la majoria dels casos, utilitzarem les seves dades personals en les seg\u00fcents circumst\u00e0ncies:<\/p>\n<ul>\n<li style=\"list-style-type: none;\">\n<ul>\n<li>Quan necessitem executar el contracte que estem a punt de signar o que signi amb nosaltres.<\/li>\n<li>Quan sigui necessari per a la consecuci\u00f3 dels nostres interessos leg\u00edtims (o els d&#8217;un tercer), sempre que aquests interessos no contravinguin els seus interessos ni vulneren els seus drets fonamentals.<\/li>\n<li>Amb el seu consentiment.<\/li>\n<li>Quan necessitem complir una obligaci\u00f3 legal o reglament\u00e0ria.<\/li>\n<\/ul>\n<\/li>\n<\/ul>\n<h4><\/h4>\n<h4><strong>M\u00e0rqueting<\/strong><\/h4>\n<p>Rebr\u00e0 missatges de m\u00e0rqueting nostres si ens ha donat el seu consentiment, si ho ha sol\u00b7licitat o si ha adquirit b\u00e9ns o serveis nostres i si no ha renunciat a rebre missatges de m\u00e0rqueting.<\/p>\n<p>Cada vegada que rep un correu electr\u00f2nic d&#8217;aquesta classe, podr\u00e0 indicar-nos si no desitja rebre&#8217;ls m\u00e9s. Podr\u00e0 cancel\u00b7lar la subscripci\u00f3 de cadascuna d&#8217;aquestes comunicacions de m\u00e0rqueting en qualsevol moment fent clic a l&#8217;enlla\u00e7 de cancel\u00b7laci\u00f3 de subscripci\u00f3.<\/p>\n<p>Utilitzem l&#8217;eina Sendinblue com a gestor de newsletters i la seva pol\u00edtica de privacitat pot ser consultada en aquest enlla\u00e7: <a href=\"https:\/\/es.sendinblue.com\/legal\/privacypolicy\" target=\"_blank\" rel=\"noopener noreferrer\">https:\/\/es.sendinblue.com\/legal\/privacypolicy<\/a><\/p>\n<p>Recordi que pot ser que li seguim enviant comunicacions de serveis i missatges administratius relacionats amb els serveis que vost\u00e8 tingui contractats amb nosaltres o altres d&#8217;inter\u00e8s general sobre la nostra empresa. No \u00e9s possible donar-se de baixa d&#8217;aquestes comunicacions de servei.<\/p>\n<h3><strong>3. Amb qui compartim les seves dades personals<\/strong><\/h3>\n<p>Les dades que ens proporcioni s\u00f3n compartides en aquests \u00e0mbits:<\/p>\n<ul>\n<li style=\"list-style-type: none;\">\n<ul>\n<li>Serveis bancaris i financers:<br \/>\nEn alguns sup\u00f2sits, i sempre sota autoritzaci\u00f3 del client poden demanar dades banc\u00e0ries per a la realitzaci\u00f3 de domiciliacions recurrents dels pagaments relatius als nostres serveis.<br \/>\nAix\u00ed mateix, es poden demanar altres dades financeres per a la realitzaci\u00f3 d&#8217;estudis de viabilitat econ\u00f2mica d&#8217;operacions contractuals.<\/li>\n<li>Registre de garanties de productes:<br \/>\nEs proporcionen les dades b\u00e0siques perqu\u00e8 les garanties dels productes adquirits siguin registrats a nivell de client final.<\/li>\n<\/ul>\n<\/li>\n<\/ul>\n<p>Tamb\u00e9 \u00e9s possible que compartim la seva informaci\u00f3 si considerem, a la nostra total discreci\u00f3, que aquesta divulgaci\u00f3 \u00e9s necess\u00e0ria:<\/p>\n<ul>\n<li style=\"list-style-type: none;\">\n<ul>\n<li>Per a complir amb citacions, ordres judicials o altres processos legals; per a establir o exercir els nostres drets legals; per a defensar-nos de demandes legals; o en altres casos en qu\u00e8 la llei ho exigeixi. En aquests casos, ens reservem el dret de presentar o retirar qualsevol objecci\u00f3 o dret legal qu\u00e8 disposem;<\/li>\n<li>per a investigar, prevenir o prendre mesures pel que fa a les activitats il\u00b7legals o presumptament il\u00b7legals; per a protegir i defensar els drets, la propietat o la seguretat de ENVANS PLUVIALS SAATE, SL, dels nostres clients o de tercers; i en relaci\u00f3 amb les nostres Condicions d&#8217;\u00fas i altres acords.<\/li>\n<\/ul>\n<\/li>\n<\/ul>\n<p>A m\u00e9s d&#8217;aquesta suspensi\u00f3, rebreu una notificaci\u00f3 quan les seves dades personals es vagin a compartir amb tercers, i podr\u00e0 decidir si vol que no compartim aquesta informaci\u00f3.<\/p>\n<h3><strong>4. Quant de temps conservem les seves dades personals<\/strong><\/h3>\n<p>Nom\u00e9s conservarem les seves dades personals el temps necessari per a complir els fins pels quals l&#8217;h\u00e0gim recopilat, inclosos els fins per a satisfer qualsevol requisit legal, comptable i de presentaci\u00f3 d&#8217;informes reglamentaris.<\/p>\n<p>Per a determinar el per\u00edode de retenci\u00f3 apropiat, tenim en compte la quantitat, la naturalesa i el grau de confidencialitat de les dades personals, el risc potencial que pugui ocasionar l&#8217;\u00fas o divulgaci\u00f3 de les seves dades personals, els fins pels quals processem aquestes dades i si podem assolir aquestes finalitats mitjan\u00e7ant altres mitjans, aix\u00ed com les disposicions legals vigents.<\/p>\n<p>Podem conservar certa informaci\u00f3 un cop finalitzada la nostra relaci\u00f3 contractual per exemple, si cal per a complir les nostres obligacions legals o per a exercir, per a mantenir la seguretat, per a impedir fraus i abusos i per a defensar o fer complir els nostres drets.<\/p>\n<p><a id=\"cookies\"><\/a><\/p>\n<h3><a name=\"_Toc517943400\"><\/a> <strong> 5. Cookies<\/strong><\/h3>\n<p>Pot consultar la nostra politica de cookies en el seg\u00fcent <a href=\"https:\/\/saate.es\/ca\/politica-de-cookies-ue\/\" target=\"_blank\" rel=\"noopener\">enlla\u00e7<\/a><\/p>\n<h3><strong>6. Els seus drets<\/strong><\/h3>\n<p>Podr\u00e0 consultar, complementar o actualitzar la informaci\u00f3 que ens hagi facilitat de diverses formes:<\/p>\n<ul style=\"margin-left: 20px;\">\n<li>Si vost\u00e8 s&#8217;ha registrat amb les seves dades a trav\u00e9s d&#8217;una de les nostres p\u00e0gines webs on comercialitzem els nostres productes, podr\u00e0 realitzar aquestes modificacions a trav\u00e9s dels apartats corresponents del seu compte, un cop s&#8217;hagi identificat amb les seves credencials de registre. &lt; \/ li&gt;<\/li>\n<li>Si vost\u00e8 va facilitar les seves dades per altres vies diferents, com ara en paper, correu electr\u00f2nic, etc, podr\u00e0 posar-se en contacte amb nosaltres a trav\u00e9s de correu electr\u00f2nic, formularis de contacte o tel\u00e8fon.<\/li>\n<\/ul>\n<p>D&#8217;acord amb la llei aplicable (\u201cReglamento General de Protecci\u00f3n de Datos\u201d: Ley Org\u00e1nica 3\/2018, de 5 de diciembre, de Protecci\u00f3n de Datos Personales y garant\u00eda de los derechos digitales), vost\u00e8 t\u00e9 dret d&#8217;acc\u00e9s, dret de rectificaci\u00f3, dret de supressi\u00f3, dret de restricci\u00f3 de processament, dret de portabilitat de dades i dret d&#8217;oposici\u00f3. A continuaci\u00f3 pot trobar m\u00e9s detalls i informaci\u00f3 sobre com i quan pot exercir els seus drets. Respondrem a la seva petici\u00f3 sense demora.<\/p>\n<p>D&#8217;acord amb la llei aplicable citada anteriorment, vost\u00e8 pot tenir els seg\u00fcents drets en relaci\u00f3 amb les seves dades personals:<\/p>\n<ul>\n<li style=\"list-style-type: none;\">\n<ul>\n<li>Dret a sol\u00b7licitar acc\u00e9s a les seves dades personals. Aix\u00f2 li permet rebre una c\u00f2pia de les dades personals que conservem sobre vost\u00e8 i comprovar que les processem legalment.<\/li>\n<li>Dret a sol\u00b7licitar la correcci\u00f3 de les seves dades personals si no s\u00f3n precisos. Tamb\u00e9 pot complementar qualsevol dada personal incompleta que tinguem, tenint en compte els objectius del processament.<\/li>\n<li>Dret a sol\u00b7licitar l&#8217;eliminaci\u00f3 de les seves dades personals si:\n<ul>\n<li>les seves dades personals no s\u00f3n necessaries per als fins per als quals els recopilem o processem; o<\/li>\n<li>vost\u00e8 retira el seu consentiment si el processament de les seves dades personals es basa en consentiment i no hi ha cap altre fonament jur\u00eddic; o<\/li>\n<li>vost\u00e8 objecta el processament de les seves dades personals i nosaltres no tenim un motiu leg\u00edtim fonamental per al processament; o<\/li>\n<li>les seves dades personals estan sent processades il\u00b7legalment; o<\/li>\n<li>les seves dades personals s&#8217;han d&#8217;eliminar per al compliment d&#8217;una obligaci\u00f3 legal.<\/li>\n<\/ul>\n<\/li>\n<li>Dret a objectar al processament de les seves dades personals. Complirem la seva petici\u00f3 a menys que tinguem un inter\u00e8s leg\u00edtim fonamental convincent per al processament o necessitem seguir processant les seves dades personals per a establir, exercir o defensar una demanda legal.<\/li>\n<li>Dret a restringir el processament de dades personals si:\n<ul>\n<li style=\"list-style-type: none;\">\n<ul>\n<li>vost\u00e8 q\u00fcestiona la precisi\u00f3 de les seves dades personals, durant el per\u00edode en qu\u00e8 hem de verificar la precisi\u00f3 de les dades personals; o<\/li>\n<li>el processament \u00e9s il\u00b7legal i vost\u00e8 s&#8217;oposa a l&#8217;eliminaci\u00f3 de les seves dades personals i sol\u00b7licita una restricci\u00f3; o<\/li>\n<li>ja no necessitem les seves dades personals a l&#8217;efecte de processament, per\u00f2 vost\u00e8 necessita les seves dades personals per a demandes legals; o<\/li>\n<li>vost\u00e8 ha objectat al processament, durant el per\u00edode en qu\u00e8 hem de verificar els motius leg\u00edtims fonamentals.<\/li>\n<li>Dret a portabilitat de dades. Pot sol\u00b7licitar-nos que rebem les dades personals que l&#8217;afecten. Tamb\u00e9 pot sol\u00b7licitar-nos que enviem aquestes dades personals a un tercer, quan sigui viable. Vost\u00e8 nom\u00e9s t\u00e9 aquest dret si contempla dades personals que ens ha proporcionat, el processament es basa en un consentiment o \u00e9s necessari per a la formalitzaci\u00f3 d&#8217;un contracte entre vost\u00e8 i nosaltres, i el processament es realitza per mitjans automatitzats.<\/li>\n<\/ul>\n<\/li>\n<\/ul>\n<\/li>\n<\/ul>\n<\/li>\n<\/ul>\n<p>Per a exercir la resta dels seus drets pot presentar una sol\u00b7licitud per correu electr\u00f2nic a <a id='contact-mail-2'   rel='nofollow' href='AY.YKSSA@FO3G:FKRGS4@'>AY.YKSSA@FO3G@<\/a><script>deObfuscateEmail(document.getElementById('contact-mail-2'));<\/script>.<\/p>\n<p>No haur\u00e0 de pagar una tarifa per a accedir a les seves dades personals (ni exercir cap dels altres drets descrits en aquesta Pol\u00edtica de privacitat). No obstant aix\u00f2, podrem cobrar una taxa raonable si la seva sol\u00b7licitud \u00e9s manifestament infundada, repetitiva o desmesurada.<\/p>\n<p>Podrem veure&#8217;ns en la necessitat de sol\u00b7licitar-li informaci\u00f3 espec\u00edfica que ens ajudi a confirmar la seva identitat i garantir el seu dret a accedir a les seves dades personals (o a exercir la resta dels seus drets). Aquesta \u00e9s una mesura de seguretat destinada a garantir que les seves dades no es revelin a una altra persona que no tingui dret a rebre-les. En un esfor\u00e7 per agilitzar la nostra resposta, \u00e9s possible que ens posem en contacte amb vost\u00e8 per a demanar-li informaci\u00f3 addicional en relaci\u00f3 amb la seva sol\u00b7licitud.<\/p>\n<h3><\/h3>\n<h3><strong>7. Com protegim seves dades personals<\/strong><\/h3>\n<p>Volem que se senti segur al utilitzar els nostres serveis, i ens comprometem a protegir les dades personals que recopilem. Encara que cap lloc web pot garantir una seguretat perfecta, hem implementat i mantenim mesures f\u00edsiques, administratives, t\u00e8cniques i organitzatives apropiades per a protegir les dades personals que ens proporciona davant l&#8217;acc\u00e8s no autoritzat o il\u00b7legal, la revelaci\u00f3 d&#8217;informaci\u00f3, i contra p\u00e8rdues, danys, alteracions o destruccions accidentals.<\/p>\n<p>Per exemple, nom\u00e9s els empleats autoritzats poden accedir a les dades personals, i nom\u00e9s poden fer-ho per dur a terme funcions empresarials permeses. Aix\u00ed mateix, utilitzem codificaci\u00f3 per transmetre les seves dades personals entre el nostre sistema i el seu, aix\u00ed com entre el nostre sistema i el de les parts amb les que compartim la informaci\u00f3 confidencial; a m\u00e9s, fem servir tallafocs i sistemes de detecci\u00f3 d&#8217;intrusos per evitar que les persones no autoritzades obtinguin acc\u00e9s a les seves dades personals.<\/p>\n<h3><\/h3>\n<h3><strong>8. Informaci\u00f3 relativa a menors d&#8217;edat<\/strong><\/h3>\n<p>Els serveis oferts per JOINSO ja sigui a trav\u00e9s dels seus llocs webs, o pels seus professionals, s\u00f3n serveis i\/o productes per al p\u00fablic en general i no s&#8217;ofereixen serveis dirigits a menors. No recopilem deliberadament dades relacionades amb menors d&#8217;edat. En cas que sapiguem que un menor d&#8217;edat ens ha enviat dades personals, eliminarem o destruirem aquesta informaci\u00f3 tan aviat com sigui raonablement possible.<\/p>\n<h3><\/h3>\n<h3><strong>9. Enlla\u00e7os externs<\/strong><\/h3>\n<p>\u00c9s possible que la nostra web inclogui enlla\u00e7os a llocs web, complements i aplicacions de tercers. Si vost\u00e8 accedeix a altres llocs web des dels enlla\u00e7os proporcionats en el nostre lloc web, els operadors d&#8217;aquests llocs web poden recopilar o compartir informaci\u00f3 sobre vost\u00e8. Aquesta informaci\u00f3 es far\u00e0 servir de conformitat amb la seva pol\u00edtica de privacitat, que podr\u00e0 ser diferent de la nostra. Nosaltres no controlem aquests llocs web de tercers i recomanem que examini les declaracions de privacitat publicades en altres llocs web per a con\u00e8ixer els seus procediments a l&#8217;hora de recopilar, utilitzar i divulgar dades personals.<\/p>\n<h3><\/h3>\n<h3><strong>10. Transfer\u00e8ncies internacionals<\/strong><\/h3>\n<p>Les seves dades personals es poden guardar en o transferir a pa\u00efsos fora de l&#8217;\u00c0rea Econ\u00f2mica Europea per als fins descrits en aquesta Pol\u00edtica de privacitat. Quan guardem o transferim les seves dades personals fora de l&#8217;\u00c0rea Econ\u00f2mica Europea, prenem les precaucions seg\u00fcents per garantir que les seves dades personals es protegeixen degudament.<\/p>\n<p>Sempre que guardem o transferim les seves dades personals fora de l&#8217;\u00c0rea Econ\u00f2mica Europea, ho farem d&#8217;acord amb la llei aplicable i garantirem que es proporciona un grau similar de protecci\u00f3 als mateixos, implementant salvaguardes. Les transfer\u00e8ncies de dades personals es fan:<\/p>\n<ul>\n<li style=\"list-style-type: none;\">\n<ul>\n<li>a pa\u00efsos reconeguts per la Comissi\u00f3 Europea per proporcionar un nivell adequat de protecci\u00f3, o;<\/li>\n<li>a pa\u00efsos que no ofereixen una protecci\u00f3 adequada, per\u00f2 la transfer\u00e8ncia s&#8217;ha regit per les cl\u00e0usules contractuals est\u00e0ndard de la Comissi\u00f3 Europea o mitjan\u00e7ant la implementaci\u00f3 d&#8217;altres solucions de transfer\u00e8ncies transfrontereres apropiades per a proporcionar una protecci\u00f3 adequada.<\/li>\n<\/ul>\n<\/li>\n<\/ul>\n<p>En utilitzar els nostres serveis, vost\u00e8 accepta que les seves dades personals es puguin transferir a les nostres instal\u00b7lacions i a les d&#8217;aquells tercers amb els quals les compartim, tal com es descriu en la present Pol\u00edtica de privacitat.<\/p>\n<h3><strong><a id=\"ia\"><\/a>11. Intel\u00b7lig\u00e8ncia artificial<\/strong><\/h3>\n<p>ENVANS PLUVIALS SAATE, SL utilitza la intel\u00b7lig\u00e8ncia artificial per al desenvolupament i l&#8217;execuci\u00f3 d&#8217;assistents autom\u00e0tics que permeten a l&#8217;usuari preguntar i obtenir resposta sobre els diferents serveis que oferim.<br \/>\nEn cap cas fem servir les vostres dades personals per entrenar la IA, i les dades recopilades a trav\u00e9s de l&#8217;assistent nom\u00e9s usades per establir un contacte comercial amb el client.<br \/>\nLes converses poden ser enregistrades per assegurar la qualitat del servei i introduir millores.<br \/>\nEn cap cas, ha de proporcionar dades personals quan vaig interactuar amb els assistents i tant les ha de proporcionar a trav\u00e9s dels formularis de contacte que s&#8217;indiquin.<\/p>\n<h3><strong>12. Canvis en la present Pol\u00edtica de privacitat<\/strong><\/h3>\n<p>JOINSO pot canviar o modificar aquesta Pol\u00edtica de privacitat de tant en tant. En la primera p\u00e0gina d&#8217;aquesta Pol\u00edtica de privacitat indicarem la data en qu\u00e8 s&#8217;han realitzat les \u00faltimes revisions a la present Pol\u00edtica de privacitat, i totes les revisions tindran efecte immediatament despr\u00e9s de la seva publicaci\u00f3. Notificarem als nostres clients tots els canvis importants que es realitzen a la present Pol\u00edtica de privacitat mitjan\u00e7ant l&#8217;enviament d&#8217;un av\u00eds a l&#8217;adre\u00e7a de correu electr\u00f2nic que ens hagin proporcionat o mitjan\u00e7ant la publicaci\u00f3 d&#8217;un av\u00eds en el nostre lloc web. Li recomanem que consulti la present Pol\u00edtica de privacitat peri\u00f2dicament per a revisar la versi\u00f3 m\u00e9s actual.<\/p>\n<h3><strong>13. Com pot posar-se en contacte amb nosaltres<\/strong><\/h3>\n<p>Si t\u00e9 alguna pregunta o queixa sobre el processament de les seves dades personals per part nostra, pot posar-se en contacte amb nosaltres a \u00a0 <a id='contact-mail-3'   rel='nofollow' href='AY.YKSSA@FO3G:FKRGS4@'>AY.YKSSA@FO3G@<\/a><script>deObfuscateEmail(document.getElementById('contact-mail-3'));<\/script>. \u00a0 Tamb\u00e9 t\u00e9 dret a presentar una reclamaci\u00f3 a l&#8217;autoritat supervisora sobre la forma en qu\u00e8 processem les seves dades personals, per\u00f2 li preguem que en primera inst\u00e0ncia contacti amb nosaltres per a fer-nos c\u00e0rrec dels seus dubtes o preguntes.<\/p>\n<p>Les nostres dades completes de contacte s\u00f3n:<\/p>\n<p>ENVANS PLUVIALS SAATE, S.L.<br \/>\nC.\/Vallespir, 26<br \/>\n08226 Terrasa<\/p>\n<p>A la atenci\u00f3 de: Agente de Privacidad\/Departamento Jur\u00eddico<br \/>\nCorreu electr\u00f2nic: <a id='contact-mail-4'   rel='nofollow' href='AY.YKSSA@FO3G:FKRGS4@'>AY.YKSSA@FO3G@<\/a><script>deObfuscateEmail(document.getElementById('contact-mail-4'));<\/script><\/p>\n<p>&nbsp;<\/p>\n<p>\n<script>\n(function($) {\n    $(document).on(\"cmplzCookieWarningLoaded\", myScriptHandler);\n    function myScriptHandler(consentData) \n    {\n            $('#cc-banner-wrap').css(\"background-color\", \"rgba(0,0,0,0)\");\n    }\n})(jQuery);\n<\/script><\/p>\n","protected":false},"excerpt":{"rendered":"<a href='https:\/\/saate.es\/ca\/politica-de-privacitat\/'>Data de darrera modificaci\u00f3: 08 d&#8217;Octubre de 2020. ENVANS PLUVIALS SAATE, S.L., amb NIF B66274887, \u00e9s una empresa instal\u00b7ladora de sistemes d&#8217;a\u00efllament t\u00e8rmic per l&#8217;exterior i que t\u00e9 el correu electr\u00f2nic como una de las formas de contacto electr\u00f3nico. Al utilitzar els nostres serveis i\/o accedir als nostres llocs webs, vost\u00e8 reconeix que ha llegit\n<\/a>... <a href='https:\/\/saate.es\/ca\/politica-de-privacitat\/'>Llegir m&eacute;s<\/a>.","protected":false},"author":1,"featured_media":0,"parent":0,"menu_order":0,"comment_status":"closed","ping_status":"closed","template":"","meta":{"_et_pb_use_builder":"","_et_pb_old_content":"","_et_gb_content_width":"","footnotes":""},"class_list":["post-4577","page","type-page","status-publish"],"_links":{"self":[{"href":"https:\/\/saate.es\/ca\/wp-json\/wp\/v2\/pages\/4577","targetHints":{"allow":["GET"]}}],"collection":[{"href":"https:\/\/saate.es\/ca\/wp-json\/wp\/v2\/pages"}],"about":[{"href":"https:\/\/saate.es\/ca\/wp-json\/wp\/v2\/types\/page"}],"author":[{"embeddable":true,"href":"https:\/\/saate.es\/ca\/wp-json\/wp\/v2\/users\/1"}],"replies":[{"embeddable":true,"href":"https:\/\/saate.es\/ca\/wp-json\/wp\/v2\/comments?post=4577"}],"version-history":[{"count":16,"href":"https:\/\/saate.es\/ca\/wp-json\/wp\/v2\/pages\/4577\/revisions"}],"predecessor-version":[{"id":14168,"href":"https:\/\/saate.es\/ca\/wp-json\/wp\/v2\/pages\/4577\/revisions\/14168"}],"wp:attachment":[{"href":"https:\/\/saate.es\/ca\/wp-json\/wp\/v2\/media?parent=4577"}],"curies":[{"name":"wp","href":"https:\/\/api.w.org\/{rel}","templated":true}]}}