{"id":86,"date":"2018-02-09T16:42:29","date_gmt":"2018-02-09T16:42:29","guid":{"rendered":"https:\/\/saate.es\/home\/"},"modified":"2025-12-15T12:42:54","modified_gmt":"2025-12-15T11:42:54","slug":"home","status":"publish","type":"page","link":"https:\/\/saate.es\/ca\/","title":{"rendered":"Home"},"content":{"rendered":"<p>[et_pb_section fb_built=&#8221;1&#8243; _builder_version=&#8221;4.16&#8243; global_colors_info=&#8221;{}&#8221;][et_pb_row _builder_version=&#8221;4.16&#8243; background_size=&#8221;initial&#8221; background_position=&#8221;top_left&#8221; background_repeat=&#8221;repeat&#8221; global_colors_info=&#8221;{}&#8221;][et_pb_column type=&#8221;4_4&#8243; _builder_version=&#8221;4.16&#8243; custom_padding=&#8221;|||&#8221; global_colors_info=&#8221;{}&#8221; custom_padding__hover=&#8221;|||&#8221;][et_pb_image src=&#8221;https:\/\/static.saate.es\/wp-content\/uploads\/2018\/02\/saate-portada.jpg&#8221; align_tablet=&#8221;center&#8221; align_phone=&#8221;&#8221; align_last_edited=&#8221;on|desktop&#8221; _builder_version=&#8221;4.17.5&#8243; custom_margin=&#8221;-20px|||&#8221; custom_margin_last_edited=&#8221;off|desktop&#8221; animation_style=&#8221;fade&#8221; always_center_on_mobile=&#8221;on&#8221; global_colors_info=&#8221;{}&#8221;][\/et_pb_image][\/et_pb_column][\/et_pb_row][et_pb_row _builder_version=&#8221;4.16&#8243; background_size=&#8221;initial&#8221; background_position=&#8221;top_left&#8221; background_repeat=&#8221;repeat&#8221; global_colors_info=&#8221;{}&#8221;][et_pb_column type=&#8221;4_4&#8243; _builder_version=&#8221;4.16&#8243; custom_padding=&#8221;|||&#8221; global_colors_info=&#8221;{}&#8221; custom_padding__hover=&#8221;|||&#8221;][et_pb_code disabled_on=&#8221;on|on|on&#8221; _builder_version=&#8221;4.27.4&#8243; disabled=&#8221;on&#8221; global_colors_info=&#8221;{}&#8221;]<\/p>\n<h2 class=\"home_text_section_title\"><!-- [et_pb_line_break_holder] -->SISTEMES D&#8217;A\u00cfLLAMENT T\u00c8RMIC <!\u2013- [et_pb_br_holder] -\u2013><!-- [et_pb_line_break_holder] -->PER L&#8217;EXTERIOR<\/h2>\n<p> <!\u2013- [et_pb_br_holder] -\u2013><!-- [et_pb_line_break_holder] --><\/p>\n<div class = \"home_text_section_content\"><!-- [et_pb_line_break_holder] -->SAATE Premium Building Systems \u00e9s l&#8217;empresa instal\u00b7ladora de refer\u00e8ncia a Catalunya de sistemes d&#8217;a\u00efllament t\u00e8rmic per l&#8217;exterior per a habitatges d&#8217;alta gamma.<!-- [et_pb_line_break_holder] --><\/div>\n<p><!-- [et_pb_line_break_holder] --><\/p>\n<div class = \"home_text_section_content\"><!-- [et_pb_line_break_holder] -->Comptem amb m\u00e9s de dues d\u00e8cades d&#8217;experi\u00e8ncia dedicades a dissenyar i instal\u00b7lar el que mundialment es coneix com els millors sistemes d&#8217;a\u00efllament t\u00e8rmic per l&#8217;exterior per habitatges unifamiliars.<!-- [et_pb_line_break_holder] --><\/div>\n<p><!-- [et_pb_line_break_holder] --><\/p>\n<div class = \"home_text_section_content\"><!-- [et_pb_line_break_holder] -->\u00c9s per aquest motiu que a SAATE nom\u00e9s trobar\u00e0 sistemes Premium:<!-- [et_pb_line_break_holder] --><\/div>\n<p>[\/et_pb_code][et_pb_text disabled_on=&#8221;off|off|off&#8221; _builder_version=&#8221;4.27.5&#8243; _module_preset=&#8221;default&#8221; custom_margin=&#8221;|75px||75px|false|true&#8221; custom_margin_tablet=&#8221;|30px||30px|false|true&#8221; custom_margin_phone=&#8221;|10px||10px|false|true&#8221; custom_margin_last_edited=&#8221;on|phone&#8221; hover_enabled=&#8221;0&#8243; global_colors_info=&#8221;{}&#8221; sticky_enabled=&#8221;0&#8243;]<\/p>\n<h2 class=\"home_text_section_title\" style=\"text-align: center;\">SISTEMES D&#8217;A\u00cfLLAMENT T\u00c8RMIC<br \/>PER L&#8217;EXTERIOR<\/h2>\n<p style=\"text-align: center !important;\">SAATE Premium Building Systems \u00e9s l&#8217;empresa instal\u00b7ladora de refer\u00e8ncia a Madrid i Barcelona de sistemes d&#8217;a\u00efllament t\u00e8rmic per l&#8217;exterior per a habitatges d&#8217;alta gamma.<\/p>\n<p style=\"text-align: center !important;\">Comptem amb m\u00e9s de dues d\u00e8cades d&#8217;experi\u00e8ncia dedicades a dissenyar i instal\u00b7lar el que mundialment es coneix com els millors sistemes d&#8217;a\u00efllament t\u00e8rmic per l&#8217;exterior per habitatges unifamiliars.<\/p>\n<p style=\"text-align: center !important;\">\u00c9s per aquest motiu que a SAATE nom\u00e9s trobar\u00e0 sistemes Premium:<\/p>\n<p>[\/et_pb_text][\/et_pb_column][\/et_pb_row][et_pb_row _builder_version=&#8221;4.16&#8243; module_alignment=&#8221;center&#8221; global_colors_info=&#8221;{}&#8221;][et_pb_column type=&#8221;4_4&#8243; _builder_version=&#8221;4.16&#8243; custom_padding=&#8221;|||&#8221; global_colors_info=&#8221;{}&#8221; custom_padding__hover=&#8221;|||&#8221;][et_pb_code _builder_version=&#8221;4.27.4&#8243; global_colors_info=&#8221;{}&#8221;]<center><!-- [et_pb_line_break_holder] --><\/p>\n<div class=\"bloque_portada\"><!-- [et_pb_line_break_holder] --> <\/p>\n<div class=\"bloque_portada_image\"><!-- [et_pb_line_break_holder] --> <a href=\"\/ca\/sistemes\/facana-ventilada\/\"><!-- [et_pb_line_break_holder] --> <span class=\"et_pb_image_wrap\"><!-- [et_pb_line_break_holder] --> <img loading=\"lazy\" decoding=\"async\" src=\"https:\/\/static.saate.es\/wp-content\/uploads\/2018\/02\/saate-portada3.jpg\" alt=\"Sistema Fa\u00e7ana Ventilada\" class=\"et-waypoint et_pb_animation_off et-animated\" width=\"350\" height=\"240\"><!-- [et_pb_line_break_holder] --> <\/span><!-- [et_pb_line_break_holder] --> <\/a><!-- [et_pb_line_break_holder] --> <\/div>\n<p><!-- [et_pb_line_break_holder] --> <\/p>\n<div class=\"bloque_portada_container\"><!-- [et_pb_line_break_holder] --> <\/p>\n<div class=\"bloque_portada_container\"><!-- [et_pb_line_break_holder] --> <a href=\"\/ca\/sistemes\/facana-ventilada\/\" title=\"Sistema Fa\u00e7ana Ventilada\">FA\u00c7ANA VENTILADA<\/a><!-- [et_pb_line_break_holder] --> <\/div>\n<p> <!-- [et_pb_line_break_holder] --> <\/div>\n<p><!-- [et_pb_line_break_holder] --><\/div>\n<p><!-- [et_pb_line_break_holder] --><\/p>\n<div class=\"bloque_portada\"><!-- [et_pb_line_break_holder] --> <\/p>\n<div class=\"bloque_portada_image\"><!-- [et_pb_line_break_holder] --> <a href=\"\/ca\/sistemes\/facana-sate\/\" title=\"Sistema Fa\u00e7ana SATE\"><!-- [et_pb_line_break_holder] --> <span class=\"et_pb_image_wrap\"><!-- [et_pb_line_break_holder] --> <img loading=\"lazy\" decoding=\"async\" src=\"https:\/\/static.saate.es\/wp-content\/uploads\/2018\/02\/saate-portada2.jpg\" alt=\"Sistema Fa\u00e7ana SATE\" class=\"et-waypoint et_pb_animation_off et-animated\" width=\"350\" height=\"240\"><!-- [et_pb_line_break_holder] --> <\/span><!-- [et_pb_line_break_holder] --> <\/a><!-- [et_pb_line_break_holder] --> <\/div>\n<p><!-- [et_pb_line_break_holder] --> <\/p>\n<div class=\"bloque_portada_container\"><!-- [et_pb_line_break_holder] --> <\/p>\n<div class=\"bloque_portada_container\"><!-- [et_pb_line_break_holder] --> <a href=\"\/ca\/sistemes\/facana-sate\/\">FA\u00c7ANA SATE<\/a><!-- [et_pb_line_break_holder] --> <\/div>\n<p> <!-- [et_pb_line_break_holder] --> <\/div>\n<p><!-- [et_pb_line_break_holder] --><\/div>\n<p><!-- [et_pb_line_break_holder] --><\/p>\n<div class=\"bloque_portada\"><!-- [et_pb_line_break_holder] --> <\/p>\n<div class=\"bloque_portada_image\"><!-- [et_pb_line_break_holder] --> <a href=\"\/ca\/sistemes\/enva-pluvial\/\" title=\"Sistema Tabique Pluvial\"><!-- [et_pb_line_break_holder] --> <span class=\"et_pb_image_wrap\"><!-- [et_pb_line_break_holder] --> <img loading=\"lazy\" decoding=\"async\" src=\"https:\/\/static.saate.es\/wp-content\/uploads\/2025\/02\/portada_tabique_pluvial.jpg\" alt=\"Sistema Tabique Pluvial\" class=\"et-waypoint et_pb_animation_off et-animated\" width=\"350\" height=\"240\"><!-- [et_pb_line_break_holder] --> <\/span><!-- [et_pb_line_break_holder] --> <\/a><!-- [et_pb_line_break_holder] --> <\/div>\n<p><!-- [et_pb_line_break_holder] --> <\/p>\n<div class=\"bloque_portada_container\"><!-- [et_pb_line_break_holder] --> <\/p>\n<div class=\"bloque_portada_container\"><!-- [et_pb_line_break_holder] --> <a href=\"\/ca\/sistemes\/enva-pluvial\/\">ENV\u00c0 PLUVIAL<\/a><!-- [et_pb_line_break_holder] --> <\/div>\n<p> <!-- [et_pb_line_break_holder] --> <\/div>\n<p><!-- [et_pb_line_break_holder] --><\/div>\n<p><!-- [et_pb_line_break_holder] --><\/center>[\/et_pb_code][\/et_pb_column][\/et_pb_row][et_pb_row _builder_version=&#8221;4.16&#8243; background_size=&#8221;initial&#8221; background_position=&#8221;top_left&#8221; background_repeat=&#8221;repeat&#8221; global_colors_info=&#8221;{}&#8221;][et_pb_column type=&#8221;4_4&#8243; _builder_version=&#8221;4.16&#8243; custom_padding=&#8221;|||&#8221; global_colors_info=&#8221;{}&#8221; custom_padding__hover=&#8221;|||&#8221;][et_pb_text _builder_version=&#8221;4.16&#8243; global_colors_info=&#8221;{}&#8221;]<\/p>\n<div class=\"row-fluid\">\n<div class=\"col-xs-12\">\n<div class=\"title\">\n<h2>Qualitat, confort i distinci\u00f3<\/h2>\n<\/div>\n<div class=\"block-text\">\n<p>Assolir el m\u00e0xim confort a la seva llar complint l&#8217;etern desig de singularitat tan ancorat en l&#8217;\u00e9sser hum\u00e0 com el seu propi jo, \u00e9s ara possible gr\u00e0cies als nostres sistemes d&#8217;a\u00efllament t\u00e8rmic per l&#8217;exterior.<\/p>\n<p>Des de 2001, hem dedicat els nostres esfor\u00e7os per aconseguir l&#8217;excel\u00b7l\u00e8ncia en el disseny i instal\u00b7laci\u00f3 de sistemes envoltants de gamma alta per a fa\u00e7anes. Aquest ferm comprom\u00eds amb l&#8217;excel\u00b7l\u00e8ncia ens ha perm\u00e8s assolir el reconeixement i l&#8217;acceptaci\u00f3 dels nostres serveis per part dels nostres exigents clients, majorit\u00e0riament propietaris i arquitectes de primer nivell.<\/p>\n<p>A dia d&#8217;avui, SAATE \u00e9s reconeguda com una de les m\u00e9s prestigioses empreses en el sector en l&#8217;\u00e0mbit nacional. Cada any hem anat ampliant i millorant els serveis que oferim als nostres clients per part dels nostres experimentats instal\u00b7ladors i equip t\u00e8cnic per satisfer l&#8217;atenci\u00f3 personalitzada que els nostres clients requereixen.<\/p>\n<p>&nbsp;<\/p>\n<p>&nbsp;<\/p>\n<\/div>\n<\/div>\n<\/div>\n<div class=\"row-fluid\">\n<div class=\"col-xs-12\">\n<div class=\"title\">\n<h2>Descobreixi la difer\u00e8ncia<\/h2>\n<\/div>\n<div class=\"block-text\">\n<p>Contacti amb SAATE perqu\u00e8 l&#8217;ajudem a trobar la millor soluci\u00f3 per a l&#8217;envoltant del seu habitatge, siguin quines siguin les seves necessitats, l&#8217;experi\u00e8ncia del nostre equip li assegura l&#8217;obtenci\u00f3 del m\u00e0xim profit de la seva inversi\u00f3 en el revestiment de la seva llar.<\/p>\n<p>El convidem a seguir navegant pel nostre lloc web perqu\u00e8 obtingui m\u00e9s informaci\u00f3 sobre els sistemes de primera qualitat que instal\u00b7lem i posem a la seva disposici\u00f3 tot l&#8217;equip de SAATE que estar\u00e0 encantat d&#8217;atendre&#8217;l.<\/p>\n<\/div>\n<\/div>\n<\/div>\n<p>[\/et_pb_text][\/et_pb_column][\/et_pb_row][et_pb_row _builder_version=&#8221;4.27.4&#8243; _module_preset=&#8221;default&#8221; global_colors_info=&#8221;{}&#8221;][et_pb_column type=&#8221;4_4&#8243; _builder_version=&#8221;4.27.4&#8243; _module_preset=&#8221;default&#8221; global_colors_info=&#8221;{}&#8221;][et_pb_text _builder_version=&#8221;4.27.4&#8243; _module_preset=&#8221;default&#8221; global_colors_info=&#8221;{}&#8221;]<\/p>\n<h2>Projectes destacats<\/h2>\n<p>[\/et_pb_text][et_pb_gallery gallery_ids=&#8221;5764,5808,5821,5927,7830,7621,7666,7721&#8243; disabled_on=&#8221;on|off|off&#8221; _builder_version=&#8221;4.27.4&#8243; _module_preset=&#8221;default&#8221; custom_css_free_form=&#8221;selector .et_pb_gallery_pagination {display:inline-block; margin-top:-60px !important;}||selector .et_pb_gallery_pagination ul {text-align:center;}&#8221; global_colors_info=&#8221;{}&#8221;][\/et_pb_gallery][et_pb_gallery gallery_ids=&#8221;5764,5808,5821,5927,7830,7621,7666,7721&#8243; posts_number=&#8221;2&#8243; disabled_on=&#8221;off|on|on&#8221; _builder_version=&#8221;4.27.4&#8243; _module_preset=&#8221;default&#8221; custom_css_free_form=&#8221;selector .et_pb_gallery_pagination {display:inline-block; margin-top:-60px !important;}||selector .et_pb_gallery_pagination ul {text-align:center;}&#8221; global_colors_info=&#8221;{}&#8221;][\/et_pb_gallery][et_pb_button button_text=&#8221;Veure m\u00e9s projectes realitzats&#8221; button_alignment=&#8221;center&#8221; _builder_version=&#8221;4.27.4&#8243; _module_preset=&#8221;default&#8221; custom_css_free_form=&#8221;.et_pb_button_module_wrapper.et_pb_button_alignment_center {margin-top: -40px !important;}&#8221; global_colors_info=&#8221;{}&#8221;][\/et_pb_button][\/et_pb_column][\/et_pb_row][\/et_pb_section]<\/p>\n","protected":false},"excerpt":{"rendered":"<a href='https:\/\/saate.es\/ca\/'>A SAATE Premium Building Systems, som l\u00edders en solucions avan\u00e7ades per a la construcci\u00f3 a Espanya. Oferim sistemes innovadors de desamiantat, a\u00efllament t\u00e8rmic i rehabilitaci\u00f3 de fa\u00e7anes, garantint qualitat i compliment normatiu. Confieu en la nostra experi\u00e8ncia per a projectes segurs i eficients.\n<\/a>... <a href='https:\/\/saate.es\/ca\/'>Llegir m&eacute;s<\/a>.","protected":false},"author":1,"featured_media":0,"parent":0,"menu_order":0,"comment_status":"closed","ping_status":"closed","template":"","meta":{"_et_pb_use_builder":"on","_et_pb_old_content":"","_et_gb_content_width":"","footnotes":""},"class_list":["post-86","page","type-page","status-publish"],"_links":{"self":[{"href":"https:\/\/saate.es\/ca\/wp-json\/wp\/v2\/pages\/86","targetHints":{"allow":["GET"]}}],"collection":[{"href":"https:\/\/saate.es\/ca\/wp-json\/wp\/v2\/pages"}],"about":[{"href":"https:\/\/saate.es\/ca\/wp-json\/wp\/v2\/types\/page"}],"author":[{"embeddable":true,"href":"https:\/\/saate.es\/ca\/wp-json\/wp\/v2\/users\/1"}],"replies":[{"embeddable":true,"href":"https:\/\/saate.es\/ca\/wp-json\/wp\/v2\/comments?post=86"}],"version-history":[{"count":103,"href":"https:\/\/saate.es\/ca\/wp-json\/wp\/v2\/pages\/86\/revisions"}],"predecessor-version":[{"id":14317,"href":"https:\/\/saate.es\/ca\/wp-json\/wp\/v2\/pages\/86\/revisions\/14317"}],"wp:attachment":[{"href":"https:\/\/saate.es\/ca\/wp-json\/wp\/v2\/media?parent=86"}],"curies":[{"name":"wp","href":"https:\/\/api.w.org\/{rel}","templated":true}]}}