{"id":8840,"date":"2025-02-12T17:02:37","date_gmt":"2025-02-12T16:02:37","guid":{"rendered":"https:\/\/saate.es\/tabique-pluvial\/"},"modified":"2025-04-02T08:07:05","modified_gmt":"2025-04-02T06:07:05","slug":"tabique-pluvial","status":"publish","type":"page","link":"https:\/\/saate.es\/ca\/sistemes\/enva-pluvial\/","title":{"rendered":"Env\u00e0 Pluvial"},"content":{"rendered":"<p>[et_pb_section fb_built=&#8221;1&#8243; _builder_version=&#8221;4.16&#8243; global_colors_info=&#8221;{}&#8221;][et_pb_row _builder_version=&#8221;4.27.4&#8243; _module_preset=&#8221;default&#8221;][et_pb_column _builder_version=&#8221;4.27.4&#8243; _module_preset=&#8221;default&#8221; type=&#8221;4_4&#8243;][et_pb_code _builder_version=&#8221;4.27.4&#8243; _module_preset=&#8221;default&#8221; hover_enabled=&#8221;0&#8243; sticky_enabled=&#8221;0&#8243;]<\/p>\n<div itemscope itemtype=\"https:\/\/schema.org\/FAQPage\"><!-- [et_pb_line_break_holder] --><\/p>\n<div itemscope itemprop=\"mainEntity\" itemtype=\"https:\/\/schema.org\/Question\"><!-- [et_pb_line_break_holder] --><\/p>\n<h2 itemprop=\"name\">Qu\u00e8 \u00e9s un env\u00e0 pluvial?<\/h2>\n<p><!-- [et_pb_line_break_holder] --><\/p>\n<div itemscope itemprop=\"acceptedAnswer\" itemtype=\"https:\/\/schema.org\/Answer\"><!-- [et_pb_line_break_holder] --><\/p>\n<div itemprop=\"text\"><!-- [et_pb_line_break_holder] --><pee>L&#8217;env\u00e0 pluvial \u00e9s un sistema d&#8217;a\u00efllament exterior compost per una estructura lleugera, a\u00efllament t\u00e8rmic i un revestiment d&#8217;acabat. S&#8217;utilitza especialment en rehabilitaci\u00f3 de fa\u00e7anes, quan no \u00e9s possible actuar des de l&#8217;interior de l&#8217;habitatge.<!\u2013- [et_pb_br_holder] -\u2013><!-- [et_pb_line_break_holder] -->Aquest sistema protegeix davant de la pluja i la humitat, millora l&#8217;efici\u00e8ncia energ\u00e8tica de l&#8217;edifici i permet renovar la imatge exterior amb m\u00faltiples opcions d&#8217;acabat: panells de fibrociment i perfils de planxa prelacada.<!\u2013- [et_pb_br_holder] -\u2013><!-- [et_pb_line_break_holder] -->A SAATE, desenvolupem i instal\u00b7lem envans pluvials a mida, adaptant-nos a les necessitats del projecte i assegurant una execuci\u00f3 precisa amb acabats d&#8217;alta qualitat. Una soluci\u00f3 t\u00e8cnica efica\u00e7, est\u00e8tica i lleugera, perfecta per millorar fa\u00e7anes sense obres invasives a l&#8217;interior.<!-- [et_pb_line_break_holder] --><\/pee><!-- [et_pb_line_break_holder] --><\/div>\n<p><!-- [et_pb_line_break_holder] --><\/div>\n<p><!-- [et_pb_line_break_holder] --><\/div>\n<p><!-- [et_pb_line_break_holder] --><\/div>\n<p>[\/et_pb_code][\/et_pb_column][\/et_pb_row][et_pb_row column_structure=&#8221;1_2,1_2&#8243; make_equal=&#8221;on&#8221; _builder_version=&#8221;4.27.4&#8243; global_colors_info=&#8221;{}&#8221;][et_pb_column type=&#8221;1_2&#8243; _builder_version=&#8221;4.16&#8243; custom_padding=&#8221;|||&#8221; global_colors_info=&#8221;{}&#8221; custom_padding__hover=&#8221;|||&#8221;][et_pb_image src=&#8221;https:\/\/saate.es\/wp-content\/uploads\/2025\/01\/lisa_fibrocemento1.jpg&#8221; title_text=&#8221;Lisa Fibrocemento1&#8243; _builder_version=&#8221;4.27.4&#8243; _module_preset=&#8221;default&#8221; global_colors_info=&#8221;{}&#8221;][\/et_pb_image][et_pb_image src=&#8221;https:\/\/saate.es\/wp-content\/uploads\/2025\/01\/lisa_fibrocemento3.jpg&#8221; title_text=&#8221;Lisa Fibrocemento3&#8243; _builder_version=&#8221;4.27.4&#8243; _module_preset=&#8221;default&#8221; global_colors_info=&#8221;{}&#8221;][\/et_pb_image][\/et_pb_column][et_pb_column type=&#8221;1_2&#8243; _builder_version=&#8221;4.16&#8243; custom_padding=&#8221;|||&#8221; global_colors_info=&#8221;{}&#8221; custom_padding__hover=&#8221;|||&#8221;][et_pb_text _builder_version=&#8221;4.27.4&#8243; global_colors_info=&#8221;{}&#8221;]<\/p>\n<h2>Descripci\u00f3 del sistema<\/h2>\n<p>&nbsp;<\/p>\n<p>El sistema d&#8217;Env\u00e0 Pluvial est\u00e0 compost per materials i processos dissenyats per proporcionar una soluci\u00f3 eficient en la protecci\u00f3, l&#8217;a\u00efllament i el disseny de fa\u00e7anes exteriors. Els seus elements clau s\u00f3n:<\/p>\n<h3><b>1. Estructura de suport:<\/b><\/h3>\n<p>Sistema de perfils d&#8217;acer galvanitzat, que garanteix una base s\u00f2lida, estable i resistent a les condicions clim\u00e0tiques m\u00e9s exigents.<\/p>\n<h3><b>2. A\u00efllament t\u00e8rmic:<\/b><\/h3>\n<p>Panells de llana de roca o poliestir\u00e8 extrudit (XPS), disponibles en gruixos a partir de 40 mm, que asseguren un rendiment energ\u00e8tic \u00f2ptim i un ambient interior confortable.<\/p>\n<h3><b>3. Revestiment exterior:<\/b><\/h3>\n<p>Quatre opcions de revestiment adaptades a les necessitats del projecte:<\/p>\n<p>&#8211; Placa UltraFlex-SAATE (panells de fibrociment) de 6 mm: Resistents, duradors i disponibles en m\u00faltiples colors i acabats.<br \/>&#8211; Placa P12-SAATE (placa grecada) de 0,6 mm amb planxa prelacada: Disponible en una gamma est\u00e0ndard de colors: blanc, gris, sorra i vermell salm\u00f3. Altres colors estan disponibles sota comanda, amb un cost addicional.<br \/>&#8211; Placa P15-SAATE (placa llibret) de 0,6 mm en planxa prelacada: Disponible en una gamma est\u00e0ndard de colors: blanc, gris, sorra i vermell salm\u00f3. Altres colors estan disponibles sota comanda, amb un cost addicional.<br \/>&#8211; SATE acabat continu: T\u00e9 els avantatges de l&#8217;a\u00efllament t\u00e8rmic per l&#8217;exterior dels sistemes aplacats, per\u00f2 ofereix la possibilitat de l&#8217;acabat llis i continu sense juntes en m\u00e9s de 800 colors a escollir.<\/p>\n<h3><b>4. Sistema de fixaci\u00f3:<\/b><\/h3>\n<p>Ancoratges i cargols dissenyats espec\u00edficament per garantir una instal\u00b7laci\u00f3 segura, estable i duradora.<br \/>Tots els components del sistema treballen en conjunt per proporcionar una instal\u00b7laci\u00f3 eficient, est\u00e8tica i de llarga durabilitat.<\/p>\n<p>&nbsp;<\/p>\n<div class=\"gold_box\"><a href=\"\/ca\/projectes\/enva-pluvial\/\">Veure projectes d&#8217;Env\u00e0 Pluvial<\/a><\/div>\n<p>[\/et_pb_text][\/et_pb_column][\/et_pb_row][et_pb_row _builder_version=&#8221;4.27.4&#8243; _module_preset=&#8221;default&#8221; global_colors_info=&#8221;{}&#8221;][et_pb_column type=&#8221;4_4&#8243; _builder_version=&#8221;4.27.4&#8243; _module_preset=&#8221;default&#8221; global_colors_info=&#8221;{}&#8221;][et_pb_image src=&#8221;https:\/\/saate.es\/wp-content\/uploads\/2025\/01\/pl-fri-22.jpg&#8221; title_text=&#8221;Pl Fri 22&#8243; _builder_version=&#8221;4.27.4&#8243; _module_preset=&#8221;default&#8221; global_colors_info=&#8221;{}&#8221;][\/et_pb_image][\/et_pb_column][\/et_pb_row][et_pb_row column_structure=&#8221;1_2,1_2&#8243; _builder_version=&#8221;4.27.4&#8243; background_size=&#8221;initial&#8221; background_position=&#8221;top_left&#8221; background_repeat=&#8221;repeat&#8221; global_colors_info=&#8221;{}&#8221;][et_pb_column type=&#8221;1_2&#8243; _builder_version=&#8221;4.16&#8243; custom_padding=&#8221;|||&#8221; global_colors_info=&#8221;{}&#8221; custom_padding__hover=&#8221;|||&#8221;][et_pb_text _builder_version=&#8221;4.27.4&#8243; global_colors_info=&#8221;{}&#8221;]<\/p>\n<h2>Fitxa t\u00e8cnica del sistema<\/h2>\n<p>&nbsp;<\/p>\n<p>El Env\u00e0 Pluvial combina una estructura met\u00e0l\u00b7lica d&#8217;acer galvanitzat, a\u00efllament t\u00e8rmic eficient i revestiments exteriors resistents. Les seves especificacions principals s\u00f3n:<\/p>\n<p>&#8211; Estructura base: Perfils d&#8217;acer galvanitzat, robusts i resistents a la corrosi\u00f3.<br \/>&#8211; A\u00efllament t\u00e8rmic continu: Panells de llana de roca o XPS amb gruixos entre 40 mm i 200 mm.<br \/>&#8211; Durabilitat extrema: Materials resistents a impactes, condicions clim\u00e0tiques adverses, fongs i algues.<br \/>&#8211; Estabilitat dimensional: Apte per a la instal\u00b7laci\u00f3 sobre superf\u00edcies irregulars.<\/p>\n<p>&nbsp;<\/p>\n<h2>Aplicacions:<\/h2>\n<p>&#8211; Obra nova: Ideal per a projectes que busquen un disseny contemporani i funcionalitat energ\u00e8tica.<\/p>\n<p>&#8211; Rehabilitaci\u00f3: soluci\u00f3 eficient per renovar fa\u00e7anes, millorant l&#8217;a\u00efllament i el disseny sense grans reformes.<\/p>\n<p>[\/et_pb_text][\/et_pb_column][et_pb_column type=&#8221;1_2&#8243; _builder_version=&#8221;4.16&#8243; custom_padding=&#8221;|||&#8221; global_colors_info=&#8221;{}&#8221; custom_padding__hover=&#8221;|||&#8221;][et_pb_text _builder_version=&#8221;4.27.4&#8243; global_colors_info=&#8221;{}&#8221;]<\/p>\n<h2>Arguments t\u00e8cnics del sistema<\/h2>\n<p>&nbsp;<\/p>\n<p>El sistema d&#8217;Env\u00e0 Pluvial destaca pels seg\u00fcents avantatges:<br \/>&#8211; Protecci\u00f3 davant de les condicions clim\u00e0tiques adverses.<br \/>&#8211; A\u00efllament t\u00e8rmic i ac\u00fastic millorat.<br \/>\u2013 Eliminaci\u00f3 de ponts t\u00e8rmics.<br \/>&#8211; Reducci\u00f3 del consum energ\u00e8tic en climatitzaci\u00f3.<br \/>&#8211; Facilitat de manteniment gr\u00e0cies a materials resistents i duradors.<br \/>&#8211; Resist\u00e8ncia davant de temperatures extremes, vent i humitat.<\/p>\n<p>[\/et_pb_text][\/et_pb_column][\/et_pb_row][et_pb_row _builder_version=&#8221;4.27.4&#8243; background_size=&#8221;initial&#8221; background_position=&#8221;top_left&#8221; background_repeat=&#8221;repeat&#8221; global_colors_info=&#8221;{}&#8221;][et_pb_column type=&#8221;4_4&#8243; _builder_version=&#8221;4.16&#8243; custom_padding=&#8221;|||&#8221; global_colors_info=&#8221;{}&#8221; custom_padding__hover=&#8221;|||&#8221;][et_pb_text _builder_version=&#8221;4.27.4&#8243; global_colors_info=&#8221;{}&#8221;]<\/p>\n<h2>Conclusi\u00f3<\/h2>\n<p>&nbsp;<\/p>\n<p>El sistema d&#8217;Env\u00e0 Pluvial \u00e9s una soluci\u00f3 moderna i eficient per a fa\u00e7anes exteriors. Amb una estructura d&#8217;acer galvanitzat, a\u00efllament t\u00e8rmic a partir de 40 mm i opcions de revestiment en fibrociment, xapa prelacada o SATE acabat continu, \u00e9s ideal tant per a obra nova com per a rehabilitaci\u00f3. Aquest sistema combina funcionalitat, est\u00e8tica i sostenibilitat, oferint una soluci\u00f3 duradora i d&#8217;alta qualitat per a qualsevol projecte arquitect\u00f2nic.<\/p>\n<p>&nbsp;<\/p>\n<p>&nbsp;<\/p>\n<p>&nbsp;<\/p>\n<p>[\/et_pb_text][\/et_pb_column][\/et_pb_row][\/et_pb_section]<\/p>\n","protected":false},"excerpt":{"rendered":"<a href='https:\/\/saate.es\/ca\/sistemes\/enva-pluvial\/'>Descobriu els sistemes d&#8217;env\u00e0 pluvial de SAATE Premium Building Systems, dissenyats per oferir solucions eficients i est\u00e8tiques en la protecci\u00f3 contra la humitat i l&#8217;aigua a fa\u00e7anes. Els nostres sistemes garanteixen qualitat, innovaci\u00f3 i compliment normatiu a cada projecte.\n<\/a>... <a href='https:\/\/saate.es\/ca\/sistemes\/enva-pluvial\/'>Llegir m&eacute;s<\/a>.","protected":false},"author":1,"featured_media":0,"parent":0,"menu_order":0,"comment_status":"closed","ping_status":"closed","template":"","meta":{"_et_pb_use_builder":"on","_et_pb_old_content":"","_et_gb_content_width":"","footnotes":""},"class_list":["post-8840","page","type-page","status-publish"],"_links":{"self":[{"href":"https:\/\/saate.es\/ca\/wp-json\/wp\/v2\/pages\/8840","targetHints":{"allow":["GET"]}}],"collection":[{"href":"https:\/\/saate.es\/ca\/wp-json\/wp\/v2\/pages"}],"about":[{"href":"https:\/\/saate.es\/ca\/wp-json\/wp\/v2\/types\/page"}],"author":[{"embeddable":true,"href":"https:\/\/saate.es\/ca\/wp-json\/wp\/v2\/users\/1"}],"replies":[{"embeddable":true,"href":"https:\/\/saate.es\/ca\/wp-json\/wp\/v2\/comments?post=8840"}],"version-history":[{"count":12,"href":"https:\/\/saate.es\/ca\/wp-json\/wp\/v2\/pages\/8840\/revisions"}],"predecessor-version":[{"id":14117,"href":"https:\/\/saate.es\/ca\/wp-json\/wp\/v2\/pages\/8840\/revisions\/14117"}],"wp:attachment":[{"href":"https:\/\/saate.es\/ca\/wp-json\/wp\/v2\/media?parent=8840"}],"curies":[{"name":"wp","href":"https:\/\/api.w.org\/{rel}","templated":true}]}}